{"id":6478,"date":"2022-04-12T16:56:15","date_gmt":"2022-04-12T16:56:15","guid":{"rendered":"https:\/\/azimexprint.com\/product\/szallitasi-cimkek-tekercsben-102x192-mm-350-db\/"},"modified":"2022-04-12T16:56:15","modified_gmt":"2022-04-12T16:56:15","slug":"szallitasi-cimkek-tekercsben-102x192-mm-350-db","status":"publish","type":"product","link":"https:\/\/azimexprint.com\/hu\/term\u00e9k\/szallitasi-cimkek-tekercsben-102x192-mm-350-db\/","title":{"rendered":"Sz\u00e1ll\u00edt\u00e1si c\u00edmk\u00e9k tekercsben 102&#215;192 mm - 350 db."},"content":{"rendered":"<div class=\"Description_Productinfo\">\n<p><b>Sz\u00e1ll\u00edt\u00e1si c\u00edmk\u00e9k tekercsben 102&#215;192 mm - 350 db<\/b><\/p>\n<p>&nbsp;<\/p>\n<p><b>Nyomtat\u00f3:<\/b> Termoprinter \u00e9s transzfernyomtat\u00f3<\/p>\n<p>&nbsp;<\/p>\n<\/div>\n<div class=\"Description_Productinfo\"><b>M\u0171szaki adatok:<\/b>C\u00edmke form\u00e1tum: 102&#215;192 mm, perfor\u00e1ci\u00f3 az egyes c\u00edmk\u00e9k k\u00f6z\u00f6tt (a c\u00edmk\u00e9k k\u00f6nnyebb kezel\u00e9se).<br \/>\nAnyag: sz\u00fcrke\/fekete nyomtat\u00e1st ad\u00f3 feh\u00e9r c\u00edmkepap\u00edr: Thermo, feh\u00e9r c\u00edmkepap\u00edr<br \/>\nBevonat: A c\u00edmkepap\u00edr k\u00f6z\u00f6ns\u00e9ges h\u0151bevonattal van bevonva.<br \/>\nRagaszt\u00e1si kapacit\u00e1s: (Kaphat\u00f3 fagyaszt\u00f3ragaszt\u00f3val - k\u00e9rj\u00fck, h\u00edvjon))<br \/>\nTekercsel\u00e9s: k\u00fcls\u0151 \u00e1tm\u00e9r\u0151je 110 mm.<\/p>\n<p>A h\u0151c\u00edmk\u00e9k akkor aj\u00e1nlottak, ha a nyomtat\u00f3t nem haszn\u00e1lj\u00e1k olyan gyakran. Ha a nyomtat\u00f3t gyakran haszn\u00e1lj\u00e1k, a nyomtat\u00f3fej jobban elhaszn\u00e1l\u00f3dik, ha a c\u00edmke nincs bevonva. Nyomtat\u00f3 gyakran aj\u00e1nlja helyett\u00fcnk a standard plusz min\u0151s\u00e9get.<\/p>\n<\/div>\n","protected":false},"excerpt":{"rendered":"<p>Itt pontos m\u00e9retekben rendelhet c\u00edmk\u00e9ket, hogy csomagja biztons\u00e1gban \u00e9rkezzen meg.<\/p>\n<p>Gyors sz\u00e1ll\u00edt\u00e1s \u00e9s j\u00f3 term\u00e9kek a megfelel\u0151 \u00e1ron<\/p>\n","protected":false},"featured_media":4705,"template":"","meta":[],"product_brand":[],"product_cat":[183,179,182,177,178,180,176],"product_tag":[],"class_list":{"0":"post-6478","1":"product","2":"type-product","3":"status-publish","4":"has-post-thumbnail","6":"product_cat-on-the-roll-shipping-labels-hu","7":"product_cat-bring-hu","8":"product_cat-dhl-hu-2","9":"product_cat-minden-szallitasi-cimke","10":"product_cat-posten-hu","11":"product_cat-postnord-hu","12":"product_cat-szallitasi-cimkek","14":"first","15":"instock","16":"taxable","17":"shipping-taxable","18":"purchasable","19":"product-type-simple"},"yoast_head":"<!-- This site is optimized with the Yoast SEO plugin v27.4 - https:\/\/yoast.com\/product\/yoast-seo-wordpress\/ -->\n<title>%<\/title>\n<meta name=\"description\" content=\"Itt pontos m\u00e9retekben rendelhet c\u00edmk\u00e9ket, hogy csomagja biztons\u00e1gban \u00e9rkezzen meg. Gyors sz\u00e1ll\u00edt\u00e1s \u00e9s j\u00f3 term\u00e9kek a megfelel\u0151 \u00e1ron%\" \/>\n<meta name=\"robots\" content=\"index, follow, max-snippet:-1, max-image-preview:large, max-video-preview:-1\" \/>\n<link rel=\"canonical\" href=\"https:\/\/azimexprint.com\/hu\/term\u00e9k\/szallitasi-cimkek-tekercsben-102x192-mm-350-db\/\" \/>\n<meta property=\"og:locale\" content=\"hu_HU\" \/>\n<meta property=\"og:type\" content=\"article\" \/>\n<meta property=\"og:title\" content=\"%\" \/>\n<meta property=\"og:description\" content=\"Itt pontos m\u00e9retekben rendelhet c\u00edmk\u00e9ket, hogy csomagja biztons\u00e1gban \u00e9rkezzen meg. Gyors sz\u00e1ll\u00edt\u00e1s \u00e9s j\u00f3 term\u00e9kek a megfelel\u0151 \u00e1ron%\" \/>\n<meta property=\"og:url\" content=\"https:\/\/azimexprint.com\/hu\/term\u00e9k\/szallitasi-cimkek-tekercsben-102x192-mm-350-db\/\" \/>\n<meta property=\"og:site_name\" content=\"AzimexPrint\" \/>\n<meta property=\"og:image\" content=\"https:\/\/azimexprint.com\/wp-content\/uploads\/2022\/04\/pakkelabels-102x192-1.jpg\" \/>\n\t<meta property=\"og:image:width\" content=\"600\" \/>\n\t<meta property=\"og:image:height\" content=\"600\" \/>\n\t<meta property=\"og:image:type\" content=\"image\/jpeg\" \/>\n<meta name=\"twitter:card\" content=\"summary_large_image\" \/>\n<meta name=\"twitter:label1\" content=\"Becs\u00fclt olvas\u00e1si id\u0151\" \/>\n\t<meta name=\"twitter:data1\" content=\"1 perc\" \/>\n<script type=\"application\/ld+json\" class=\"yoast-schema-graph\">{\"@context\":\"https:\\\/\\\/schema.org\",\"@graph\":[{\"@type\":\"WebPage\",\"@id\":\"https:\\\/\\\/azimexprint.com\\\/hu\\\/term\u00e9k\\\/szallitasi-cimkek-tekercsben-102x192-mm-350-db\\\/\",\"url\":\"https:\\\/\\\/azimexprint.com\\\/hu\\\/term\u00e9k\\\/szallitasi-cimkek-tekercsben-102x192-mm-350-db\\\/\",\"name\":\"%\",\"isPartOf\":{\"@id\":\"https:\\\/\\\/azimexprint.com\\\/hu\\\/#website\"},\"primaryImageOfPage\":{\"@id\":\"https:\\\/\\\/azimexprint.com\\\/hu\\\/term\u00e9k\\\/szallitasi-cimkek-tekercsben-102x192-mm-350-db\\\/#primaryimage\"},\"image\":{\"@id\":\"https:\\\/\\\/azimexprint.com\\\/hu\\\/term\u00e9k\\\/szallitasi-cimkek-tekercsben-102x192-mm-350-db\\\/#primaryimage\"},\"thumbnailUrl\":\"https:\\\/\\\/azimexprint.com\\\/wp-content\\\/uploads\\\/2022\\\/04\\\/pakkelabels-102x192-1.jpg\",\"datePublished\":\"2022-04-12T16:56:15+00:00\",\"description\":\"Itt pontos m\u00e9retekben rendelhet c\u00edmk\u00e9ket, hogy csomagja biztons\u00e1gban \u00e9rkezzen meg. Gyors sz\u00e1ll\u00edt\u00e1s \u00e9s j\u00f3 term\u00e9kek a megfelel\u0151 \u00e1ron%\",\"breadcrumb\":{\"@id\":\"https:\\\/\\\/azimexprint.com\\\/hu\\\/term\u00e9k\\\/szallitasi-cimkek-tekercsben-102x192-mm-350-db\\\/#breadcrumb\"},\"inLanguage\":\"hu\",\"potentialAction\":[{\"@type\":\"ReadAction\",\"target\":[\"https:\\\/\\\/azimexprint.com\\\/hu\\\/term\u00e9k\\\/szallitasi-cimkek-tekercsben-102x192-mm-350-db\\\/\"]}]},{\"@type\":\"ImageObject\",\"inLanguage\":\"hu\",\"@id\":\"https:\\\/\\\/azimexprint.com\\\/hu\\\/term\u00e9k\\\/szallitasi-cimkek-tekercsben-102x192-mm-350-db\\\/#primaryimage\",\"url\":\"https:\\\/\\\/azimexprint.com\\\/wp-content\\\/uploads\\\/2022\\\/04\\\/pakkelabels-102x192-1.jpg\",\"contentUrl\":\"https:\\\/\\\/azimexprint.com\\\/wp-content\\\/uploads\\\/2022\\\/04\\\/pakkelabels-102x192-1.jpg\",\"width\":600,\"height\":600},{\"@type\":\"BreadcrumbList\",\"@id\":\"https:\\\/\\\/azimexprint.com\\\/hu\\\/term\u00e9k\\\/szallitasi-cimkek-tekercsben-102x192-mm-350-db\\\/#breadcrumb\",\"itemListElement\":[{\"@type\":\"ListItem\",\"position\":1,\"name\":\"\u00c1ltal\u00e1nos inform\u00e1ci\u00f3k\",\"item\":\"https:\\\/\\\/azimexprint.com\\\/hu\\\/\"},{\"@type\":\"ListItem\",\"position\":2,\"name\":\"Bolt\",\"item\":\"https:\\\/\\\/azimexprint.com\\\/shop-2\\\/\"},{\"@type\":\"ListItem\",\"position\":3,\"name\":\"Sz\u00e1ll\u00edt\u00e1si c\u00edmk\u00e9k tekercsben 102&#215;192 mm &#8211; 350 db.\"}]},{\"@type\":\"WebSite\",\"@id\":\"https:\\\/\\\/azimexprint.com\\\/hu\\\/#website\",\"url\":\"https:\\\/\\\/azimexprint.com\\\/hu\\\/\",\"name\":\"Azimex Print\",\"description\":\"Print\",\"publisher\":{\"@id\":\"https:\\\/\\\/azimexprint.com\\\/hu\\\/#organization\"},\"alternateName\":\"Azimex\",\"potentialAction\":[{\"@type\":\"SearchAction\",\"target\":{\"@type\":\"EntryPoint\",\"urlTemplate\":\"https:\\\/\\\/azimexprint.com\\\/hu\\\/?s={search_term_string}\"},\"query-input\":{\"@type\":\"PropertyValueSpecification\",\"valueRequired\":true,\"valueName\":\"search_term_string\"}}],\"inLanguage\":\"hu\"},{\"@type\":\"Organization\",\"@id\":\"https:\\\/\\\/azimexprint.com\\\/hu\\\/#organization\",\"name\":\"Azimex Print\",\"alternateName\":\"Azimex\",\"url\":\"https:\\\/\\\/azimexprint.com\\\/hu\\\/\",\"logo\":{\"@type\":\"ImageObject\",\"inLanguage\":\"hu\",\"@id\":\"https:\\\/\\\/azimexprint.com\\\/hu\\\/#\\\/schema\\\/logo\\\/image\\\/\",\"url\":\"https:\\\/\\\/azimexprint.com\\\/wp-content\\\/uploads\\\/2022\\\/03\\\/Azimex-logo.png\",\"contentUrl\":\"https:\\\/\\\/azimexprint.com\\\/wp-content\\\/uploads\\\/2022\\\/03\\\/Azimex-logo.png\",\"width\":500,\"height\":142,\"caption\":\"Azimex Print\"},\"image\":{\"@id\":\"https:\\\/\\\/azimexprint.com\\\/hu\\\/#\\\/schema\\\/logo\\\/image\\\/\"}}]}<\/script>\n<!-- \/ Yoast SEO plugin. -->","yoast_head_json":{"title":"%","description":"Itt pontos m\u00e9retekben rendelhet c\u00edmk\u00e9ket, hogy csomagja biztons\u00e1gban \u00e9rkezzen meg. Gyors sz\u00e1ll\u00edt\u00e1s \u00e9s j\u00f3 term\u00e9kek a megfelel\u0151 \u00e1ron%","robots":{"index":"index","follow":"follow","max-snippet":"max-snippet:-1","max-image-preview":"max-image-preview:large","max-video-preview":"max-video-preview:-1"},"canonical":"https:\/\/azimexprint.com\/hu\/term\u00e9k\/szallitasi-cimkek-tekercsben-102x192-mm-350-db\/","og_locale":"hu_HU","og_type":"article","og_title":"%","og_description":"Itt pontos m\u00e9retekben rendelhet c\u00edmk\u00e9ket, hogy csomagja biztons\u00e1gban \u00e9rkezzen meg. Gyors sz\u00e1ll\u00edt\u00e1s \u00e9s j\u00f3 term\u00e9kek a megfelel\u0151 \u00e1ron%","og_url":"https:\/\/azimexprint.com\/hu\/term\u00e9k\/szallitasi-cimkek-tekercsben-102x192-mm-350-db\/","og_site_name":"AzimexPrint","og_image":[{"width":600,"height":600,"url":"https:\/\/azimexprint.com\/wp-content\/uploads\/2022\/04\/pakkelabels-102x192-1.jpg","type":"image\/jpeg"}],"twitter_card":"summary_large_image","twitter_misc":{"Becs\u00fclt olvas\u00e1si id\u0151":"1 perc"},"schema":{"@context":"https:\/\/schema.org","@graph":[{"@type":"WebPage","@id":"https:\/\/azimexprint.com\/hu\/term\u00e9k\/szallitasi-cimkek-tekercsben-102x192-mm-350-db\/","url":"https:\/\/azimexprint.com\/hu\/term\u00e9k\/szallitasi-cimkek-tekercsben-102x192-mm-350-db\/","name":"%","isPartOf":{"@id":"https:\/\/azimexprint.com\/hu\/#website"},"primaryImageOfPage":{"@id":"https:\/\/azimexprint.com\/hu\/term\u00e9k\/szallitasi-cimkek-tekercsben-102x192-mm-350-db\/#primaryimage"},"image":{"@id":"https:\/\/azimexprint.com\/hu\/term\u00e9k\/szallitasi-cimkek-tekercsben-102x192-mm-350-db\/#primaryimage"},"thumbnailUrl":"https:\/\/azimexprint.com\/wp-content\/uploads\/2022\/04\/pakkelabels-102x192-1.jpg","datePublished":"2022-04-12T16:56:15+00:00","description":"Itt pontos m\u00e9retekben rendelhet c\u00edmk\u00e9ket, hogy csomagja biztons\u00e1gban \u00e9rkezzen meg. Gyors sz\u00e1ll\u00edt\u00e1s \u00e9s j\u00f3 term\u00e9kek a megfelel\u0151 \u00e1ron%","breadcrumb":{"@id":"https:\/\/azimexprint.com\/hu\/term\u00e9k\/szallitasi-cimkek-tekercsben-102x192-mm-350-db\/#breadcrumb"},"inLanguage":"hu","potentialAction":[{"@type":"ReadAction","target":["https:\/\/azimexprint.com\/hu\/term\u00e9k\/szallitasi-cimkek-tekercsben-102x192-mm-350-db\/"]}]},{"@type":"ImageObject","inLanguage":"hu","@id":"https:\/\/azimexprint.com\/hu\/term\u00e9k\/szallitasi-cimkek-tekercsben-102x192-mm-350-db\/#primaryimage","url":"https:\/\/azimexprint.com\/wp-content\/uploads\/2022\/04\/pakkelabels-102x192-1.jpg","contentUrl":"https:\/\/azimexprint.com\/wp-content\/uploads\/2022\/04\/pakkelabels-102x192-1.jpg","width":600,"height":600},{"@type":"BreadcrumbList","@id":"https:\/\/azimexprint.com\/hu\/term\u00e9k\/szallitasi-cimkek-tekercsben-102x192-mm-350-db\/#breadcrumb","itemListElement":[{"@type":"ListItem","position":1,"name":"\u00c1ltal\u00e1nos inform\u00e1ci\u00f3k","item":"https:\/\/azimexprint.com\/hu\/"},{"@type":"ListItem","position":2,"name":"Bolt","item":"https:\/\/azimexprint.com\/shop-2\/"},{"@type":"ListItem","position":3,"name":"Sz\u00e1ll\u00edt\u00e1si c\u00edmk\u00e9k tekercsben 102&#215;192 mm &#8211; 350 db."}]},{"@type":"WebSite","@id":"https:\/\/azimexprint.com\/hu\/#website","url":"https:\/\/azimexprint.com\/hu\/","name":"Azimex Print","description":"Print","publisher":{"@id":"https:\/\/azimexprint.com\/hu\/#organization"},"alternateName":"Azimex","potentialAction":[{"@type":"SearchAction","target":{"@type":"EntryPoint","urlTemplate":"https:\/\/azimexprint.com\/hu\/?s={search_term_string}"},"query-input":{"@type":"PropertyValueSpecification","valueRequired":true,"valueName":"search_term_string"}}],"inLanguage":"hu"},{"@type":"Organization","@id":"https:\/\/azimexprint.com\/hu\/#organization","name":"Azimex Print","alternateName":"Azimex","url":"https:\/\/azimexprint.com\/hu\/","logo":{"@type":"ImageObject","inLanguage":"hu","@id":"https:\/\/azimexprint.com\/hu\/#\/schema\/logo\/image\/","url":"https:\/\/azimexprint.com\/wp-content\/uploads\/2022\/03\/Azimex-logo.png","contentUrl":"https:\/\/azimexprint.com\/wp-content\/uploads\/2022\/03\/Azimex-logo.png","width":500,"height":142,"caption":"Azimex Print"},"image":{"@id":"https:\/\/azimexprint.com\/hu\/#\/schema\/logo\/image\/"}}]}},"_links":{"self":[{"href":"https:\/\/azimexprint.com\/hu\/wp-json\/wp\/v2\/product\/6478","targetHints":{"allow":["GET"]}}],"collection":[{"href":"https:\/\/azimexprint.com\/hu\/wp-json\/wp\/v2\/product"}],"about":[{"href":"https:\/\/azimexprint.com\/hu\/wp-json\/wp\/v2\/types\/product"}],"wp:featuredmedia":[{"embeddable":true,"href":"https:\/\/azimexprint.com\/hu\/wp-json\/wp\/v2\/media\/4705"}],"wp:attachment":[{"href":"https:\/\/azimexprint.com\/hu\/wp-json\/wp\/v2\/media?parent=6478"}],"wp:term":[{"taxonomy":"product_brand","embeddable":true,"href":"https:\/\/azimexprint.com\/hu\/wp-json\/wp\/v2\/product_brand?post=6478"},{"taxonomy":"product_cat","embeddable":true,"href":"https:\/\/azimexprint.com\/hu\/wp-json\/wp\/v2\/product_cat?post=6478"},{"taxonomy":"product_tag","embeddable":true,"href":"https:\/\/azimexprint.com\/hu\/wp-json\/wp\/v2\/product_tag?post=6478"}],"curies":[{"name":"wp","href":"https:\/\/api.w.org\/{rel}","templated":true}]}}