{"id":16047,"date":"2025-08-27T10:32:48","date_gmt":"2025-08-27T10:32:48","guid":{"rendered":"https:\/\/azimexprint.com\/?post_type=product&#038;p=16047"},"modified":"2025-08-28T08:49:00","modified_gmt":"2025-08-28T08:49:00","slug":"a4-189-cimkek-254-x-10-mm-azimex-cimkek-a4-es-iven-189-cimke-feher-papir-100-iv-doboz-copy","status":"publish","type":"product","link":"https:\/\/azimexprint.com\/hu\/term\u00e9k\/a4-189-cimkek-254-x-10-mm-azimex-cimkek-a4-es-iven-189-cimke-feher-papir-100-iv-doboz-copy\/","title":{"rendered":"A4-189 c\u00edmk\u00e9k, 25,4 x 10 mm, Azimex c\u00edmk\u00e9k A4-es \u00edven, 189 c\u00edmke, t\u00f6bb sz\u00edn\u0171 neon pap\u00edr, 100 \u00edv\/doboz"},"content":{"rendered":"<p data-start=\"0\" data-end=\"292\">Az A\/4-es m\u00e9ret\u0171, \u00edves etikett c\u00edmk\u00e9k haszn\u00e1lata ide\u00e1lis v\u00e1laszt\u00e1s azok sz\u00e1m\u00e1ra, akiknek id\u0151r\u0151l-id\u0151re sz\u00fcks\u00e9g\u00fck van nyomtatott c\u00edmk\u00e9kre, de m\u00e9gsem szeretn\u00e9nek professzion\u00e1lis, tekercses c\u00edmkenyomtat\u00f3t v\u00e1s\u00e1rolni. Ezek a term\u00e9kek t\u00f6bb darabra osztott, szabv\u00e1nyos A\/4-es m\u00e9ret\u0171 \u00edveken ker\u00fclnek kiszerel\u00e9sre, \u00e9s k\u00f6nnyen szem\u00e9lyre szabhat\u00f3ak b\u00e1rmilyen tartalommal - legyen sz\u00f3 k\u00e9pr\u0151l, sz\u00f6vegr\u0151l vagy ak\u00e1r vonalk\u00f3dr\u00f3l. Ez a rugalmass\u00e1g teszi \u0151ket sokoldal\u00fav\u00e1, \u00edgy kiv\u00e1l\u00f3an alkalmasak otthoni kreat\u00edv projektekhez, irodai rendszerez\u00e9shez vagy ak\u00e1r kisebb term\u00e9ksz\u00e9ri\u00e1k c\u00edmk\u00e9z\u00e9s\u00e9hez is. <\/p>\n<p data-start=\"294\" data-end=\"340\">Leggyakoribb felhaszn\u00e1l\u00e1suk:<\/p>\n<p data-start=\"294\" data-end=\"340\"><strong data-start=\"345\" data-end=\"363\">Post\u00e1z\u00e1s <\/strong>\u2013 felad\u00f3i inform\u00e1ci\u00f3k, c\u00edmek r\u00f6gz\u00edt\u00e9s\u00e9hez<\/p>\n<p><strong data-start=\"437\" data-end=\"455\">Term\u00e9kc\u00edmk\u00e9z\u00e9s \u00e9s k\u00e9szletkezel\u00e9s <\/strong>\u2013 nevek, \u00e1rak, vonalk\u00f3dok, \u00f6sszetev\u0151list\u00e1k<\/p>\n<p><strong data-start=\"529\" data-end=\"550\">Irodai vagy otthoni rendszerez\u00e9s<\/strong> \u2013 mapp\u00e1k, dobozok, t\u00e1rol\u00f3k jel\u00f6l\u00e9s\u00e9re<\/p>\n<p><strong data-start=\"628\" data-end=\"647\">Sz\u00e1ll\u00edtm\u00e1nyoz\u00e1s <\/strong>\u2013 vev\u0151i c\u00edmek, sz\u00e1ll\u00edt\u00e1si, kezel\u00e9si inform\u00e1ci\u00f3k r\u00f6gz\u00edt\u00e9s\u00e9hez<\/p>\n<p><strong data-start=\"717\" data-end=\"735\">Vonalk\u00f3dc\u00edmk\u00e9k<\/strong> - lelt\u00e1rkezel\u00e9shez \u00e9s kiskereskedelmi c\u00e9lokra<\/p>\n<p><strong data-start=\"787\" data-end=\"805\">Figyelmeztet\u0151 c\u00edmk\u00e9k<\/strong> - A munkahelyi biztons\u00e1g vagy megfelel\u0151s\u00e9g \u00e9rdek\u00e9ben, p\u00e9ld\u00e1ul vesz\u00e9lyszimb\u00f3lumok vagy utas\u00edt\u00e1sok megjelen\u00edt\u00e9s\u00e9re<\/p>\n<p>&nbsp;<\/p>\n<p data-start=\"889\" data-end=\"1031\">Ezek a c\u00edmk\u00e9k k\u00fcl\u00f6nb\u00f6z\u0151 form\u00e1kban - leggyakrabban n\u00e9gyzet \u00e9s k\u00f6r alak\u00fa v\u00e1ltozatban - valamint sz\u00e1mos m\u00e9retben el\u00e9rhet\u0151ek. <strong>L\u00e9zeres \u00e9s tintasugaras nyomtat\u00f3kkal egyar\u00e1nt kompatibilisek<\/strong>, \u00edgy sokoldal\u00faan haszn\u00e1lhat\u00f3ak irodai vagy otthoni nyomtat\u00e1shoz is.<\/p>\n<p>&nbsp;<\/p>\n","protected":false},"excerpt":{"rendered":"<div id=\"ts-body\">\n<div class=\"css-52 \">\n<div id=\"ContentContainer\">\n<div id=\"Lookup\" class=\"ts-pivot-lookup-component\">\n<div class=\"ms-Grid ts-grid\">\n<div class=\"ms-Grid-row\">\n<div class=\"ts-translation-menu\"><\/div>\n<\/div>\n<div class=\"ms-Grid-row\">\n<div class=\"ts-textfield-container \" lang=\"en\">\n<div class=\"ts-alignment-view-container\">\n<div id=\"ts-alignment-view-idtgt\" class=\"ts-alignment-view ms-font-m ts-alignment-view-tgt ts-ltr-left-zero\" aria-hidden=\"false\">\n<div role=\"label\"><\/div>\n<\/div>\n<\/div>\n<\/div>\n<\/div>\n<\/div>\n<\/div>\n<\/div>\n<\/div>\n<\/div>\n","protected":false},"featured_media":12416,"template":"","meta":[],"product_brand":[],"product_cat":[162,336],"product_tag":[],"class_list":{"0":"post-16047","1":"product","2":"type-product","3":"status-publish","4":"has-post-thumbnail","6":"product_cat-laptarcsak","7":"product_cat-neon-colored-hu","9":"first","10":"instock","11":"taxable","12":"shipping-taxable","13":"purchasable","14":"product-type-variable","15":"rtwpvg-product"},"yoast_head":"<!-- This site is optimized with the Yoast SEO plugin v27.4 - https:\/\/yoast.com\/product\/yoast-seo-wordpress\/ -->\n<title>%<\/title>\n<meta name=\"description\" content=\"%\" \/>\n<meta name=\"robots\" content=\"index, follow, max-snippet:-1, max-image-preview:large, max-video-preview:-1\" \/>\n<link rel=\"canonical\" href=\"https:\/\/azimexprint.com\/hu\/term\u00e9k\/a4-189-cimkek-254-x-10-mm-azimex-cimkek-a4-es-iven-189-cimke-feher-papir-100-iv-doboz-copy\/\" \/>\n<meta property=\"og:locale\" content=\"hu_HU\" \/>\n<meta property=\"og:type\" content=\"article\" \/>\n<meta property=\"og:title\" content=\"%\" \/>\n<meta property=\"og:description\" content=\"%\" \/>\n<meta property=\"og:url\" content=\"https:\/\/azimexprint.com\/hu\/term\u00e9k\/a4-189-cimkek-254-x-10-mm-azimex-cimkek-a4-es-iven-189-cimke-feher-papir-100-iv-doboz-copy\/\" \/>\n<meta property=\"og:site_name\" content=\"AzimexPrint\" \/>\n<meta property=\"article:modified_time\" content=\"2025-08-28T08:49:00+00:00\" \/>\n<meta property=\"og:image\" content=\"https:\/\/azimexprint.com\/wp-content\/uploads\/2025\/05\/254x10-1-scaled.jpg\" \/>\n\t<meta property=\"og:image:width\" content=\"1838\" \/>\n\t<meta property=\"og:image:height\" content=\"2560\" \/>\n\t<meta property=\"og:image:type\" content=\"image\/jpeg\" \/>\n<meta name=\"twitter:card\" content=\"summary_large_image\" \/>\n<meta name=\"twitter:label1\" content=\"Becs\u00fclt olvas\u00e1si id\u0151\" \/>\n\t<meta name=\"twitter:data1\" content=\"1 perc\" \/>\n<script type=\"application\/ld+json\" class=\"yoast-schema-graph\">{\"@context\":\"https:\\\/\\\/schema.org\",\"@graph\":[{\"@type\":\"WebPage\",\"@id\":\"https:\\\/\\\/azimexprint.com\\\/hu\\\/term\u00e9k\\\/a4-189-cimkek-254-x-10-mm-azimex-cimkek-a4-es-iven-189-cimke-feher-papir-100-iv-doboz-copy\\\/\",\"url\":\"https:\\\/\\\/azimexprint.com\\\/hu\\\/term\u00e9k\\\/a4-189-cimkek-254-x-10-mm-azimex-cimkek-a4-es-iven-189-cimke-feher-papir-100-iv-doboz-copy\\\/\",\"name\":\"%\",\"isPartOf\":{\"@id\":\"https:\\\/\\\/azimexprint.com\\\/hu\\\/#website\"},\"primaryImageOfPage\":{\"@id\":\"https:\\\/\\\/azimexprint.com\\\/hu\\\/term\u00e9k\\\/a4-189-cimkek-254-x-10-mm-azimex-cimkek-a4-es-iven-189-cimke-feher-papir-100-iv-doboz-copy\\\/#primaryimage\"},\"image\":{\"@id\":\"https:\\\/\\\/azimexprint.com\\\/hu\\\/term\u00e9k\\\/a4-189-cimkek-254-x-10-mm-azimex-cimkek-a4-es-iven-189-cimke-feher-papir-100-iv-doboz-copy\\\/#primaryimage\"},\"thumbnailUrl\":\"https:\\\/\\\/azimexprint.com\\\/wp-content\\\/uploads\\\/2025\\\/05\\\/254x10-1-scaled.jpg\",\"datePublished\":\"2025-08-27T10:32:48+00:00\",\"dateModified\":\"2025-08-28T08:49:00+00:00\",\"description\":\"%\",\"breadcrumb\":{\"@id\":\"https:\\\/\\\/azimexprint.com\\\/hu\\\/term\u00e9k\\\/a4-189-cimkek-254-x-10-mm-azimex-cimkek-a4-es-iven-189-cimke-feher-papir-100-iv-doboz-copy\\\/#breadcrumb\"},\"inLanguage\":\"hu\",\"potentialAction\":[{\"@type\":\"ReadAction\",\"target\":[\"https:\\\/\\\/azimexprint.com\\\/hu\\\/term\u00e9k\\\/a4-189-cimkek-254-x-10-mm-azimex-cimkek-a4-es-iven-189-cimke-feher-papir-100-iv-doboz-copy\\\/\"]}]},{\"@type\":\"ImageObject\",\"inLanguage\":\"hu\",\"@id\":\"https:\\\/\\\/azimexprint.com\\\/hu\\\/term\u00e9k\\\/a4-189-cimkek-254-x-10-mm-azimex-cimkek-a4-es-iven-189-cimke-feher-papir-100-iv-doboz-copy\\\/#primaryimage\",\"url\":\"https:\\\/\\\/azimexprint.com\\\/wp-content\\\/uploads\\\/2025\\\/05\\\/254x10-1-scaled.jpg\",\"contentUrl\":\"https:\\\/\\\/azimexprint.com\\\/wp-content\\\/uploads\\\/2025\\\/05\\\/254x10-1-scaled.jpg\",\"width\":1838,\"height\":2560},{\"@type\":\"BreadcrumbList\",\"@id\":\"https:\\\/\\\/azimexprint.com\\\/hu\\\/term\u00e9k\\\/a4-189-cimkek-254-x-10-mm-azimex-cimkek-a4-es-iven-189-cimke-feher-papir-100-iv-doboz-copy\\\/#breadcrumb\",\"itemListElement\":[{\"@type\":\"ListItem\",\"position\":1,\"name\":\"\u00c1ltal\u00e1nos inform\u00e1ci\u00f3k\",\"item\":\"https:\\\/\\\/azimexprint.com\\\/hu\\\/\"},{\"@type\":\"ListItem\",\"position\":2,\"name\":\"Bolt\",\"item\":\"https:\\\/\\\/azimexprint.com\\\/shop-2\\\/\"},{\"@type\":\"ListItem\",\"position\":3,\"name\":\"A4-189 c\u00edmk\u00e9k, 25,4 x 10 mm, Azimex c\u00edmk\u00e9k A4-es \u00edven, 189 c\u00edmke, t\u00f6bb sz\u00edn\u0171 neon pap\u00edr, 100 \u00edv\\\/doboz\"}]},{\"@type\":\"WebSite\",\"@id\":\"https:\\\/\\\/azimexprint.com\\\/hu\\\/#website\",\"url\":\"https:\\\/\\\/azimexprint.com\\\/hu\\\/\",\"name\":\"Azimex Print\",\"description\":\"Print\",\"publisher\":{\"@id\":\"https:\\\/\\\/azimexprint.com\\\/hu\\\/#organization\"},\"alternateName\":\"Azimex\",\"potentialAction\":[{\"@type\":\"SearchAction\",\"target\":{\"@type\":\"EntryPoint\",\"urlTemplate\":\"https:\\\/\\\/azimexprint.com\\\/hu\\\/?s={search_term_string}\"},\"query-input\":{\"@type\":\"PropertyValueSpecification\",\"valueRequired\":true,\"valueName\":\"search_term_string\"}}],\"inLanguage\":\"hu\"},{\"@type\":\"Organization\",\"@id\":\"https:\\\/\\\/azimexprint.com\\\/hu\\\/#organization\",\"name\":\"Azimex Print\",\"alternateName\":\"Azimex\",\"url\":\"https:\\\/\\\/azimexprint.com\\\/hu\\\/\",\"logo\":{\"@type\":\"ImageObject\",\"inLanguage\":\"hu\",\"@id\":\"https:\\\/\\\/azimexprint.com\\\/hu\\\/#\\\/schema\\\/logo\\\/image\\\/\",\"url\":\"https:\\\/\\\/azimexprint.com\\\/wp-content\\\/uploads\\\/2022\\\/03\\\/Azimex-logo.png\",\"contentUrl\":\"https:\\\/\\\/azimexprint.com\\\/wp-content\\\/uploads\\\/2022\\\/03\\\/Azimex-logo.png\",\"width\":500,\"height\":142,\"caption\":\"Azimex Print\"},\"image\":{\"@id\":\"https:\\\/\\\/azimexprint.com\\\/hu\\\/#\\\/schema\\\/logo\\\/image\\\/\"}}]}<\/script>\n<!-- \/ Yoast SEO plugin. -->","yoast_head_json":{"title":"%","description":"%","robots":{"index":"index","follow":"follow","max-snippet":"max-snippet:-1","max-image-preview":"max-image-preview:large","max-video-preview":"max-video-preview:-1"},"canonical":"https:\/\/azimexprint.com\/hu\/term\u00e9k\/a4-189-cimkek-254-x-10-mm-azimex-cimkek-a4-es-iven-189-cimke-feher-papir-100-iv-doboz-copy\/","og_locale":"hu_HU","og_type":"article","og_title":"%","og_description":"%","og_url":"https:\/\/azimexprint.com\/hu\/term\u00e9k\/a4-189-cimkek-254-x-10-mm-azimex-cimkek-a4-es-iven-189-cimke-feher-papir-100-iv-doboz-copy\/","og_site_name":"AzimexPrint","article_modified_time":"2025-08-28T08:49:00+00:00","og_image":[{"width":1838,"height":2560,"url":"https:\/\/azimexprint.com\/wp-content\/uploads\/2025\/05\/254x10-1-scaled.jpg","type":"image\/jpeg"}],"twitter_card":"summary_large_image","twitter_misc":{"Becs\u00fclt olvas\u00e1si id\u0151":"1 perc"},"schema":{"@context":"https:\/\/schema.org","@graph":[{"@type":"WebPage","@id":"https:\/\/azimexprint.com\/hu\/term\u00e9k\/a4-189-cimkek-254-x-10-mm-azimex-cimkek-a4-es-iven-189-cimke-feher-papir-100-iv-doboz-copy\/","url":"https:\/\/azimexprint.com\/hu\/term\u00e9k\/a4-189-cimkek-254-x-10-mm-azimex-cimkek-a4-es-iven-189-cimke-feher-papir-100-iv-doboz-copy\/","name":"%","isPartOf":{"@id":"https:\/\/azimexprint.com\/hu\/#website"},"primaryImageOfPage":{"@id":"https:\/\/azimexprint.com\/hu\/term\u00e9k\/a4-189-cimkek-254-x-10-mm-azimex-cimkek-a4-es-iven-189-cimke-feher-papir-100-iv-doboz-copy\/#primaryimage"},"image":{"@id":"https:\/\/azimexprint.com\/hu\/term\u00e9k\/a4-189-cimkek-254-x-10-mm-azimex-cimkek-a4-es-iven-189-cimke-feher-papir-100-iv-doboz-copy\/#primaryimage"},"thumbnailUrl":"https:\/\/azimexprint.com\/wp-content\/uploads\/2025\/05\/254x10-1-scaled.jpg","datePublished":"2025-08-27T10:32:48+00:00","dateModified":"2025-08-28T08:49:00+00:00","description":"%","breadcrumb":{"@id":"https:\/\/azimexprint.com\/hu\/term\u00e9k\/a4-189-cimkek-254-x-10-mm-azimex-cimkek-a4-es-iven-189-cimke-feher-papir-100-iv-doboz-copy\/#breadcrumb"},"inLanguage":"hu","potentialAction":[{"@type":"ReadAction","target":["https:\/\/azimexprint.com\/hu\/term\u00e9k\/a4-189-cimkek-254-x-10-mm-azimex-cimkek-a4-es-iven-189-cimke-feher-papir-100-iv-doboz-copy\/"]}]},{"@type":"ImageObject","inLanguage":"hu","@id":"https:\/\/azimexprint.com\/hu\/term\u00e9k\/a4-189-cimkek-254-x-10-mm-azimex-cimkek-a4-es-iven-189-cimke-feher-papir-100-iv-doboz-copy\/#primaryimage","url":"https:\/\/azimexprint.com\/wp-content\/uploads\/2025\/05\/254x10-1-scaled.jpg","contentUrl":"https:\/\/azimexprint.com\/wp-content\/uploads\/2025\/05\/254x10-1-scaled.jpg","width":1838,"height":2560},{"@type":"BreadcrumbList","@id":"https:\/\/azimexprint.com\/hu\/term\u00e9k\/a4-189-cimkek-254-x-10-mm-azimex-cimkek-a4-es-iven-189-cimke-feher-papir-100-iv-doboz-copy\/#breadcrumb","itemListElement":[{"@type":"ListItem","position":1,"name":"\u00c1ltal\u00e1nos inform\u00e1ci\u00f3k","item":"https:\/\/azimexprint.com\/hu\/"},{"@type":"ListItem","position":2,"name":"Bolt","item":"https:\/\/azimexprint.com\/shop-2\/"},{"@type":"ListItem","position":3,"name":"A4-189 c\u00edmk\u00e9k, 25,4 x 10 mm, Azimex c\u00edmk\u00e9k A4-es \u00edven, 189 c\u00edmke, t\u00f6bb sz\u00edn\u0171 neon pap\u00edr, 100 \u00edv\/doboz"}]},{"@type":"WebSite","@id":"https:\/\/azimexprint.com\/hu\/#website","url":"https:\/\/azimexprint.com\/hu\/","name":"Azimex Print","description":"Print","publisher":{"@id":"https:\/\/azimexprint.com\/hu\/#organization"},"alternateName":"Azimex","potentialAction":[{"@type":"SearchAction","target":{"@type":"EntryPoint","urlTemplate":"https:\/\/azimexprint.com\/hu\/?s={search_term_string}"},"query-input":{"@type":"PropertyValueSpecification","valueRequired":true,"valueName":"search_term_string"}}],"inLanguage":"hu"},{"@type":"Organization","@id":"https:\/\/azimexprint.com\/hu\/#organization","name":"Azimex Print","alternateName":"Azimex","url":"https:\/\/azimexprint.com\/hu\/","logo":{"@type":"ImageObject","inLanguage":"hu","@id":"https:\/\/azimexprint.com\/hu\/#\/schema\/logo\/image\/","url":"https:\/\/azimexprint.com\/wp-content\/uploads\/2022\/03\/Azimex-logo.png","contentUrl":"https:\/\/azimexprint.com\/wp-content\/uploads\/2022\/03\/Azimex-logo.png","width":500,"height":142,"caption":"Azimex Print"},"image":{"@id":"https:\/\/azimexprint.com\/hu\/#\/schema\/logo\/image\/"}}]}},"_links":{"self":[{"href":"https:\/\/azimexprint.com\/hu\/wp-json\/wp\/v2\/product\/16047","targetHints":{"allow":["GET"]}}],"collection":[{"href":"https:\/\/azimexprint.com\/hu\/wp-json\/wp\/v2\/product"}],"about":[{"href":"https:\/\/azimexprint.com\/hu\/wp-json\/wp\/v2\/types\/product"}],"wp:featuredmedia":[{"embeddable":true,"href":"https:\/\/azimexprint.com\/hu\/wp-json\/wp\/v2\/media\/12416"}],"wp:attachment":[{"href":"https:\/\/azimexprint.com\/hu\/wp-json\/wp\/v2\/media?parent=16047"}],"wp:term":[{"taxonomy":"product_brand","embeddable":true,"href":"https:\/\/azimexprint.com\/hu\/wp-json\/wp\/v2\/product_brand?post=16047"},{"taxonomy":"product_cat","embeddable":true,"href":"https:\/\/azimexprint.com\/hu\/wp-json\/wp\/v2\/product_cat?post=16047"},{"taxonomy":"product_tag","embeddable":true,"href":"https:\/\/azimexprint.com\/hu\/wp-json\/wp\/v2\/product_tag?post=16047"}],"curies":[{"name":"wp","href":"https:\/\/api.w.org\/{rel}","templated":true}]}}