{"id":14741,"date":"2025-05-09T12:23:41","date_gmt":"2025-05-09T12:23:41","guid":{"rendered":"https:\/\/azimexprint.com\/product\/w024-a-kezek-osszezuzasa\/"},"modified":"2025-05-09T12:23:41","modified_gmt":"2025-05-09T12:23:41","slug":"w024-a-kezek-osszezuzasa","status":"publish","type":"product","link":"https:\/\/azimexprint.com\/hu\/term\u00e9k\/w024-a-kezek-osszezuzasa\/","title":{"rendered":"W024 - A kezek \u00f6sszez\u00faz\u00e1sa"},"content":{"rendered":"","protected":false},"excerpt":{"rendered":"","protected":false},"featured_media":11690,"template":"","meta":[],"product_brand":[],"product_cat":[286],"product_tag":[],"class_list":{"0":"post-14741","1":"product","2":"type-product","3":"status-publish","4":"has-post-thumbnail","6":"product_cat-warning-signs-hu","8":"first","9":"instock","10":"taxable","11":"shipping-taxable","12":"purchasable","13":"product-type-simple"},"yoast_head":"<!-- This site is optimized with the Yoast SEO plugin v27.4 - https:\/\/yoast.com\/product\/yoast-seo-wordpress\/ -->\n<title>%<\/title>\n<meta name=\"description\" content=\"%\" \/>\n<meta name=\"robots\" content=\"index, follow, max-snippet:-1, max-image-preview:large, max-video-preview:-1\" \/>\n<link rel=\"canonical\" href=\"https:\/\/azimexprint.com\/hu\/term\u00e9k\/w024-a-kezek-osszezuzasa\/\" \/>\n<meta property=\"og:locale\" content=\"hu_HU\" \/>\n<meta property=\"og:type\" content=\"article\" \/>\n<meta property=\"og:title\" content=\"%\" \/>\n<meta property=\"og:description\" content=\"%\" \/>\n<meta property=\"og:url\" content=\"https:\/\/azimexprint.com\/hu\/term\u00e9k\/w024-a-kezek-osszezuzasa\/\" \/>\n<meta property=\"og:site_name\" content=\"AzimexPrint\" \/>\n<meta property=\"og:image\" content=\"https:\/\/azimexprint.com\/wp-content\/uploads\/2025\/05\/ISO-7010-W024.jpg\" \/>\n\t<meta property=\"og:image:width\" content=\"503\" \/>\n\t<meta property=\"og:image:height\" content=\"516\" \/>\n\t<meta property=\"og:image:type\" content=\"image\/jpeg\" \/>\n<meta name=\"twitter:card\" content=\"summary_large_image\" \/>\n<script type=\"application\/ld+json\" class=\"yoast-schema-graph\">{\"@context\":\"https:\\\/\\\/schema.org\",\"@graph\":[{\"@type\":\"WebPage\",\"@id\":\"https:\\\/\\\/azimexprint.com\\\/hu\\\/term\u00e9k\\\/w024-a-kezek-osszezuzasa\\\/\",\"url\":\"https:\\\/\\\/azimexprint.com\\\/hu\\\/term\u00e9k\\\/w024-a-kezek-osszezuzasa\\\/\",\"name\":\"%\",\"isPartOf\":{\"@id\":\"https:\\\/\\\/azimexprint.com\\\/hu\\\/#website\"},\"primaryImageOfPage\":{\"@id\":\"https:\\\/\\\/azimexprint.com\\\/hu\\\/term\u00e9k\\\/w024-a-kezek-osszezuzasa\\\/#primaryimage\"},\"image\":{\"@id\":\"https:\\\/\\\/azimexprint.com\\\/hu\\\/term\u00e9k\\\/w024-a-kezek-osszezuzasa\\\/#primaryimage\"},\"thumbnailUrl\":\"https:\\\/\\\/azimexprint.com\\\/wp-content\\\/uploads\\\/2025\\\/05\\\/ISO-7010-W024.jpg\",\"datePublished\":\"2025-05-09T12:23:41+00:00\",\"description\":\"%\",\"breadcrumb\":{\"@id\":\"https:\\\/\\\/azimexprint.com\\\/hu\\\/term\u00e9k\\\/w024-a-kezek-osszezuzasa\\\/#breadcrumb\"},\"inLanguage\":\"hu\",\"potentialAction\":[{\"@type\":\"ReadAction\",\"target\":[\"https:\\\/\\\/azimexprint.com\\\/hu\\\/term\u00e9k\\\/w024-a-kezek-osszezuzasa\\\/\"]}]},{\"@type\":\"ImageObject\",\"inLanguage\":\"hu\",\"@id\":\"https:\\\/\\\/azimexprint.com\\\/hu\\\/term\u00e9k\\\/w024-a-kezek-osszezuzasa\\\/#primaryimage\",\"url\":\"https:\\\/\\\/azimexprint.com\\\/wp-content\\\/uploads\\\/2025\\\/05\\\/ISO-7010-W024.jpg\",\"contentUrl\":\"https:\\\/\\\/azimexprint.com\\\/wp-content\\\/uploads\\\/2025\\\/05\\\/ISO-7010-W024.jpg\",\"width\":503,\"height\":516},{\"@type\":\"BreadcrumbList\",\"@id\":\"https:\\\/\\\/azimexprint.com\\\/hu\\\/term\u00e9k\\\/w024-a-kezek-osszezuzasa\\\/#breadcrumb\",\"itemListElement\":[{\"@type\":\"ListItem\",\"position\":1,\"name\":\"\u00c1ltal\u00e1nos inform\u00e1ci\u00f3k\",\"item\":\"https:\\\/\\\/azimexprint.com\\\/hu\\\/\"},{\"@type\":\"ListItem\",\"position\":2,\"name\":\"Bolt\",\"item\":\"https:\\\/\\\/azimexprint.com\\\/shop-2\\\/\"},{\"@type\":\"ListItem\",\"position\":3,\"name\":\"W024 &#8211; A kezek \u00f6sszez\u00faz\u00e1sa\"}]},{\"@type\":\"WebSite\",\"@id\":\"https:\\\/\\\/azimexprint.com\\\/hu\\\/#website\",\"url\":\"https:\\\/\\\/azimexprint.com\\\/hu\\\/\",\"name\":\"Azimex Print\",\"description\":\"Print\",\"publisher\":{\"@id\":\"https:\\\/\\\/azimexprint.com\\\/hu\\\/#organization\"},\"alternateName\":\"Azimex\",\"potentialAction\":[{\"@type\":\"SearchAction\",\"target\":{\"@type\":\"EntryPoint\",\"urlTemplate\":\"https:\\\/\\\/azimexprint.com\\\/hu\\\/?s={search_term_string}\"},\"query-input\":{\"@type\":\"PropertyValueSpecification\",\"valueRequired\":true,\"valueName\":\"search_term_string\"}}],\"inLanguage\":\"hu\"},{\"@type\":\"Organization\",\"@id\":\"https:\\\/\\\/azimexprint.com\\\/hu\\\/#organization\",\"name\":\"Azimex Print\",\"alternateName\":\"Azimex\",\"url\":\"https:\\\/\\\/azimexprint.com\\\/hu\\\/\",\"logo\":{\"@type\":\"ImageObject\",\"inLanguage\":\"hu\",\"@id\":\"https:\\\/\\\/azimexprint.com\\\/hu\\\/#\\\/schema\\\/logo\\\/image\\\/\",\"url\":\"https:\\\/\\\/azimexprint.com\\\/wp-content\\\/uploads\\\/2022\\\/03\\\/Azimex-logo.png\",\"contentUrl\":\"https:\\\/\\\/azimexprint.com\\\/wp-content\\\/uploads\\\/2022\\\/03\\\/Azimex-logo.png\",\"width\":500,\"height\":142,\"caption\":\"Azimex Print\"},\"image\":{\"@id\":\"https:\\\/\\\/azimexprint.com\\\/hu\\\/#\\\/schema\\\/logo\\\/image\\\/\"}}]}<\/script>\n<!-- \/ Yoast SEO plugin. -->","yoast_head_json":{"title":"%","description":"%","robots":{"index":"index","follow":"follow","max-snippet":"max-snippet:-1","max-image-preview":"max-image-preview:large","max-video-preview":"max-video-preview:-1"},"canonical":"https:\/\/azimexprint.com\/hu\/term\u00e9k\/w024-a-kezek-osszezuzasa\/","og_locale":"hu_HU","og_type":"article","og_title":"%","og_description":"%","og_url":"https:\/\/azimexprint.com\/hu\/term\u00e9k\/w024-a-kezek-osszezuzasa\/","og_site_name":"AzimexPrint","og_image":[{"width":503,"height":516,"url":"https:\/\/azimexprint.com\/wp-content\/uploads\/2025\/05\/ISO-7010-W024.jpg","type":"image\/jpeg"}],"twitter_card":"summary_large_image","schema":{"@context":"https:\/\/schema.org","@graph":[{"@type":"WebPage","@id":"https:\/\/azimexprint.com\/hu\/term\u00e9k\/w024-a-kezek-osszezuzasa\/","url":"https:\/\/azimexprint.com\/hu\/term\u00e9k\/w024-a-kezek-osszezuzasa\/","name":"%","isPartOf":{"@id":"https:\/\/azimexprint.com\/hu\/#website"},"primaryImageOfPage":{"@id":"https:\/\/azimexprint.com\/hu\/term\u00e9k\/w024-a-kezek-osszezuzasa\/#primaryimage"},"image":{"@id":"https:\/\/azimexprint.com\/hu\/term\u00e9k\/w024-a-kezek-osszezuzasa\/#primaryimage"},"thumbnailUrl":"https:\/\/azimexprint.com\/wp-content\/uploads\/2025\/05\/ISO-7010-W024.jpg","datePublished":"2025-05-09T12:23:41+00:00","description":"%","breadcrumb":{"@id":"https:\/\/azimexprint.com\/hu\/term\u00e9k\/w024-a-kezek-osszezuzasa\/#breadcrumb"},"inLanguage":"hu","potentialAction":[{"@type":"ReadAction","target":["https:\/\/azimexprint.com\/hu\/term\u00e9k\/w024-a-kezek-osszezuzasa\/"]}]},{"@type":"ImageObject","inLanguage":"hu","@id":"https:\/\/azimexprint.com\/hu\/term\u00e9k\/w024-a-kezek-osszezuzasa\/#primaryimage","url":"https:\/\/azimexprint.com\/wp-content\/uploads\/2025\/05\/ISO-7010-W024.jpg","contentUrl":"https:\/\/azimexprint.com\/wp-content\/uploads\/2025\/05\/ISO-7010-W024.jpg","width":503,"height":516},{"@type":"BreadcrumbList","@id":"https:\/\/azimexprint.com\/hu\/term\u00e9k\/w024-a-kezek-osszezuzasa\/#breadcrumb","itemListElement":[{"@type":"ListItem","position":1,"name":"\u00c1ltal\u00e1nos inform\u00e1ci\u00f3k","item":"https:\/\/azimexprint.com\/hu\/"},{"@type":"ListItem","position":2,"name":"Bolt","item":"https:\/\/azimexprint.com\/shop-2\/"},{"@type":"ListItem","position":3,"name":"W024 &#8211; A kezek \u00f6sszez\u00faz\u00e1sa"}]},{"@type":"WebSite","@id":"https:\/\/azimexprint.com\/hu\/#website","url":"https:\/\/azimexprint.com\/hu\/","name":"Azimex Print","description":"Print","publisher":{"@id":"https:\/\/azimexprint.com\/hu\/#organization"},"alternateName":"Azimex","potentialAction":[{"@type":"SearchAction","target":{"@type":"EntryPoint","urlTemplate":"https:\/\/azimexprint.com\/hu\/?s={search_term_string}"},"query-input":{"@type":"PropertyValueSpecification","valueRequired":true,"valueName":"search_term_string"}}],"inLanguage":"hu"},{"@type":"Organization","@id":"https:\/\/azimexprint.com\/hu\/#organization","name":"Azimex Print","alternateName":"Azimex","url":"https:\/\/azimexprint.com\/hu\/","logo":{"@type":"ImageObject","inLanguage":"hu","@id":"https:\/\/azimexprint.com\/hu\/#\/schema\/logo\/image\/","url":"https:\/\/azimexprint.com\/wp-content\/uploads\/2022\/03\/Azimex-logo.png","contentUrl":"https:\/\/azimexprint.com\/wp-content\/uploads\/2022\/03\/Azimex-logo.png","width":500,"height":142,"caption":"Azimex Print"},"image":{"@id":"https:\/\/azimexprint.com\/hu\/#\/schema\/logo\/image\/"}}]}},"_links":{"self":[{"href":"https:\/\/azimexprint.com\/hu\/wp-json\/wp\/v2\/product\/14741","targetHints":{"allow":["GET"]}}],"collection":[{"href":"https:\/\/azimexprint.com\/hu\/wp-json\/wp\/v2\/product"}],"about":[{"href":"https:\/\/azimexprint.com\/hu\/wp-json\/wp\/v2\/types\/product"}],"wp:featuredmedia":[{"embeddable":true,"href":"https:\/\/azimexprint.com\/hu\/wp-json\/wp\/v2\/media\/11690"}],"wp:attachment":[{"href":"https:\/\/azimexprint.com\/hu\/wp-json\/wp\/v2\/media?parent=14741"}],"wp:term":[{"taxonomy":"product_brand","embeddable":true,"href":"https:\/\/azimexprint.com\/hu\/wp-json\/wp\/v2\/product_brand?post=14741"},{"taxonomy":"product_cat","embeddable":true,"href":"https:\/\/azimexprint.com\/hu\/wp-json\/wp\/v2\/product_cat?post=14741"},{"taxonomy":"product_tag","embeddable":true,"href":"https:\/\/azimexprint.com\/hu\/wp-json\/wp\/v2\/product_tag?post=14741"}],"curies":[{"name":"wp","href":"https:\/\/api.w.org\/{rel}","templated":true}]}}