{"id":14468,"date":"2025-08-15T10:18:22","date_gmt":"2025-08-15T10:18:22","guid":{"rendered":"https:\/\/azimexprint.com\/product\/p061-vizbe-ugras-tilos\/"},"modified":"2025-08-15T10:18:22","modified_gmt":"2025-08-15T10:18:22","slug":"p061-vizbe-ugras-tilos","status":"publish","type":"product","link":"https:\/\/azimexprint.com\/hu\/term\u00e9k\/p061-vizbe-ugras-tilos\/","title":{"rendered":"P061 - V\u00edzbe ugr\u00e1s tilos"},"content":{"rendered":"","protected":false},"excerpt":{"rendered":"","protected":false},"featured_media":14370,"template":"","meta":[],"product_brand":[],"product_cat":[321],"product_tag":[],"class_list":{"0":"post-14468","1":"product","2":"type-product","3":"status-publish","4":"has-post-thumbnail","6":"product_cat-tilto-tablak","8":"first","9":"instock","10":"taxable","11":"shipping-taxable","12":"purchasable","13":"product-type-simple"},"yoast_head":"<!-- This site is optimized with the Yoast SEO plugin v27.4 - https:\/\/yoast.com\/product\/yoast-seo-wordpress\/ -->\n<title>%<\/title>\n<meta name=\"description\" content=\"%\" \/>\n<meta name=\"robots\" content=\"index, follow, max-snippet:-1, max-image-preview:large, max-video-preview:-1\" \/>\n<link rel=\"canonical\" href=\"https:\/\/azimexprint.com\/hu\/term\u00e9k\/p061-vizbe-ugras-tilos\/\" \/>\n<meta property=\"og:locale\" content=\"hu_HU\" \/>\n<meta property=\"og:type\" content=\"article\" \/>\n<meta property=\"og:title\" content=\"%\" \/>\n<meta property=\"og:description\" content=\"%\" \/>\n<meta property=\"og:url\" content=\"https:\/\/azimexprint.com\/hu\/term\u00e9k\/p061-vizbe-ugras-tilos\/\" \/>\n<meta property=\"og:site_name\" content=\"AzimexPrint\" \/>\n<meta property=\"og:image\" content=\"https:\/\/azimexprint.com\/wp-content\/uploads\/2025\/08\/ISO_7010_P061.svg.png\" \/>\n\t<meta property=\"og:image:width\" content=\"120\" \/>\n\t<meta property=\"og:image:height\" content=\"120\" \/>\n\t<meta property=\"og:image:type\" content=\"image\/png\" \/>\n<meta name=\"twitter:card\" content=\"summary_large_image\" \/>\n<script type=\"application\/ld+json\" class=\"yoast-schema-graph\">{\"@context\":\"https:\\\/\\\/schema.org\",\"@graph\":[{\"@type\":\"WebPage\",\"@id\":\"https:\\\/\\\/azimexprint.com\\\/hu\\\/term\u00e9k\\\/p061-vizbe-ugras-tilos\\\/\",\"url\":\"https:\\\/\\\/azimexprint.com\\\/hu\\\/term\u00e9k\\\/p061-vizbe-ugras-tilos\\\/\",\"name\":\"%\",\"isPartOf\":{\"@id\":\"https:\\\/\\\/azimexprint.com\\\/hu\\\/#website\"},\"primaryImageOfPage\":{\"@id\":\"https:\\\/\\\/azimexprint.com\\\/hu\\\/term\u00e9k\\\/p061-vizbe-ugras-tilos\\\/#primaryimage\"},\"image\":{\"@id\":\"https:\\\/\\\/azimexprint.com\\\/hu\\\/term\u00e9k\\\/p061-vizbe-ugras-tilos\\\/#primaryimage\"},\"thumbnailUrl\":\"https:\\\/\\\/azimexprint.com\\\/wp-content\\\/uploads\\\/2025\\\/08\\\/ISO_7010_P061.svg.png\",\"datePublished\":\"2025-08-15T10:18:22+00:00\",\"description\":\"%\",\"breadcrumb\":{\"@id\":\"https:\\\/\\\/azimexprint.com\\\/hu\\\/term\u00e9k\\\/p061-vizbe-ugras-tilos\\\/#breadcrumb\"},\"inLanguage\":\"hu\",\"potentialAction\":[{\"@type\":\"ReadAction\",\"target\":[\"https:\\\/\\\/azimexprint.com\\\/hu\\\/term\u00e9k\\\/p061-vizbe-ugras-tilos\\\/\"]}]},{\"@type\":\"ImageObject\",\"inLanguage\":\"hu\",\"@id\":\"https:\\\/\\\/azimexprint.com\\\/hu\\\/term\u00e9k\\\/p061-vizbe-ugras-tilos\\\/#primaryimage\",\"url\":\"https:\\\/\\\/azimexprint.com\\\/wp-content\\\/uploads\\\/2025\\\/08\\\/ISO_7010_P061.svg.png\",\"contentUrl\":\"https:\\\/\\\/azimexprint.com\\\/wp-content\\\/uploads\\\/2025\\\/08\\\/ISO_7010_P061.svg.png\",\"width\":120,\"height\":120},{\"@type\":\"BreadcrumbList\",\"@id\":\"https:\\\/\\\/azimexprint.com\\\/hu\\\/term\u00e9k\\\/p061-vizbe-ugras-tilos\\\/#breadcrumb\",\"itemListElement\":[{\"@type\":\"ListItem\",\"position\":1,\"name\":\"\u00c1ltal\u00e1nos inform\u00e1ci\u00f3k\",\"item\":\"https:\\\/\\\/azimexprint.com\\\/hu\\\/\"},{\"@type\":\"ListItem\",\"position\":2,\"name\":\"Bolt\",\"item\":\"https:\\\/\\\/azimexprint.com\\\/shop-2\\\/\"},{\"@type\":\"ListItem\",\"position\":3,\"name\":\"P061 &#8211; V\u00edzbe ugr\u00e1s tilos\"}]},{\"@type\":\"WebSite\",\"@id\":\"https:\\\/\\\/azimexprint.com\\\/hu\\\/#website\",\"url\":\"https:\\\/\\\/azimexprint.com\\\/hu\\\/\",\"name\":\"Azimex Print\",\"description\":\"Print\",\"publisher\":{\"@id\":\"https:\\\/\\\/azimexprint.com\\\/hu\\\/#organization\"},\"alternateName\":\"Azimex\",\"potentialAction\":[{\"@type\":\"SearchAction\",\"target\":{\"@type\":\"EntryPoint\",\"urlTemplate\":\"https:\\\/\\\/azimexprint.com\\\/hu\\\/?s={search_term_string}\"},\"query-input\":{\"@type\":\"PropertyValueSpecification\",\"valueRequired\":true,\"valueName\":\"search_term_string\"}}],\"inLanguage\":\"hu\"},{\"@type\":\"Organization\",\"@id\":\"https:\\\/\\\/azimexprint.com\\\/hu\\\/#organization\",\"name\":\"Azimex Print\",\"alternateName\":\"Azimex\",\"url\":\"https:\\\/\\\/azimexprint.com\\\/hu\\\/\",\"logo\":{\"@type\":\"ImageObject\",\"inLanguage\":\"hu\",\"@id\":\"https:\\\/\\\/azimexprint.com\\\/hu\\\/#\\\/schema\\\/logo\\\/image\\\/\",\"url\":\"https:\\\/\\\/azimexprint.com\\\/wp-content\\\/uploads\\\/2022\\\/03\\\/Azimex-logo.png\",\"contentUrl\":\"https:\\\/\\\/azimexprint.com\\\/wp-content\\\/uploads\\\/2022\\\/03\\\/Azimex-logo.png\",\"width\":500,\"height\":142,\"caption\":\"Azimex Print\"},\"image\":{\"@id\":\"https:\\\/\\\/azimexprint.com\\\/hu\\\/#\\\/schema\\\/logo\\\/image\\\/\"}}]}<\/script>\n<!-- \/ Yoast SEO plugin. -->","yoast_head_json":{"title":"%","description":"%","robots":{"index":"index","follow":"follow","max-snippet":"max-snippet:-1","max-image-preview":"max-image-preview:large","max-video-preview":"max-video-preview:-1"},"canonical":"https:\/\/azimexprint.com\/hu\/term\u00e9k\/p061-vizbe-ugras-tilos\/","og_locale":"hu_HU","og_type":"article","og_title":"%","og_description":"%","og_url":"https:\/\/azimexprint.com\/hu\/term\u00e9k\/p061-vizbe-ugras-tilos\/","og_site_name":"AzimexPrint","og_image":[{"width":120,"height":120,"url":"https:\/\/azimexprint.com\/wp-content\/uploads\/2025\/08\/ISO_7010_P061.svg.png","type":"image\/png"}],"twitter_card":"summary_large_image","schema":{"@context":"https:\/\/schema.org","@graph":[{"@type":"WebPage","@id":"https:\/\/azimexprint.com\/hu\/term\u00e9k\/p061-vizbe-ugras-tilos\/","url":"https:\/\/azimexprint.com\/hu\/term\u00e9k\/p061-vizbe-ugras-tilos\/","name":"%","isPartOf":{"@id":"https:\/\/azimexprint.com\/hu\/#website"},"primaryImageOfPage":{"@id":"https:\/\/azimexprint.com\/hu\/term\u00e9k\/p061-vizbe-ugras-tilos\/#primaryimage"},"image":{"@id":"https:\/\/azimexprint.com\/hu\/term\u00e9k\/p061-vizbe-ugras-tilos\/#primaryimage"},"thumbnailUrl":"https:\/\/azimexprint.com\/wp-content\/uploads\/2025\/08\/ISO_7010_P061.svg.png","datePublished":"2025-08-15T10:18:22+00:00","description":"%","breadcrumb":{"@id":"https:\/\/azimexprint.com\/hu\/term\u00e9k\/p061-vizbe-ugras-tilos\/#breadcrumb"},"inLanguage":"hu","potentialAction":[{"@type":"ReadAction","target":["https:\/\/azimexprint.com\/hu\/term\u00e9k\/p061-vizbe-ugras-tilos\/"]}]},{"@type":"ImageObject","inLanguage":"hu","@id":"https:\/\/azimexprint.com\/hu\/term\u00e9k\/p061-vizbe-ugras-tilos\/#primaryimage","url":"https:\/\/azimexprint.com\/wp-content\/uploads\/2025\/08\/ISO_7010_P061.svg.png","contentUrl":"https:\/\/azimexprint.com\/wp-content\/uploads\/2025\/08\/ISO_7010_P061.svg.png","width":120,"height":120},{"@type":"BreadcrumbList","@id":"https:\/\/azimexprint.com\/hu\/term\u00e9k\/p061-vizbe-ugras-tilos\/#breadcrumb","itemListElement":[{"@type":"ListItem","position":1,"name":"\u00c1ltal\u00e1nos inform\u00e1ci\u00f3k","item":"https:\/\/azimexprint.com\/hu\/"},{"@type":"ListItem","position":2,"name":"Bolt","item":"https:\/\/azimexprint.com\/shop-2\/"},{"@type":"ListItem","position":3,"name":"P061 &#8211; V\u00edzbe ugr\u00e1s tilos"}]},{"@type":"WebSite","@id":"https:\/\/azimexprint.com\/hu\/#website","url":"https:\/\/azimexprint.com\/hu\/","name":"Azimex Print","description":"Print","publisher":{"@id":"https:\/\/azimexprint.com\/hu\/#organization"},"alternateName":"Azimex","potentialAction":[{"@type":"SearchAction","target":{"@type":"EntryPoint","urlTemplate":"https:\/\/azimexprint.com\/hu\/?s={search_term_string}"},"query-input":{"@type":"PropertyValueSpecification","valueRequired":true,"valueName":"search_term_string"}}],"inLanguage":"hu"},{"@type":"Organization","@id":"https:\/\/azimexprint.com\/hu\/#organization","name":"Azimex Print","alternateName":"Azimex","url":"https:\/\/azimexprint.com\/hu\/","logo":{"@type":"ImageObject","inLanguage":"hu","@id":"https:\/\/azimexprint.com\/hu\/#\/schema\/logo\/image\/","url":"https:\/\/azimexprint.com\/wp-content\/uploads\/2022\/03\/Azimex-logo.png","contentUrl":"https:\/\/azimexprint.com\/wp-content\/uploads\/2022\/03\/Azimex-logo.png","width":500,"height":142,"caption":"Azimex Print"},"image":{"@id":"https:\/\/azimexprint.com\/hu\/#\/schema\/logo\/image\/"}}]}},"_links":{"self":[{"href":"https:\/\/azimexprint.com\/hu\/wp-json\/wp\/v2\/product\/14468","targetHints":{"allow":["GET"]}}],"collection":[{"href":"https:\/\/azimexprint.com\/hu\/wp-json\/wp\/v2\/product"}],"about":[{"href":"https:\/\/azimexprint.com\/hu\/wp-json\/wp\/v2\/types\/product"}],"wp:featuredmedia":[{"embeddable":true,"href":"https:\/\/azimexprint.com\/hu\/wp-json\/wp\/v2\/media\/14370"}],"wp:attachment":[{"href":"https:\/\/azimexprint.com\/hu\/wp-json\/wp\/v2\/media?parent=14468"}],"wp:term":[{"taxonomy":"product_brand","embeddable":true,"href":"https:\/\/azimexprint.com\/hu\/wp-json\/wp\/v2\/product_brand?post=14468"},{"taxonomy":"product_cat","embeddable":true,"href":"https:\/\/azimexprint.com\/hu\/wp-json\/wp\/v2\/product_cat?post=14468"},{"taxonomy":"product_tag","embeddable":true,"href":"https:\/\/azimexprint.com\/hu\/wp-json\/wp\/v2\/product_tag?post=14468"}],"curies":[{"name":"wp","href":"https:\/\/api.w.org\/{rel}","templated":true}]}}