{"id":12750,"date":"2025-04-10T09:45:01","date_gmt":"2025-04-10T09:45:01","guid":{"rendered":"https:\/\/azimexprint.com\/product\/szemelyre-szabott-papirtaskak-es-taskak-ablakkal-vagy-anelkul\/"},"modified":"2025-05-30T10:40:22","modified_gmt":"2025-05-30T10:40:22","slug":"szemelyre-szabott-papirtaskak-es-taskak-ablakkal-vagy-anelkul","status":"publish","type":"product","link":"https:\/\/azimexprint.com\/hu\/term\u00e9k\/szemelyre-szabott-papirtaskak-es-taskak-ablakkal-vagy-anelkul\/","title":{"rendered":"Szem\u00e9lyre szabott pap\u00edrt\u00e1sk\u00e1k \u00e9s t\u00e1sk\u00e1k (ablakkal vagy an\u00e9lk\u00fcl )"},"content":{"rendered":"","protected":false},"excerpt":{"rendered":"<p>L\u00e9pjen kapcsolatba vel\u00fcnk aj\u00e1nlat\u00e9rt. Minim\u00e1lis rendel\u00e9s 100.000 zs\u00e1k. <\/p>\n","protected":false},"featured_media":11474,"template":"","meta":[],"product_brand":[],"product_cat":[322],"product_tag":[],"class_list":{"0":"post-12750","1":"product","2":"type-product","3":"status-publish","4":"has-post-thumbnail","6":"product_cat-szemelyre-szabott-papirtaskak-es-taskak","8":"first","9":"instock","10":"taxable","11":"shipping-taxable","12":"product-type-simple"},"yoast_head":"<!-- This site is optimized with the Yoast SEO plugin v27.4 - https:\/\/yoast.com\/product\/yoast-seo-wordpress\/ -->\n<title>%<\/title>\n<meta name=\"description\" content=\"L\u00e9pjen kapcsolatba vel\u00fcnk aj\u00e1nlat\u00e9rt. Minim\u00e1lis rendel\u00e9s 100.000 zs\u00e1k.%\" \/>\n<meta name=\"robots\" content=\"index, follow, max-snippet:-1, max-image-preview:large, max-video-preview:-1\" \/>\n<link rel=\"canonical\" href=\"https:\/\/azimexprint.com\/hu\/term\u00e9k\/szemelyre-szabott-papirtaskak-es-taskak-ablakkal-vagy-anelkul\/\" \/>\n<meta property=\"og:locale\" content=\"hu_HU\" \/>\n<meta property=\"og:type\" content=\"article\" \/>\n<meta property=\"og:title\" content=\"%\" \/>\n<meta property=\"og:description\" content=\"L\u00e9pjen kapcsolatba vel\u00fcnk aj\u00e1nlat\u00e9rt. Minim\u00e1lis rendel\u00e9s 100.000 zs\u00e1k.%\" \/>\n<meta property=\"og:url\" content=\"https:\/\/azimexprint.com\/hu\/term\u00e9k\/szemelyre-szabott-papirtaskak-es-taskak-ablakkal-vagy-anelkul\/\" \/>\n<meta property=\"og:site_name\" content=\"AzimexPrint\" \/>\n<meta property=\"article:modified_time\" content=\"2025-05-30T10:40:22+00:00\" \/>\n<meta property=\"og:image\" content=\"https:\/\/azimexprint.com\/wp-content\/uploads\/2025\/05\/IMG_4921-scaled.jpeg\" \/>\n\t<meta property=\"og:image:width\" content=\"1920\" \/>\n\t<meta property=\"og:image:height\" content=\"2560\" \/>\n\t<meta property=\"og:image:type\" content=\"image\/jpeg\" \/>\n<meta name=\"twitter:card\" content=\"summary_large_image\" \/>\n<script type=\"application\/ld+json\" class=\"yoast-schema-graph\">{\"@context\":\"https:\\\/\\\/schema.org\",\"@graph\":[{\"@type\":\"WebPage\",\"@id\":\"https:\\\/\\\/azimexprint.com\\\/hu\\\/term\u00e9k\\\/szemelyre-szabott-papirtaskak-es-taskak-ablakkal-vagy-anelkul\\\/\",\"url\":\"https:\\\/\\\/azimexprint.com\\\/hu\\\/term\u00e9k\\\/szemelyre-szabott-papirtaskak-es-taskak-ablakkal-vagy-anelkul\\\/\",\"name\":\"%\",\"isPartOf\":{\"@id\":\"https:\\\/\\\/azimexprint.com\\\/hu\\\/#website\"},\"primaryImageOfPage\":{\"@id\":\"https:\\\/\\\/azimexprint.com\\\/hu\\\/term\u00e9k\\\/szemelyre-szabott-papirtaskak-es-taskak-ablakkal-vagy-anelkul\\\/#primaryimage\"},\"image\":{\"@id\":\"https:\\\/\\\/azimexprint.com\\\/hu\\\/term\u00e9k\\\/szemelyre-szabott-papirtaskak-es-taskak-ablakkal-vagy-anelkul\\\/#primaryimage\"},\"thumbnailUrl\":\"https:\\\/\\\/azimexprint.com\\\/wp-content\\\/uploads\\\/2025\\\/05\\\/IMG_4921-scaled.jpeg\",\"datePublished\":\"2025-04-10T09:45:01+00:00\",\"dateModified\":\"2025-05-30T10:40:22+00:00\",\"description\":\"L\u00e9pjen kapcsolatba vel\u00fcnk aj\u00e1nlat\u00e9rt. Minim\u00e1lis rendel\u00e9s 100.000 zs\u00e1k.%\",\"breadcrumb\":{\"@id\":\"https:\\\/\\\/azimexprint.com\\\/hu\\\/term\u00e9k\\\/szemelyre-szabott-papirtaskak-es-taskak-ablakkal-vagy-anelkul\\\/#breadcrumb\"},\"inLanguage\":\"hu\",\"potentialAction\":[{\"@type\":\"ReadAction\",\"target\":[\"https:\\\/\\\/azimexprint.com\\\/hu\\\/term\u00e9k\\\/szemelyre-szabott-papirtaskak-es-taskak-ablakkal-vagy-anelkul\\\/\"]}]},{\"@type\":\"ImageObject\",\"inLanguage\":\"hu\",\"@id\":\"https:\\\/\\\/azimexprint.com\\\/hu\\\/term\u00e9k\\\/szemelyre-szabott-papirtaskak-es-taskak-ablakkal-vagy-anelkul\\\/#primaryimage\",\"url\":\"https:\\\/\\\/azimexprint.com\\\/wp-content\\\/uploads\\\/2025\\\/05\\\/IMG_4921-scaled.jpeg\",\"contentUrl\":\"https:\\\/\\\/azimexprint.com\\\/wp-content\\\/uploads\\\/2025\\\/05\\\/IMG_4921-scaled.jpeg\",\"width\":1920,\"height\":2560},{\"@type\":\"BreadcrumbList\",\"@id\":\"https:\\\/\\\/azimexprint.com\\\/hu\\\/term\u00e9k\\\/szemelyre-szabott-papirtaskak-es-taskak-ablakkal-vagy-anelkul\\\/#breadcrumb\",\"itemListElement\":[{\"@type\":\"ListItem\",\"position\":1,\"name\":\"\u00c1ltal\u00e1nos inform\u00e1ci\u00f3k\",\"item\":\"https:\\\/\\\/azimexprint.com\\\/hu\\\/\"},{\"@type\":\"ListItem\",\"position\":2,\"name\":\"Bolt\",\"item\":\"https:\\\/\\\/azimexprint.com\\\/shop-2\\\/\"},{\"@type\":\"ListItem\",\"position\":3,\"name\":\"Szem\u00e9lyre szabott pap\u00edrt\u00e1sk\u00e1k \u00e9s t\u00e1sk\u00e1k (ablakkal vagy an\u00e9lk\u00fcl )\"}]},{\"@type\":\"WebSite\",\"@id\":\"https:\\\/\\\/azimexprint.com\\\/hu\\\/#website\",\"url\":\"https:\\\/\\\/azimexprint.com\\\/hu\\\/\",\"name\":\"Azimex Print\",\"description\":\"Print\",\"publisher\":{\"@id\":\"https:\\\/\\\/azimexprint.com\\\/hu\\\/#organization\"},\"alternateName\":\"Azimex\",\"potentialAction\":[{\"@type\":\"SearchAction\",\"target\":{\"@type\":\"EntryPoint\",\"urlTemplate\":\"https:\\\/\\\/azimexprint.com\\\/hu\\\/?s={search_term_string}\"},\"query-input\":{\"@type\":\"PropertyValueSpecification\",\"valueRequired\":true,\"valueName\":\"search_term_string\"}}],\"inLanguage\":\"hu\"},{\"@type\":\"Organization\",\"@id\":\"https:\\\/\\\/azimexprint.com\\\/hu\\\/#organization\",\"name\":\"Azimex Print\",\"alternateName\":\"Azimex\",\"url\":\"https:\\\/\\\/azimexprint.com\\\/hu\\\/\",\"logo\":{\"@type\":\"ImageObject\",\"inLanguage\":\"hu\",\"@id\":\"https:\\\/\\\/azimexprint.com\\\/hu\\\/#\\\/schema\\\/logo\\\/image\\\/\",\"url\":\"https:\\\/\\\/azimexprint.com\\\/wp-content\\\/uploads\\\/2022\\\/03\\\/Azimex-logo.png\",\"contentUrl\":\"https:\\\/\\\/azimexprint.com\\\/wp-content\\\/uploads\\\/2022\\\/03\\\/Azimex-logo.png\",\"width\":500,\"height\":142,\"caption\":\"Azimex Print\"},\"image\":{\"@id\":\"https:\\\/\\\/azimexprint.com\\\/hu\\\/#\\\/schema\\\/logo\\\/image\\\/\"}}]}<\/script>\n<!-- \/ Yoast SEO plugin. -->","yoast_head_json":{"title":"%","description":"L\u00e9pjen kapcsolatba vel\u00fcnk aj\u00e1nlat\u00e9rt. Minim\u00e1lis rendel\u00e9s 100.000 zs\u00e1k.%","robots":{"index":"index","follow":"follow","max-snippet":"max-snippet:-1","max-image-preview":"max-image-preview:large","max-video-preview":"max-video-preview:-1"},"canonical":"https:\/\/azimexprint.com\/hu\/term\u00e9k\/szemelyre-szabott-papirtaskak-es-taskak-ablakkal-vagy-anelkul\/","og_locale":"hu_HU","og_type":"article","og_title":"%","og_description":"L\u00e9pjen kapcsolatba vel\u00fcnk aj\u00e1nlat\u00e9rt. Minim\u00e1lis rendel\u00e9s 100.000 zs\u00e1k.%","og_url":"https:\/\/azimexprint.com\/hu\/term\u00e9k\/szemelyre-szabott-papirtaskak-es-taskak-ablakkal-vagy-anelkul\/","og_site_name":"AzimexPrint","article_modified_time":"2025-05-30T10:40:22+00:00","og_image":[{"width":1920,"height":2560,"url":"https:\/\/azimexprint.com\/wp-content\/uploads\/2025\/05\/IMG_4921-scaled.jpeg","type":"image\/jpeg"}],"twitter_card":"summary_large_image","schema":{"@context":"https:\/\/schema.org","@graph":[{"@type":"WebPage","@id":"https:\/\/azimexprint.com\/hu\/term\u00e9k\/szemelyre-szabott-papirtaskak-es-taskak-ablakkal-vagy-anelkul\/","url":"https:\/\/azimexprint.com\/hu\/term\u00e9k\/szemelyre-szabott-papirtaskak-es-taskak-ablakkal-vagy-anelkul\/","name":"%","isPartOf":{"@id":"https:\/\/azimexprint.com\/hu\/#website"},"primaryImageOfPage":{"@id":"https:\/\/azimexprint.com\/hu\/term\u00e9k\/szemelyre-szabott-papirtaskak-es-taskak-ablakkal-vagy-anelkul\/#primaryimage"},"image":{"@id":"https:\/\/azimexprint.com\/hu\/term\u00e9k\/szemelyre-szabott-papirtaskak-es-taskak-ablakkal-vagy-anelkul\/#primaryimage"},"thumbnailUrl":"https:\/\/azimexprint.com\/wp-content\/uploads\/2025\/05\/IMG_4921-scaled.jpeg","datePublished":"2025-04-10T09:45:01+00:00","dateModified":"2025-05-30T10:40:22+00:00","description":"L\u00e9pjen kapcsolatba vel\u00fcnk aj\u00e1nlat\u00e9rt. Minim\u00e1lis rendel\u00e9s 100.000 zs\u00e1k.%","breadcrumb":{"@id":"https:\/\/azimexprint.com\/hu\/term\u00e9k\/szemelyre-szabott-papirtaskak-es-taskak-ablakkal-vagy-anelkul\/#breadcrumb"},"inLanguage":"hu","potentialAction":[{"@type":"ReadAction","target":["https:\/\/azimexprint.com\/hu\/term\u00e9k\/szemelyre-szabott-papirtaskak-es-taskak-ablakkal-vagy-anelkul\/"]}]},{"@type":"ImageObject","inLanguage":"hu","@id":"https:\/\/azimexprint.com\/hu\/term\u00e9k\/szemelyre-szabott-papirtaskak-es-taskak-ablakkal-vagy-anelkul\/#primaryimage","url":"https:\/\/azimexprint.com\/wp-content\/uploads\/2025\/05\/IMG_4921-scaled.jpeg","contentUrl":"https:\/\/azimexprint.com\/wp-content\/uploads\/2025\/05\/IMG_4921-scaled.jpeg","width":1920,"height":2560},{"@type":"BreadcrumbList","@id":"https:\/\/azimexprint.com\/hu\/term\u00e9k\/szemelyre-szabott-papirtaskak-es-taskak-ablakkal-vagy-anelkul\/#breadcrumb","itemListElement":[{"@type":"ListItem","position":1,"name":"\u00c1ltal\u00e1nos inform\u00e1ci\u00f3k","item":"https:\/\/azimexprint.com\/hu\/"},{"@type":"ListItem","position":2,"name":"Bolt","item":"https:\/\/azimexprint.com\/shop-2\/"},{"@type":"ListItem","position":3,"name":"Szem\u00e9lyre szabott pap\u00edrt\u00e1sk\u00e1k \u00e9s t\u00e1sk\u00e1k (ablakkal vagy an\u00e9lk\u00fcl )"}]},{"@type":"WebSite","@id":"https:\/\/azimexprint.com\/hu\/#website","url":"https:\/\/azimexprint.com\/hu\/","name":"Azimex Print","description":"Print","publisher":{"@id":"https:\/\/azimexprint.com\/hu\/#organization"},"alternateName":"Azimex","potentialAction":[{"@type":"SearchAction","target":{"@type":"EntryPoint","urlTemplate":"https:\/\/azimexprint.com\/hu\/?s={search_term_string}"},"query-input":{"@type":"PropertyValueSpecification","valueRequired":true,"valueName":"search_term_string"}}],"inLanguage":"hu"},{"@type":"Organization","@id":"https:\/\/azimexprint.com\/hu\/#organization","name":"Azimex Print","alternateName":"Azimex","url":"https:\/\/azimexprint.com\/hu\/","logo":{"@type":"ImageObject","inLanguage":"hu","@id":"https:\/\/azimexprint.com\/hu\/#\/schema\/logo\/image\/","url":"https:\/\/azimexprint.com\/wp-content\/uploads\/2022\/03\/Azimex-logo.png","contentUrl":"https:\/\/azimexprint.com\/wp-content\/uploads\/2022\/03\/Azimex-logo.png","width":500,"height":142,"caption":"Azimex Print"},"image":{"@id":"https:\/\/azimexprint.com\/hu\/#\/schema\/logo\/image\/"}}]}},"_links":{"self":[{"href":"https:\/\/azimexprint.com\/hu\/wp-json\/wp\/v2\/product\/12750","targetHints":{"allow":["GET"]}}],"collection":[{"href":"https:\/\/azimexprint.com\/hu\/wp-json\/wp\/v2\/product"}],"about":[{"href":"https:\/\/azimexprint.com\/hu\/wp-json\/wp\/v2\/types\/product"}],"wp:featuredmedia":[{"embeddable":true,"href":"https:\/\/azimexprint.com\/hu\/wp-json\/wp\/v2\/media\/11474"}],"wp:attachment":[{"href":"https:\/\/azimexprint.com\/hu\/wp-json\/wp\/v2\/media?parent=12750"}],"wp:term":[{"taxonomy":"product_brand","embeddable":true,"href":"https:\/\/azimexprint.com\/hu\/wp-json\/wp\/v2\/product_brand?post=12750"},{"taxonomy":"product_cat","embeddable":true,"href":"https:\/\/azimexprint.com\/hu\/wp-json\/wp\/v2\/product_cat?post=12750"},{"taxonomy":"product_tag","embeddable":true,"href":"https:\/\/azimexprint.com\/hu\/wp-json\/wp\/v2\/product_tag?post=12750"}],"curies":[{"name":"wp","href":"https:\/\/api.w.org\/{rel}","templated":true}]}}