{"id":12136,"date":"2025-05-12T16:30:39","date_gmt":"2025-05-12T16:30:39","guid":{"rendered":"https:\/\/azimexprint.com\/?post_type=product&#038;p=12136"},"modified":"2025-05-30T10:44:09","modified_gmt":"2025-05-30T10:44:09","slug":"10-x-105-mm-azimex-thermocimke-tekercsen-1000-cimke-tekercs-copy-copy-copy-copy","status":"publish","type":"product","link":"https:\/\/azimexprint.com\/hu\/term\u00e9k\/10-x-105-mm-azimex-thermocimke-tekercsen-1000-cimke-tekercs-copy-copy-copy-copy\/","title":{"rendered":"25 % kedvezm\u00e9nyes c\u00edmke a tekercsen"},"content":{"rendered":"<p>A transzfer tekercses c\u00edmk\u00e9ket \u00e1ltal\u00e1ban olyan alkalmaz\u00e1sokban haszn\u00e1lj\u00e1k, mint p\u00e9ld\u00e1ul az \u00e1rc\u00edmk\u00e9k.<\/p>\n<p>&nbsp;<\/p>\n<p>&nbsp;<\/p>\n<p>&nbsp;<\/p>\n","protected":false},"excerpt":{"rendered":"<p><b>M\u0171szaki adatok:<\/b><\/p>\n","protected":false},"featured_media":12194,"template":"","meta":[],"product_brand":[],"product_cat":[287],"product_tag":[],"class_list":{"0":"post-12136","1":"product","2":"type-product","3":"status-publish","4":"has-post-thumbnail","6":"product_cat-product-and-pricing-labels-hu","8":"first","9":"instock","10":"featured","11":"taxable","12":"shipping-taxable","13":"purchasable","14":"product-type-simple"},"yoast_head":"<!-- This site is optimized with the Yoast SEO plugin v27.4 - https:\/\/yoast.com\/product\/yoast-seo-wordpress\/ -->\n<title>%<\/title>\n<meta name=\"description\" content=\"M\u0171szaki adatok:%\" \/>\n<meta name=\"robots\" content=\"index, follow, max-snippet:-1, max-image-preview:large, max-video-preview:-1\" \/>\n<link rel=\"canonical\" href=\"https:\/\/azimexprint.com\/hu\/term\u00e9k\/10-x-105-mm-azimex-thermocimke-tekercsen-1000-cimke-tekercs-copy-copy-copy-copy\/\" \/>\n<meta property=\"og:locale\" content=\"hu_HU\" \/>\n<meta property=\"og:type\" content=\"article\" \/>\n<meta property=\"og:title\" content=\"%\" \/>\n<meta property=\"og:description\" content=\"M\u0171szaki adatok:%\" \/>\n<meta property=\"og:url\" content=\"https:\/\/azimexprint.com\/hu\/term\u00e9k\/10-x-105-mm-azimex-thermocimke-tekercsen-1000-cimke-tekercs-copy-copy-copy-copy\/\" \/>\n<meta property=\"og:site_name\" content=\"AzimexPrint\" \/>\n<meta property=\"article:modified_time\" content=\"2025-05-30T10:44:09+00:00\" \/>\n<meta name=\"twitter:card\" content=\"summary_large_image\" \/>\n<meta name=\"twitter:image\" content=\"https:\/\/azimexprint.com\/wp-content\/uploads\/2025\/05\/ChatGPT-Image-May-13-2025-10_50_33-AM.png\" \/>\n<script type=\"application\/ld+json\" class=\"yoast-schema-graph\">{\"@context\":\"https:\\\/\\\/schema.org\",\"@graph\":[{\"@type\":\"WebPage\",\"@id\":\"https:\\\/\\\/azimexprint.com\\\/hu\\\/term\u00e9k\\\/10-x-105-mm-azimex-thermocimke-tekercsen-1000-cimke-tekercs-copy-copy-copy-copy\\\/\",\"url\":\"https:\\\/\\\/azimexprint.com\\\/hu\\\/term\u00e9k\\\/10-x-105-mm-azimex-thermocimke-tekercsen-1000-cimke-tekercs-copy-copy-copy-copy\\\/\",\"name\":\"%\",\"isPartOf\":{\"@id\":\"https:\\\/\\\/azimexprint.com\\\/hu\\\/#website\"},\"primaryImageOfPage\":{\"@id\":\"https:\\\/\\\/azimexprint.com\\\/hu\\\/term\u00e9k\\\/10-x-105-mm-azimex-thermocimke-tekercsen-1000-cimke-tekercs-copy-copy-copy-copy\\\/#primaryimage\"},\"image\":{\"@id\":\"https:\\\/\\\/azimexprint.com\\\/hu\\\/term\u00e9k\\\/10-x-105-mm-azimex-thermocimke-tekercsen-1000-cimke-tekercs-copy-copy-copy-copy\\\/#primaryimage\"},\"thumbnailUrl\":\"https:\\\/\\\/azimexprint.com\\\/wp-content\\\/uploads\\\/2025\\\/05\\\/ChatGPT-Image-May-13-2025-10_50_33-AM.png\",\"datePublished\":\"2025-05-12T16:30:39+00:00\",\"dateModified\":\"2025-05-30T10:44:09+00:00\",\"description\":\"M\u0171szaki adatok:%\",\"breadcrumb\":{\"@id\":\"https:\\\/\\\/azimexprint.com\\\/hu\\\/term\u00e9k\\\/10-x-105-mm-azimex-thermocimke-tekercsen-1000-cimke-tekercs-copy-copy-copy-copy\\\/#breadcrumb\"},\"inLanguage\":\"hu\",\"potentialAction\":[{\"@type\":\"ReadAction\",\"target\":[\"https:\\\/\\\/azimexprint.com\\\/hu\\\/term\u00e9k\\\/10-x-105-mm-azimex-thermocimke-tekercsen-1000-cimke-tekercs-copy-copy-copy-copy\\\/\"]}]},{\"@type\":\"ImageObject\",\"inLanguage\":\"hu\",\"@id\":\"https:\\\/\\\/azimexprint.com\\\/hu\\\/term\u00e9k\\\/10-x-105-mm-azimex-thermocimke-tekercsen-1000-cimke-tekercs-copy-copy-copy-copy\\\/#primaryimage\",\"url\":\"https:\\\/\\\/azimexprint.com\\\/wp-content\\\/uploads\\\/2025\\\/05\\\/ChatGPT-Image-May-13-2025-10_50_33-AM.png\",\"contentUrl\":\"https:\\\/\\\/azimexprint.com\\\/wp-content\\\/uploads\\\/2025\\\/05\\\/ChatGPT-Image-May-13-2025-10_50_33-AM.png\"},{\"@type\":\"BreadcrumbList\",\"@id\":\"https:\\\/\\\/azimexprint.com\\\/hu\\\/term\u00e9k\\\/10-x-105-mm-azimex-thermocimke-tekercsen-1000-cimke-tekercs-copy-copy-copy-copy\\\/#breadcrumb\",\"itemListElement\":[{\"@type\":\"ListItem\",\"position\":1,\"name\":\"\u00c1ltal\u00e1nos inform\u00e1ci\u00f3k\",\"item\":\"https:\\\/\\\/azimexprint.com\\\/hu\\\/\"},{\"@type\":\"ListItem\",\"position\":2,\"name\":\"Bolt\",\"item\":\"https:\\\/\\\/azimexprint.com\\\/shop-2\\\/\"},{\"@type\":\"ListItem\",\"position\":3,\"name\":\"25 % kedvezm\u00e9nyes c\u00edmke a tekercsen\"}]},{\"@type\":\"WebSite\",\"@id\":\"https:\\\/\\\/azimexprint.com\\\/hu\\\/#website\",\"url\":\"https:\\\/\\\/azimexprint.com\\\/hu\\\/\",\"name\":\"Azimex Print\",\"description\":\"Print\",\"publisher\":{\"@id\":\"https:\\\/\\\/azimexprint.com\\\/hu\\\/#organization\"},\"alternateName\":\"Azimex\",\"potentialAction\":[{\"@type\":\"SearchAction\",\"target\":{\"@type\":\"EntryPoint\",\"urlTemplate\":\"https:\\\/\\\/azimexprint.com\\\/hu\\\/?s={search_term_string}\"},\"query-input\":{\"@type\":\"PropertyValueSpecification\",\"valueRequired\":true,\"valueName\":\"search_term_string\"}}],\"inLanguage\":\"hu\"},{\"@type\":\"Organization\",\"@id\":\"https:\\\/\\\/azimexprint.com\\\/hu\\\/#organization\",\"name\":\"Azimex Print\",\"alternateName\":\"Azimex\",\"url\":\"https:\\\/\\\/azimexprint.com\\\/hu\\\/\",\"logo\":{\"@type\":\"ImageObject\",\"inLanguage\":\"hu\",\"@id\":\"https:\\\/\\\/azimexprint.com\\\/hu\\\/#\\\/schema\\\/logo\\\/image\\\/\",\"url\":\"https:\\\/\\\/azimexprint.com\\\/wp-content\\\/uploads\\\/2022\\\/03\\\/Azimex-logo.png\",\"contentUrl\":\"https:\\\/\\\/azimexprint.com\\\/wp-content\\\/uploads\\\/2022\\\/03\\\/Azimex-logo.png\",\"width\":500,\"height\":142,\"caption\":\"Azimex Print\"},\"image\":{\"@id\":\"https:\\\/\\\/azimexprint.com\\\/hu\\\/#\\\/schema\\\/logo\\\/image\\\/\"}}]}<\/script>\n<!-- \/ Yoast SEO plugin. -->","yoast_head_json":{"title":"%","description":"M\u0171szaki adatok:%","robots":{"index":"index","follow":"follow","max-snippet":"max-snippet:-1","max-image-preview":"max-image-preview:large","max-video-preview":"max-video-preview:-1"},"canonical":"https:\/\/azimexprint.com\/hu\/term\u00e9k\/10-x-105-mm-azimex-thermocimke-tekercsen-1000-cimke-tekercs-copy-copy-copy-copy\/","og_locale":"hu_HU","og_type":"article","og_title":"%","og_description":"M\u0171szaki adatok:%","og_url":"https:\/\/azimexprint.com\/hu\/term\u00e9k\/10-x-105-mm-azimex-thermocimke-tekercsen-1000-cimke-tekercs-copy-copy-copy-copy\/","og_site_name":"AzimexPrint","article_modified_time":"2025-05-30T10:44:09+00:00","twitter_card":"summary_large_image","twitter_image":"https:\/\/azimexprint.com\/wp-content\/uploads\/2025\/05\/ChatGPT-Image-May-13-2025-10_50_33-AM.png","schema":{"@context":"https:\/\/schema.org","@graph":[{"@type":"WebPage","@id":"https:\/\/azimexprint.com\/hu\/term\u00e9k\/10-x-105-mm-azimex-thermocimke-tekercsen-1000-cimke-tekercs-copy-copy-copy-copy\/","url":"https:\/\/azimexprint.com\/hu\/term\u00e9k\/10-x-105-mm-azimex-thermocimke-tekercsen-1000-cimke-tekercs-copy-copy-copy-copy\/","name":"%","isPartOf":{"@id":"https:\/\/azimexprint.com\/hu\/#website"},"primaryImageOfPage":{"@id":"https:\/\/azimexprint.com\/hu\/term\u00e9k\/10-x-105-mm-azimex-thermocimke-tekercsen-1000-cimke-tekercs-copy-copy-copy-copy\/#primaryimage"},"image":{"@id":"https:\/\/azimexprint.com\/hu\/term\u00e9k\/10-x-105-mm-azimex-thermocimke-tekercsen-1000-cimke-tekercs-copy-copy-copy-copy\/#primaryimage"},"thumbnailUrl":"https:\/\/azimexprint.com\/wp-content\/uploads\/2025\/05\/ChatGPT-Image-May-13-2025-10_50_33-AM.png","datePublished":"2025-05-12T16:30:39+00:00","dateModified":"2025-05-30T10:44:09+00:00","description":"M\u0171szaki adatok:%","breadcrumb":{"@id":"https:\/\/azimexprint.com\/hu\/term\u00e9k\/10-x-105-mm-azimex-thermocimke-tekercsen-1000-cimke-tekercs-copy-copy-copy-copy\/#breadcrumb"},"inLanguage":"hu","potentialAction":[{"@type":"ReadAction","target":["https:\/\/azimexprint.com\/hu\/term\u00e9k\/10-x-105-mm-azimex-thermocimke-tekercsen-1000-cimke-tekercs-copy-copy-copy-copy\/"]}]},{"@type":"ImageObject","inLanguage":"hu","@id":"https:\/\/azimexprint.com\/hu\/term\u00e9k\/10-x-105-mm-azimex-thermocimke-tekercsen-1000-cimke-tekercs-copy-copy-copy-copy\/#primaryimage","url":"https:\/\/azimexprint.com\/wp-content\/uploads\/2025\/05\/ChatGPT-Image-May-13-2025-10_50_33-AM.png","contentUrl":"https:\/\/azimexprint.com\/wp-content\/uploads\/2025\/05\/ChatGPT-Image-May-13-2025-10_50_33-AM.png"},{"@type":"BreadcrumbList","@id":"https:\/\/azimexprint.com\/hu\/term\u00e9k\/10-x-105-mm-azimex-thermocimke-tekercsen-1000-cimke-tekercs-copy-copy-copy-copy\/#breadcrumb","itemListElement":[{"@type":"ListItem","position":1,"name":"\u00c1ltal\u00e1nos inform\u00e1ci\u00f3k","item":"https:\/\/azimexprint.com\/hu\/"},{"@type":"ListItem","position":2,"name":"Bolt","item":"https:\/\/azimexprint.com\/shop-2\/"},{"@type":"ListItem","position":3,"name":"25 % kedvezm\u00e9nyes c\u00edmke a tekercsen"}]},{"@type":"WebSite","@id":"https:\/\/azimexprint.com\/hu\/#website","url":"https:\/\/azimexprint.com\/hu\/","name":"Azimex Print","description":"Print","publisher":{"@id":"https:\/\/azimexprint.com\/hu\/#organization"},"alternateName":"Azimex","potentialAction":[{"@type":"SearchAction","target":{"@type":"EntryPoint","urlTemplate":"https:\/\/azimexprint.com\/hu\/?s={search_term_string}"},"query-input":{"@type":"PropertyValueSpecification","valueRequired":true,"valueName":"search_term_string"}}],"inLanguage":"hu"},{"@type":"Organization","@id":"https:\/\/azimexprint.com\/hu\/#organization","name":"Azimex Print","alternateName":"Azimex","url":"https:\/\/azimexprint.com\/hu\/","logo":{"@type":"ImageObject","inLanguage":"hu","@id":"https:\/\/azimexprint.com\/hu\/#\/schema\/logo\/image\/","url":"https:\/\/azimexprint.com\/wp-content\/uploads\/2022\/03\/Azimex-logo.png","contentUrl":"https:\/\/azimexprint.com\/wp-content\/uploads\/2022\/03\/Azimex-logo.png","width":500,"height":142,"caption":"Azimex Print"},"image":{"@id":"https:\/\/azimexprint.com\/hu\/#\/schema\/logo\/image\/"}}]}},"_links":{"self":[{"href":"https:\/\/azimexprint.com\/hu\/wp-json\/wp\/v2\/product\/12136","targetHints":{"allow":["GET"]}}],"collection":[{"href":"https:\/\/azimexprint.com\/hu\/wp-json\/wp\/v2\/product"}],"about":[{"href":"https:\/\/azimexprint.com\/hu\/wp-json\/wp\/v2\/types\/product"}],"wp:featuredmedia":[{"embeddable":true,"href":"https:\/\/azimexprint.com\/hu\/wp-json\/wp\/v2\/media\/12194"}],"wp:attachment":[{"href":"https:\/\/azimexprint.com\/hu\/wp-json\/wp\/v2\/media?parent=12136"}],"wp:term":[{"taxonomy":"product_brand","embeddable":true,"href":"https:\/\/azimexprint.com\/hu\/wp-json\/wp\/v2\/product_brand?post=12136"},{"taxonomy":"product_cat","embeddable":true,"href":"https:\/\/azimexprint.com\/hu\/wp-json\/wp\/v2\/product_cat?post=12136"},{"taxonomy":"product_tag","embeddable":true,"href":"https:\/\/azimexprint.com\/hu\/wp-json\/wp\/v2\/product_tag?post=12136"}],"curies":[{"name":"wp","href":"https:\/\/api.w.org\/{rel}","templated":true}]}}