{"id":6910,"date":"2020-04-29T18:43:17","date_gmt":"2020-04-29T18:43:17","guid":{"rendered":"https:\/\/azimexprint.com\/csapatunk\/"},"modified":"2025-08-04T12:47:08","modified_gmt":"2025-08-04T12:47:08","slug":"csapatunk","status":"publish","type":"page","link":"https:\/\/azimexprint.com\/hu\/csapatunk\/","title":{"rendered":"CSAPATUNK"},"content":{"rendered":"\t\t<div data-elementor-type=\"wp-page\" data-elementor-id=\"6910\" class=\"elementor elementor-6910 elementor-467\" data-elementor-post-type=\"page\">\n\t\t\t\t\t\t<div class=\"elementor-section elementor-top-section elementor-element elementor-element-bc544d8 elementor-section-boxed elementor-section-height-default elementor-section-height-default\" data-id=\"bc544d8\" data-element_type=\"section\" data-e-type=\"section\">\n\t\t\t\t\t\t<div class=\"elementor-container elementor-column-gap-no\">\n\t\t\t\t\t<div class=\"elementor-column elementor-col-100 elementor-top-column elementor-element elementor-element-8da3c42\" data-id=\"8da3c42\" data-element_type=\"column\" data-e-type=\"column\">\n\t\t\t<div class=\"elementor-widget-wrap elementor-element-populated\">\n\t\t\t\t\t\t<div class=\"elementor-element elementor-element-817b3f6 elementor-widget__width-initial elementor-widget-tablet__width-initial elementor-widget elementor-widget-lastudio-team-member\" data-id=\"817b3f6\" data-element_type=\"widget\" data-e-type=\"widget\" data-widget_type=\"lastudio-team-member.default\">\n\t\t\t\t<div class=\"elementor-widget-container\">\n\t\t\t\t\t\n<div id=\"tm_817b3f6\" class=\"lastudio-team-member layout-type-grid preset-type-6\">    <div class=\"lastudio-member__list_wrapper\">\n        <div class=\"lastudio-member__list active-object-fit grid-items block-grid-3 laptop-block-grid-3 tablet-block-grid-3 mobile-block-grid-2 xmobile-block-grid-1\" data-item_selector=\".loop__item\">\n        <div class=\"lastudio-team-member__item loop__item grid-item\">\n\t<div class=\"lastudio-team-member__inner-box\">\n        <div class=\"lastudio-team-member__inner\">\n            <div class=\"lastudio-team-member__image_wrap\">\n                <a href=\"https:\/\/azimexprint.com\/hu\/team-member\/satmari-gabor\/\" title=\"Szatmari G\u00e1bor, \u00fcgyvezet\u0151 igazgat\u00f3\" class=\"lastudio-images-layout__link\">\n                    <figure class=\"figure__object_fit lastudio-team-member__image\">\n                        <img fetchpriority=\"high\" decoding=\"async\" width=\"800\" height=\"800\" src=\"https:\/\/azimexprint.com\/wp-content\/uploads\/2025\/08\/IMG_9077-800x800.jpeg\" class=\"lastudio-team-member__image-instance wp-post-image\" alt=\"Szatmari G\u00e1bor, \u00fcgyvezet\u0151 igazgat\u00f3\" srcset=\"https:\/\/azimexprint.com\/wp-content\/uploads\/2025\/08\/IMG_9077-800x800.jpeg 800w, https:\/\/azimexprint.com\/wp-content\/uploads\/2025\/08\/IMG_9077-400x400.jpeg 400w, https:\/\/azimexprint.com\/wp-content\/uploads\/2025\/08\/IMG_9077-180x180.jpeg 180w\" sizes=\"(max-width: 800px) 100vw, 800px\" \/>                    <\/figure>\n                <\/a>\n                            <\/div>\n            <div class=\"lastudio-team-member__content\">\n                <h4 class=\"lastudio-team-member__name\"><a href=\"https:\/\/azimexprint.com\/hu\/team-member\/satmari-gabor\/\">Szatmari G\u00e1bor, \u00fcgyvezet\u0151 igazgat\u00f3<\/a><\/h4><div class=\"lastudio-team-member__socials\"><div class=\"item--social member-social\"><a class=\"social-email email\" href=\"mailto:szatmarigabor@azimex.hu\"><i class=\"lastudioicon-mail\"><\/i><\/a><\/div><\/div>            <\/div>\n        <\/div>\n    <\/div>\n<\/div><div class=\"lastudio-team-member__item loop__item grid-item\">\n\t<div class=\"lastudio-team-member__inner-box\">\n        <div class=\"lastudio-team-member__inner\">\n            <div class=\"lastudio-team-member__image_wrap\">\n                <a href=\"https:\/\/azimexprint.com\/hu\/team-member\/meszaros-atilla\/\" title=\"Meszaros Atilla, termel\u00e9si \u00e9s m\u0171szaki vezet\u0151\" class=\"lastudio-images-layout__link\">\n                    <figure class=\"figure__object_fit lastudio-team-member__image\">\n                        <img decoding=\"async\" width=\"800\" height=\"800\" src=\"https:\/\/azimexprint.com\/wp-content\/uploads\/2025\/07\/1eb5e7ee-b9d9-4b49-ad90-d1e0e9aff939-800x800.jpeg\" class=\"lastudio-team-member__image-instance wp-post-image\" alt=\"Meszaros Atilla, termel\u00e9si \u00e9s m\u0171szaki vezet\u0151\" srcset=\"https:\/\/azimexprint.com\/wp-content\/uploads\/2025\/07\/1eb5e7ee-b9d9-4b49-ad90-d1e0e9aff939-800x800.jpeg 800w, https:\/\/azimexprint.com\/wp-content\/uploads\/2025\/07\/1eb5e7ee-b9d9-4b49-ad90-d1e0e9aff939-400x400.jpeg 400w, https:\/\/azimexprint.com\/wp-content\/uploads\/2025\/07\/1eb5e7ee-b9d9-4b49-ad90-d1e0e9aff939-180x180.jpeg 180w\" sizes=\"(max-width: 800px) 100vw, 800px\" \/>                    <\/figure>\n                <\/a>\n                            <\/div>\n            <div class=\"lastudio-team-member__content\">\n                <h4 class=\"lastudio-team-member__name\"><a href=\"https:\/\/azimexprint.com\/hu\/team-member\/meszaros-atilla\/\">Meszaros Atilla, termel\u00e9si \u00e9s m\u0171szaki vezet\u0151<\/a><\/h4><div class=\"lastudio-team-member__socials\"><div class=\"item--social member-social\"><a class=\"social-email email\" href=\"mailto:meszarosattila@azimex.hu\"><i class=\"lastudioicon-mail\"><\/i><\/a><\/div><\/div>            <\/div>\n        <\/div>\n    <\/div>\n<\/div><div class=\"lastudio-team-member__item loop__item grid-item\">\n\t<div class=\"lastudio-team-member__inner-box\">\n        <div class=\"lastudio-team-member__inner\">\n            <div class=\"lastudio-team-member__image_wrap\">\n                <a href=\"https:\/\/azimexprint.com\/hu\/team-member\/oksana-satmari\/\" title=\"Oksana Satmari, \u00dczletfejleszt\u00e9s\" class=\"lastudio-images-layout__link\">\n                    <figure class=\"figure__object_fit lastudio-team-member__image\">\n                        <img decoding=\"async\" width=\"480\" height=\"800\" src=\"https:\/\/azimexprint.com\/wp-content\/uploads\/2020\/04\/487787102_1543451779685526_6379575644335610481_n-1-480x800.jpg\" class=\"lastudio-team-member__image-instance wp-post-image\" alt=\"Oksana Satmari, \u00dczletfejleszt\u00e9s\" \/>                    <\/figure>\n                <\/a>\n                            <\/div>\n            <div class=\"lastudio-team-member__content\">\n                <h4 class=\"lastudio-team-member__name\"><a href=\"https:\/\/azimexprint.com\/hu\/team-member\/oksana-satmari\/\">Oksana Satmari, \u00dczletfejleszt\u00e9s<\/a><\/h4><div class=\"lastudio-team-member__socials\"><div class=\"item--social member-social\"><\/div><\/div>            <\/div>\n        <\/div>\n    <\/div>\n<\/div><div class=\"lastudio-team-member__item loop__item grid-item\">\n\t<div class=\"lastudio-team-member__inner-box\">\n        <div class=\"lastudio-team-member__inner\">\n            <div class=\"lastudio-team-member__image_wrap\">\n                <a href=\"https:\/\/azimexprint.com\/hu\/team-member\/john-smith\/\" title=\"\u00c9rt\u00e9kes\u00edt\u00e9si csapat\" class=\"lastudio-images-layout__link\">\n                    <figure class=\"figure__object_fit lastudio-team-member__image\">\n                        <img loading=\"lazy\" decoding=\"async\" width=\"800\" height=\"800\" src=\"https:\/\/azimexprint.com\/wp-content\/uploads\/2025\/07\/IMG_8809-800x800.jpeg\" class=\"lastudio-team-member__image-instance wp-post-image\" alt=\"\u00c9rt\u00e9kes\u00edt\u00e9si csapat\" srcset=\"https:\/\/azimexprint.com\/wp-content\/uploads\/2025\/07\/IMG_8809-800x800.jpeg 800w, https:\/\/azimexprint.com\/wp-content\/uploads\/2025\/07\/IMG_8809-400x400.jpeg 400w, https:\/\/azimexprint.com\/wp-content\/uploads\/2025\/07\/IMG_8809-180x180.jpeg 180w\" sizes=\"(max-width: 800px) 100vw, 800px\" \/>                    <\/figure>\n                <\/a>\n                            <\/div>\n            <div class=\"lastudio-team-member__content\">\n                <h4 class=\"lastudio-team-member__name\"><a href=\"https:\/\/azimexprint.com\/hu\/team-member\/john-smith\/\">\u00c9rt\u00e9kes\u00edt\u00e9si csapat<\/a><\/h4><div class=\"lastudio-team-member__socials\"><div class=\"item--social member-social\"><a class=\"social-email email\" href=\"mailto:rendeles@azimex.hu\"><i class=\"lastudioicon-mail\"><\/i><\/a><\/div><\/div>            <\/div>\n        <\/div>\n    <\/div>\n<\/div><div class=\"lastudio-team-member__item loop__item grid-item\">\n\t<div class=\"lastudio-team-member__inner-box\">\n        <div class=\"lastudio-team-member__inner\">\n            <div class=\"lastudio-team-member__image_wrap\">\n                <a href=\"https:\/\/azimexprint.com\/hu\/team-member\/frederick-murphy\/\" title=\"Kincs Ferenc, logisztikai vezet\u0151\" class=\"lastudio-images-layout__link\">\n                    <figure class=\"figure__object_fit lastudio-team-member__image\">\n                        <img loading=\"lazy\" decoding=\"async\" width=\"800\" height=\"800\" src=\"https:\/\/azimexprint.com\/wp-content\/uploads\/2020\/04\/Feri-Kincs-800x800.jpg\" class=\"lastudio-team-member__image-instance wp-post-image\" alt=\"Kincs Ferenc, logisztikai vezet\u0151\" srcset=\"https:\/\/azimexprint.com\/wp-content\/uploads\/2020\/04\/Feri-Kincs-800x800.jpg 800w, https:\/\/azimexprint.com\/wp-content\/uploads\/2020\/04\/Feri-Kincs-400x400.jpg 400w, https:\/\/azimexprint.com\/wp-content\/uploads\/2020\/04\/Feri-Kincs-180x180.jpg 180w\" sizes=\"(max-width: 800px) 100vw, 800px\" \/>                    <\/figure>\n                <\/a>\n                            <\/div>\n            <div class=\"lastudio-team-member__content\">\n                <h4 class=\"lastudio-team-member__name\"><a href=\"https:\/\/azimexprint.com\/hu\/team-member\/frederick-murphy\/\">Kincs Ferenc, logisztikai vezet\u0151<\/a><\/h4><div class=\"lastudio-team-member__socials\"><div class=\"item--social member-social\"><a class=\"social-email email\" href=\"mailto:kincsferenc@azimex.hu\"><i class=\"lastudioicon-mail\"><\/i><\/a><\/div><\/div>            <\/div>\n        <\/div>\n    <\/div>\n<\/div><div class=\"lastudio-team-member__item loop__item grid-item\">\n\t<div class=\"lastudio-team-member__inner-box\">\n        <div class=\"lastudio-team-member__inner\">\n            <div class=\"lastudio-team-member__image_wrap\">\n                <a href=\"https:\/\/azimexprint.com\/hu\/team-member\/oscar-clark\/\" title=\"P\u00e9nz\u00fcgyi \u00e9s Sz\u00e1mviteli csoport\" class=\"lastudio-images-layout__link\">\n                    <figure class=\"figure__object_fit lastudio-team-member__image\">\n                                            <\/figure>\n                <\/a>\n                            <\/div>\n            <div class=\"lastudio-team-member__content\">\n                <h4 class=\"lastudio-team-member__name\"><a href=\"https:\/\/azimexprint.com\/hu\/team-member\/oscar-clark\/\">P\u00e9nz\u00fcgyi \u00e9s Sz\u00e1mviteli csoport<\/a><\/h4><div class=\"lastudio-team-member__socials\"><div class=\"item--social member-social\"><a class=\"social-email email\" href=\"mailto:konyveles@azimex.hu\"><i class=\"lastudioicon-mail\"><\/i><\/a><\/div><\/div>            <\/div>\n        <\/div>\n    <\/div>\n<\/div>        <\/div>\n    <\/div>\n    \n    <\/div>\n\t\t\t\t<\/div>\n\t\t\t\t<\/div>\n\t\t\t\t\t<\/div>\n\t\t<\/div>\n\t\t\t\t\t<\/div>\n\t\t<\/div>\n\t\t\t\t<\/div>\n\t\t","protected":false},"excerpt":{"rendered":"<p>Gabor Szatmari General Manager Atilla Meszaros Production and Technical Manager Oksana Satmari General Manager, Nordics Sales Team Sales Team Ferenc Kincs Logistic Manager Kornelia Kocsan Finance and Accounting Manager<\/p>\n","protected":false},"author":1,"featured_media":0,"parent":0,"menu_order":0,"comment_status":"closed","ping_status":"closed","template":"","meta":{"footnotes":""},"class_list":["post-6910","page","type-page","status-publish","hentry"],"yoast_head":"<!-- This site is optimized with the Yoast SEO plugin v27.4 - https:\/\/yoast.com\/product\/yoast-seo-wordpress\/ -->\n<title>CSAPATUNK% % -% AzimexPrint%<\/title>\n<meta name=\"description\" content=\"Gabor SzatmariGeneral Manager Atilla MeszarosProduction and Technical Manager Oksana SatmariGeneral Manager, Nordics Sales TeamSales Team Ferenc%\" \/>\n<meta name=\"robots\" content=\"index, follow, max-snippet:-1, max-image-preview:large, max-video-preview:-1\" \/>\n<link rel=\"canonical\" href=\"https:\/\/azimexprint.com\/hu\/csapatunk\/\" \/>\n<meta property=\"og:locale\" content=\"hu_HU\" \/>\n<meta property=\"og:type\" content=\"article\" \/>\n<meta property=\"og:title\" content=\"CSAPATUNK% % -% AzimexPrint%\" \/>\n<meta property=\"og:description\" content=\"Gabor SzatmariGeneral Manager Atilla MeszarosProduction and Technical Manager Oksana SatmariGeneral Manager, Nordics Sales TeamSales Team Ferenc%\" \/>\n<meta property=\"og:url\" content=\"https:\/\/azimexprint.com\/hu\/csapatunk\/\" \/>\n<meta property=\"og:site_name\" content=\"AzimexPrint\" \/>\n<meta property=\"article:modified_time\" content=\"2025-08-04T12:47:08+00:00\" \/>\n<meta property=\"og:image\" content=\"https:\/\/azimexprint.com\/wp-content\/uploads\/2020\/04\/830fe16c-3cb0-4347-bd90-f45aac7bfc4c-1-723x800.jpeg\" \/>\n<meta name=\"twitter:card\" content=\"summary_large_image\" \/>\n<script type=\"application\/ld+json\" class=\"yoast-schema-graph\">{\"@context\":\"https:\\\/\\\/schema.org\",\"@graph\":[{\"@type\":\"WebPage\",\"@id\":\"https:\\\/\\\/azimexprint.com\\\/hu\\\/csapatunk\\\/\",\"url\":\"https:\\\/\\\/azimexprint.com\\\/hu\\\/csapatunk\\\/\",\"name\":\"CSAPATUNK% % -% AzimexPrint%\",\"isPartOf\":{\"@id\":\"https:\\\/\\\/azimexprint.com\\\/hu\\\/#website\"},\"primaryImageOfPage\":{\"@id\":\"https:\\\/\\\/azimexprint.com\\\/hu\\\/csapatunk\\\/#primaryimage\"},\"image\":{\"@id\":\"https:\\\/\\\/azimexprint.com\\\/hu\\\/csapatunk\\\/#primaryimage\"},\"thumbnailUrl\":\"https:\\\/\\\/azimexprint.com\\\/wp-content\\\/uploads\\\/2020\\\/04\\\/830fe16c-3cb0-4347-bd90-f45aac7bfc4c-1-723x800.jpeg\",\"datePublished\":\"2020-04-29T18:43:17+00:00\",\"dateModified\":\"2025-08-04T12:47:08+00:00\",\"description\":\"Gabor SzatmariGeneral Manager Atilla MeszarosProduction and Technical Manager Oksana SatmariGeneral Manager, Nordics Sales TeamSales Team Ferenc%\",\"breadcrumb\":{\"@id\":\"https:\\\/\\\/azimexprint.com\\\/hu\\\/csapatunk\\\/#breadcrumb\"},\"inLanguage\":\"hu\",\"potentialAction\":[{\"@type\":\"ReadAction\",\"target\":[\"https:\\\/\\\/azimexprint.com\\\/hu\\\/csapatunk\\\/\"]}]},{\"@type\":\"ImageObject\",\"inLanguage\":\"hu\",\"@id\":\"https:\\\/\\\/azimexprint.com\\\/hu\\\/csapatunk\\\/#primaryimage\",\"url\":\"https:\\\/\\\/azimexprint.com\\\/wp-content\\\/uploads\\\/2020\\\/04\\\/830fe16c-3cb0-4347-bd90-f45aac7bfc4c-1-723x800.jpeg\",\"contentUrl\":\"https:\\\/\\\/azimexprint.com\\\/wp-content\\\/uploads\\\/2020\\\/04\\\/830fe16c-3cb0-4347-bd90-f45aac7bfc4c-1-723x800.jpeg\"},{\"@type\":\"BreadcrumbList\",\"@id\":\"https:\\\/\\\/azimexprint.com\\\/hu\\\/csapatunk\\\/#breadcrumb\",\"itemListElement\":[{\"@type\":\"ListItem\",\"position\":1,\"name\":\"\u00c1ltal\u00e1nos inform\u00e1ci\u00f3k\",\"item\":\"https:\\\/\\\/azimexprint.com\\\/hu\\\/\"},{\"@type\":\"ListItem\",\"position\":2,\"name\":\"CSAPATUNK\"}]},{\"@type\":\"WebSite\",\"@id\":\"https:\\\/\\\/azimexprint.com\\\/hu\\\/#website\",\"url\":\"https:\\\/\\\/azimexprint.com\\\/hu\\\/\",\"name\":\"Azimex Print\",\"description\":\"Print\",\"publisher\":{\"@id\":\"https:\\\/\\\/azimexprint.com\\\/hu\\\/#organization\"},\"alternateName\":\"Azimex\",\"potentialAction\":[{\"@type\":\"SearchAction\",\"target\":{\"@type\":\"EntryPoint\",\"urlTemplate\":\"https:\\\/\\\/azimexprint.com\\\/hu\\\/?s={search_term_string}\"},\"query-input\":{\"@type\":\"PropertyValueSpecification\",\"valueRequired\":true,\"valueName\":\"search_term_string\"}}],\"inLanguage\":\"hu\"},{\"@type\":\"Organization\",\"@id\":\"https:\\\/\\\/azimexprint.com\\\/hu\\\/#organization\",\"name\":\"Azimex Print\",\"alternateName\":\"Azimex\",\"url\":\"https:\\\/\\\/azimexprint.com\\\/hu\\\/\",\"logo\":{\"@type\":\"ImageObject\",\"inLanguage\":\"hu\",\"@id\":\"https:\\\/\\\/azimexprint.com\\\/hu\\\/#\\\/schema\\\/logo\\\/image\\\/\",\"url\":\"https:\\\/\\\/azimexprint.com\\\/wp-content\\\/uploads\\\/2022\\\/03\\\/Azimex-logo.png\",\"contentUrl\":\"https:\\\/\\\/azimexprint.com\\\/wp-content\\\/uploads\\\/2022\\\/03\\\/Azimex-logo.png\",\"width\":500,\"height\":142,\"caption\":\"Azimex Print\"},\"image\":{\"@id\":\"https:\\\/\\\/azimexprint.com\\\/hu\\\/#\\\/schema\\\/logo\\\/image\\\/\"}}]}<\/script>\n<!-- \/ Yoast SEO plugin. -->","yoast_head_json":{"title":"CSAPATUNK% % -% AzimexPrint%","description":"Gabor SzatmariGeneral Manager Atilla MeszarosProduction and Technical Manager Oksana SatmariGeneral Manager, Nordics Sales TeamSales Team Ferenc%","robots":{"index":"index","follow":"follow","max-snippet":"max-snippet:-1","max-image-preview":"max-image-preview:large","max-video-preview":"max-video-preview:-1"},"canonical":"https:\/\/azimexprint.com\/hu\/csapatunk\/","og_locale":"hu_HU","og_type":"article","og_title":"CSAPATUNK% % -% AzimexPrint%","og_description":"Gabor SzatmariGeneral Manager Atilla MeszarosProduction and Technical Manager Oksana SatmariGeneral Manager, Nordics Sales TeamSales Team Ferenc%","og_url":"https:\/\/azimexprint.com\/hu\/csapatunk\/","og_site_name":"AzimexPrint","article_modified_time":"2025-08-04T12:47:08+00:00","og_image":[{"url":"https:\/\/azimexprint.com\/wp-content\/uploads\/2020\/04\/830fe16c-3cb0-4347-bd90-f45aac7bfc4c-1-723x800.jpeg","type":"","width":"","height":""}],"twitter_card":"summary_large_image","schema":{"@context":"https:\/\/schema.org","@graph":[{"@type":"WebPage","@id":"https:\/\/azimexprint.com\/hu\/csapatunk\/","url":"https:\/\/azimexprint.com\/hu\/csapatunk\/","name":"CSAPATUNK% % -% AzimexPrint%","isPartOf":{"@id":"https:\/\/azimexprint.com\/hu\/#website"},"primaryImageOfPage":{"@id":"https:\/\/azimexprint.com\/hu\/csapatunk\/#primaryimage"},"image":{"@id":"https:\/\/azimexprint.com\/hu\/csapatunk\/#primaryimage"},"thumbnailUrl":"https:\/\/azimexprint.com\/wp-content\/uploads\/2020\/04\/830fe16c-3cb0-4347-bd90-f45aac7bfc4c-1-723x800.jpeg","datePublished":"2020-04-29T18:43:17+00:00","dateModified":"2025-08-04T12:47:08+00:00","description":"Gabor SzatmariGeneral Manager Atilla MeszarosProduction and Technical Manager Oksana SatmariGeneral Manager, Nordics Sales TeamSales Team Ferenc%","breadcrumb":{"@id":"https:\/\/azimexprint.com\/hu\/csapatunk\/#breadcrumb"},"inLanguage":"hu","potentialAction":[{"@type":"ReadAction","target":["https:\/\/azimexprint.com\/hu\/csapatunk\/"]}]},{"@type":"ImageObject","inLanguage":"hu","@id":"https:\/\/azimexprint.com\/hu\/csapatunk\/#primaryimage","url":"https:\/\/azimexprint.com\/wp-content\/uploads\/2020\/04\/830fe16c-3cb0-4347-bd90-f45aac7bfc4c-1-723x800.jpeg","contentUrl":"https:\/\/azimexprint.com\/wp-content\/uploads\/2020\/04\/830fe16c-3cb0-4347-bd90-f45aac7bfc4c-1-723x800.jpeg"},{"@type":"BreadcrumbList","@id":"https:\/\/azimexprint.com\/hu\/csapatunk\/#breadcrumb","itemListElement":[{"@type":"ListItem","position":1,"name":"\u00c1ltal\u00e1nos inform\u00e1ci\u00f3k","item":"https:\/\/azimexprint.com\/hu\/"},{"@type":"ListItem","position":2,"name":"CSAPATUNK"}]},{"@type":"WebSite","@id":"https:\/\/azimexprint.com\/hu\/#website","url":"https:\/\/azimexprint.com\/hu\/","name":"Azimex Print","description":"Print","publisher":{"@id":"https:\/\/azimexprint.com\/hu\/#organization"},"alternateName":"Azimex","potentialAction":[{"@type":"SearchAction","target":{"@type":"EntryPoint","urlTemplate":"https:\/\/azimexprint.com\/hu\/?s={search_term_string}"},"query-input":{"@type":"PropertyValueSpecification","valueRequired":true,"valueName":"search_term_string"}}],"inLanguage":"hu"},{"@type":"Organization","@id":"https:\/\/azimexprint.com\/hu\/#organization","name":"Azimex Print","alternateName":"Azimex","url":"https:\/\/azimexprint.com\/hu\/","logo":{"@type":"ImageObject","inLanguage":"hu","@id":"https:\/\/azimexprint.com\/hu\/#\/schema\/logo\/image\/","url":"https:\/\/azimexprint.com\/wp-content\/uploads\/2022\/03\/Azimex-logo.png","contentUrl":"https:\/\/azimexprint.com\/wp-content\/uploads\/2022\/03\/Azimex-logo.png","width":500,"height":142,"caption":"Azimex Print"},"image":{"@id":"https:\/\/azimexprint.com\/hu\/#\/schema\/logo\/image\/"}}]}},"_links":{"self":[{"href":"https:\/\/azimexprint.com\/hu\/wp-json\/wp\/v2\/pages\/6910","targetHints":{"allow":["GET"]}}],"collection":[{"href":"https:\/\/azimexprint.com\/hu\/wp-json\/wp\/v2\/pages"}],"about":[{"href":"https:\/\/azimexprint.com\/hu\/wp-json\/wp\/v2\/types\/page"}],"author":[{"embeddable":true,"href":"https:\/\/azimexprint.com\/hu\/wp-json\/wp\/v2\/users\/1"}],"replies":[{"embeddable":true,"href":"https:\/\/azimexprint.com\/hu\/wp-json\/wp\/v2\/comments?post=6910"}],"version-history":[{"count":6,"href":"https:\/\/azimexprint.com\/hu\/wp-json\/wp\/v2\/pages\/6910\/revisions"}],"predecessor-version":[{"id":13555,"href":"https:\/\/azimexprint.com\/hu\/wp-json\/wp\/v2\/pages\/6910\/revisions\/13555"}],"wp:attachment":[{"href":"https:\/\/azimexprint.com\/hu\/wp-json\/wp\/v2\/media?parent=6910"}],"curies":[{"name":"wp","href":"https:\/\/api.w.org\/{rel}","templated":true}]}}