{"id":5965,"date":"2024-04-10T14:02:45","date_gmt":"2024-04-10T14:02:45","guid":{"rendered":"https:\/\/azimexprint.com\/papirzacskok-es-zsakok-2\/"},"modified":"2025-08-14T12:34:26","modified_gmt":"2025-08-14T12:34:26","slug":"papirzacskok-es-zsakok-2","status":"publish","type":"page","link":"https:\/\/azimexprint.com\/hu\/papirzacskok-es-zsakok-2\/","title":{"rendered":"PAP\u00cdRT\u00c1SK\u00c1K, TASAKOK, P\u00c9KTASAKOK"},"content":{"rendered":"\t\t<div data-elementor-type=\"wp-page\" data-elementor-id=\"5965\" class=\"elementor elementor-5965 elementor-3630\" data-elementor-post-type=\"page\">\n\t\t\t\t\t\t<div class=\"elementor-section elementor-top-section elementor-element elementor-element-2cc5c6ce elementor-section-boxed elementor-section-height-default elementor-section-height-default\" data-id=\"2cc5c6ce\" data-element_type=\"section\" data-e-type=\"section\">\n\t\t\t\t\t\t<div class=\"elementor-container elementor-column-gap-default\">\n\t\t\t\t\t<div class=\"elementor-column elementor-col-100 elementor-top-column elementor-element elementor-element-2cd03a9e\" data-id=\"2cd03a9e\" data-element_type=\"column\" data-e-type=\"column\">\n\t\t\t<div class=\"elementor-widget-wrap elementor-element-populated\">\n\t\t\t\t\t\t<div class=\"elementor-element elementor-element-686cd209 elementor-widget elementor-widget-text-editor\" data-id=\"686cd209\" data-element_type=\"widget\" data-e-type=\"widget\" data-widget_type=\"text-editor.default\">\n\t\t\t\t<div class=\"elementor-widget-container\">\n\t\t\t\t\t\t\t\t\t<h3 data-start=\"117\" data-end=\"146\"> <\/h3>\n<p> <\/p>\n<p data-start=\"148\" data-end=\"613\">Olyan csomagol\u00e1st keres, amely praktikus, j\u00f3l n\u00e9z ki \u00e9s k\u00edm\u00e9li a bolyg\u00f3t? <strong data-start=\"230\" data-end=\"257\">Pap\u00edrtasakjaink<br>megfelelnek<\/strong> \u00d6nnek. Sz\u00e9les felhaszn\u00e1l\u00e1si ter\u00fclet\u00e9nek k\u00f6sz\u00f6nhet\u0151en egyike napjaink legalapvet\u0151bb csomagol\u00e1stechnikai term\u00e9keinek. A pap\u00edrtasak nyomtat\u00e1sa lehet fekete-feh\u00e9r vagy sz\u00ednes diz\u00e1jn is .    <\/p>\n<p><\/p>\n<figure class=\"wp-block-gallery has-nested-images columns-default is-cropped\">\n<p> <\/p>\n<figure class=\"wp-block-image size-large\"><\/figure>\n<p><\/p>\n<figure class=\"wp-block-image size-large\"><\/figure>\n<p><\/p>\n<\/figure>\n<p><\/p>\t\t\t\t\t\t\t\t<\/div>\n\t\t\t\t<\/div>\n\t\t\t\t\t<\/div>\n\t\t<\/div>\n\t\t\t\t\t<\/div>\n\t\t<\/div>\n\t\t\t\t<div class=\"elementor-section elementor-top-section elementor-element elementor-element-35d8e70 elementor-section-boxed elementor-section-height-default elementor-section-height-default\" data-id=\"35d8e70\" data-element_type=\"section\" data-e-type=\"section\">\n\t\t\t\t\t\t<div class=\"elementor-container elementor-column-gap-default\">\n\t\t\t\t\t<div class=\"elementor-column elementor-col-100 elementor-top-column elementor-element elementor-element-b0e8c20\" data-id=\"b0e8c20\" data-element_type=\"column\" data-e-type=\"column\">\n\t\t\t<div class=\"elementor-widget-wrap elementor-element-populated\">\n\t\t\t\t\t\t<div class=\"elementor-element elementor-element-a1a4020 elementor-widget elementor-widget-image-gallery\" data-id=\"a1a4020\" data-element_type=\"widget\" data-e-type=\"widget\" data-widget_type=\"image-gallery.default\">\n\t\t\t\t<div class=\"elementor-widget-container\">\n\t\t\t\t\t\t\t<div class=\"elementor-image-gallery\">\n\t\t\t<div id='gallery-1' class='gallery galleryid-5965 gallery-columns-4 gallery-size-thumbnail'><dl class='gallery-item'>\n\t\t\t<dt class='gallery-icon portrait'>\n\t\t\t\t<a data-elementor-open-lightbox=\"yes\" data-elementor-lightbox-slideshow=\"a1a4020\" data-elementor-lightbox-title=\"IMG_20250512_082958\" data-e-action-hash=\"#elementor-action%3Aaction%3Dlightbox%26settings%3DeyJpZCI6MTIwMzIsInVybCI6Imh0dHBzOlwvXC9hemltZXhwcmludC5jb21cL3dwLWNvbnRlbnRcL3VwbG9hZHNcLzIwMjVcLzA1XC9JTUdfMjAyNTA1MTJfMDgyOTU4LXNjYWxlZC5qcGciLCJzbGlkZXNob3ciOiJhMWE0MDIwIn0%3D\" href='https:\/\/azimexprint.com\/wp-content\/uploads\/2025\/05\/IMG_20250512_082958-scaled.jpg'><img fetchpriority=\"high\" decoding=\"async\" width=\"370\" height=\"350\" src=\"https:\/\/azimexprint.com\/wp-content\/uploads\/2025\/05\/IMG_20250512_082958-370x350.jpg\" class=\"attachment-thumbnail size-thumbnail\" alt=\"\" \/><\/a>\n\t\t\t<\/dt><\/dl><dl class='gallery-item'>\n\t\t\t<dt class='gallery-icon portrait'>\n\t\t\t\t<a data-elementor-open-lightbox=\"yes\" data-elementor-lightbox-slideshow=\"a1a4020\" data-elementor-lightbox-title=\"IMG_20250512_082906\" data-e-action-hash=\"#elementor-action%3Aaction%3Dlightbox%26settings%3DeyJpZCI6MTIwMjYsInVybCI6Imh0dHBzOlwvXC9hemltZXhwcmludC5jb21cL3dwLWNvbnRlbnRcL3VwbG9hZHNcLzIwMjVcLzA1XC9JTUdfMjAyNTA1MTJfMDgyOTA2LXNjYWxlZC5qcGciLCJzbGlkZXNob3ciOiJhMWE0MDIwIn0%3D\" href='https:\/\/azimexprint.com\/wp-content\/uploads\/2025\/05\/IMG_20250512_082906-scaled.jpg'><img decoding=\"async\" width=\"370\" height=\"350\" src=\"https:\/\/azimexprint.com\/wp-content\/uploads\/2025\/05\/IMG_20250512_082906-370x350.jpg\" class=\"attachment-thumbnail size-thumbnail\" alt=\"\" \/><\/a>\n\t\t\t<\/dt><\/dl><dl class='gallery-item'>\n\t\t\t<dt class='gallery-icon portrait'>\n\t\t\t\t<a data-elementor-open-lightbox=\"yes\" data-elementor-lightbox-slideshow=\"a1a4020\" data-elementor-lightbox-title=\"IMG_20250512_083105\" data-e-action-hash=\"#elementor-action%3Aaction%3Dlightbox%26settings%3DeyJpZCI6MTIwMjAsInVybCI6Imh0dHBzOlwvXC9hemltZXhwcmludC5jb21cL3dwLWNvbnRlbnRcL3VwbG9hZHNcLzIwMjVcLzA1XC9JTUdfMjAyNTA1MTJfMDgzMTA1LXNjYWxlZC5qcGciLCJzbGlkZXNob3ciOiJhMWE0MDIwIn0%3D\" href='https:\/\/azimexprint.com\/wp-content\/uploads\/2025\/05\/IMG_20250512_083105-scaled.jpg'><img decoding=\"async\" width=\"370\" height=\"350\" src=\"https:\/\/azimexprint.com\/wp-content\/uploads\/2025\/05\/IMG_20250512_083105-370x350.jpg\" class=\"attachment-thumbnail size-thumbnail\" alt=\"\" \/><\/a>\n\t\t\t<\/dt><\/dl><dl class='gallery-item'>\n\t\t\t<dt class='gallery-icon portrait'>\n\t\t\t\t<a data-elementor-open-lightbox=\"yes\" data-elementor-lightbox-slideshow=\"a1a4020\" data-elementor-lightbox-title=\"IMG_4921\" data-e-action-hash=\"#elementor-action%3Aaction%3Dlightbox%26settings%3DeyJpZCI6MTE0NzQsInVybCI6Imh0dHBzOlwvXC9hemltZXhwcmludC5jb21cL3dwLWNvbnRlbnRcL3VwbG9hZHNcLzIwMjVcLzA1XC9JTUdfNDkyMS1zY2FsZWQuanBlZyIsInNsaWRlc2hvdyI6ImExYTQwMjAifQ%3D%3D\" href='https:\/\/azimexprint.com\/wp-content\/uploads\/2025\/05\/IMG_4921-scaled.jpeg'><img loading=\"lazy\" decoding=\"async\" width=\"370\" height=\"350\" src=\"https:\/\/azimexprint.com\/wp-content\/uploads\/2025\/05\/IMG_4921-370x350.jpeg\" class=\"attachment-thumbnail size-thumbnail\" alt=\"\" \/><\/a>\n\t\t\t<\/dt><\/dl><br style=\"clear: both\" \/><dl class='gallery-item'>\n\t\t\t<dt class='gallery-icon portrait'>\n\t\t\t\t<a data-elementor-open-lightbox=\"yes\" data-elementor-lightbox-slideshow=\"a1a4020\" data-elementor-lightbox-title=\"IMG_4869\" data-e-action-hash=\"#elementor-action%3Aaction%3Dlightbox%26settings%3DeyJpZCI6MTE0NTMsInVybCI6Imh0dHBzOlwvXC9hemltZXhwcmludC5jb21cL3dwLWNvbnRlbnRcL3VwbG9hZHNcLzIwMjVcLzA1XC9JTUdfNDg2OS1zY2FsZWQuanBlZyIsInNsaWRlc2hvdyI6ImExYTQwMjAifQ%3D%3D\" href='https:\/\/azimexprint.com\/wp-content\/uploads\/2025\/05\/IMG_4869-scaled.jpeg'><img loading=\"lazy\" decoding=\"async\" width=\"370\" height=\"350\" src=\"https:\/\/azimexprint.com\/wp-content\/uploads\/2025\/05\/IMG_4869-370x350.jpeg\" class=\"attachment-thumbnail size-thumbnail\" alt=\"\" \/><\/a>\n\t\t\t<\/dt><\/dl><dl class='gallery-item'>\n\t\t\t<dt class='gallery-icon portrait'>\n\t\t\t\t<a data-elementor-open-lightbox=\"yes\" data-elementor-lightbox-slideshow=\"a1a4020\" data-elementor-lightbox-title=\"IMG_4904\" data-e-action-hash=\"#elementor-action%3Aaction%3Dlightbox%26settings%3DeyJpZCI6MTE0NzEsInVybCI6Imh0dHBzOlwvXC9hemltZXhwcmludC5jb21cL3dwLWNvbnRlbnRcL3VwbG9hZHNcLzIwMjVcLzA1XC9JTUdfNDkwNC1zY2FsZWQuanBlZyIsInNsaWRlc2hvdyI6ImExYTQwMjAifQ%3D%3D\" href='https:\/\/azimexprint.com\/wp-content\/uploads\/2025\/05\/IMG_4904-scaled.jpeg'><img loading=\"lazy\" decoding=\"async\" width=\"370\" height=\"350\" src=\"https:\/\/azimexprint.com\/wp-content\/uploads\/2025\/05\/IMG_4904-370x350.jpeg\" class=\"attachment-thumbnail size-thumbnail\" alt=\"\" \/><\/a>\n\t\t\t<\/dt><\/dl><dl class='gallery-item'>\n\t\t\t<dt class='gallery-icon portrait'>\n\t\t\t\t<a data-elementor-open-lightbox=\"yes\" data-elementor-lightbox-slideshow=\"a1a4020\" data-elementor-lightbox-title=\"IMG_4898\" data-e-action-hash=\"#elementor-action%3Aaction%3Dlightbox%26settings%3DeyJpZCI6MTE0NjgsInVybCI6Imh0dHBzOlwvXC9hemltZXhwcmludC5jb21cL3dwLWNvbnRlbnRcL3VwbG9hZHNcLzIwMjVcLzA1XC9JTUdfNDg5OC1zY2FsZWQuanBlZyIsInNsaWRlc2hvdyI6ImExYTQwMjAifQ%3D%3D\" href='https:\/\/azimexprint.com\/wp-content\/uploads\/2025\/05\/IMG_4898-scaled.jpeg'><img loading=\"lazy\" decoding=\"async\" width=\"370\" height=\"350\" src=\"https:\/\/azimexprint.com\/wp-content\/uploads\/2025\/05\/IMG_4898-370x350.jpeg\" class=\"attachment-thumbnail size-thumbnail\" alt=\"\" \/><\/a>\n\t\t\t<\/dt><\/dl><dl class='gallery-item'>\n\t\t\t<dt class='gallery-icon portrait'>\n\t\t\t\t<a data-elementor-open-lightbox=\"yes\" data-elementor-lightbox-slideshow=\"a1a4020\" data-elementor-lightbox-title=\"IMG_4891\" data-e-action-hash=\"#elementor-action%3Aaction%3Dlightbox%26settings%3DeyJpZCI6MTE0NjIsInVybCI6Imh0dHBzOlwvXC9hemltZXhwcmludC5jb21cL3dwLWNvbnRlbnRcL3VwbG9hZHNcLzIwMjVcLzA1XC9JTUdfNDg5MS1zY2FsZWQuanBlZyIsInNsaWRlc2hvdyI6ImExYTQwMjAifQ%3D%3D\" href='https:\/\/azimexprint.com\/wp-content\/uploads\/2025\/05\/IMG_4891-scaled.jpeg'><img loading=\"lazy\" decoding=\"async\" width=\"370\" height=\"350\" src=\"https:\/\/azimexprint.com\/wp-content\/uploads\/2025\/05\/IMG_4891-370x350.jpeg\" class=\"attachment-thumbnail size-thumbnail\" alt=\"\" \/><\/a>\n\t\t\t<\/dt><\/dl><br style=\"clear: both\" \/>\n\t\t<\/div>\n\t\t<\/div>\n\t\t\t\t\t\t<\/div>\n\t\t\t\t<\/div>\n\t\t\t\t\t<\/div>\n\t\t<\/div>\n\t\t\t\t\t<\/div>\n\t\t<\/div>\n\t\t\t\t<\/div>\n\t\t","protected":false},"excerpt":{"rendered":"<p>Olyan csomagol\u00e1st keres, amely praktikus, j\u00f3l n\u00e9z ki \u00e9s k\u00edm\u00e9li a bolyg\u00f3t? Pap\u00edrtasakjainkmegfelelnek \u00d6nnek. Sz\u00e9les felhaszn\u00e1l\u00e1si ter\u00fclet\u00e9nek k\u00f6sz\u00f6nhet\u0151en egyike napjaink legalapvet\u0151bb csomagol\u00e1stechnikai term\u00e9keinek. A pap\u00edrtasak nyomtat\u00e1sa lehet fekete-feh\u00e9r vagy sz\u00ednes diz\u00e1jn is .<\/p>\n","protected":false},"author":1,"featured_media":0,"parent":0,"menu_order":0,"comment_status":"closed","ping_status":"closed","template":"","meta":{"footnotes":""},"class_list":["post-5965","page","type-page","status-publish","hentry"],"yoast_head":"<!-- This site is optimized with the Yoast SEO plugin v27.4 - https:\/\/yoast.com\/product\/yoast-seo-wordpress\/ -->\n<title>PAP\u00cdRT\u00c1SK\u00c1K, TASAKOK, P\u00c9KTASAKOK% % -% AzimexPrint%<\/title>\n<meta name=\"description\" content=\"Olyan csomagol\u00e1st keres, amely praktikus, j\u00f3l n\u00e9z ki \u00e9s k\u00edm\u00e9li a bolyg\u00f3t? Pap\u00edrtasakjainkmegfelelnek \u00d6nnek. Sz\u00e9les felhaszn\u00e1l\u00e1si ter\u00fclet\u00e9nek k\u00f6sz\u00f6nhet\u0151en%\" \/>\n<meta name=\"robots\" content=\"index, follow, max-snippet:-1, max-image-preview:large, max-video-preview:-1\" \/>\n<link rel=\"canonical\" href=\"https:\/\/azimexprint.com\/hu\/papirzacskok-es-zsakok-2\/\" \/>\n<meta property=\"og:locale\" content=\"hu_HU\" \/>\n<meta property=\"og:type\" content=\"article\" \/>\n<meta property=\"og:title\" content=\"PAP\u00cdRT\u00c1SK\u00c1K, TASAKOK, P\u00c9KTASAKOK% % -% AzimexPrint%\" \/>\n<meta property=\"og:description\" content=\"Olyan csomagol\u00e1st keres, amely praktikus, j\u00f3l n\u00e9z ki \u00e9s k\u00edm\u00e9li a bolyg\u00f3t? Pap\u00edrtasakjainkmegfelelnek \u00d6nnek. Sz\u00e9les felhaszn\u00e1l\u00e1si ter\u00fclet\u00e9nek k\u00f6sz\u00f6nhet\u0151en%\" \/>\n<meta property=\"og:url\" content=\"https:\/\/azimexprint.com\/hu\/papirzacskok-es-zsakok-2\/\" \/>\n<meta property=\"og:site_name\" content=\"AzimexPrint\" \/>\n<meta property=\"article:modified_time\" content=\"2025-08-14T12:34:26+00:00\" \/>\n<meta property=\"og:image\" content=\"https:\/\/azimexprint.com\/wp-content\/uploads\/2025\/05\/IMG_20250512_082958-370x350.jpg\" \/>\n<meta name=\"twitter:card\" content=\"summary_large_image\" \/>\n<script type=\"application\/ld+json\" class=\"yoast-schema-graph\">{\"@context\":\"https:\\\/\\\/schema.org\",\"@graph\":[{\"@type\":\"WebPage\",\"@id\":\"https:\\\/\\\/azimexprint.com\\\/hu\\\/papirzacskok-es-zsakok-2\\\/\",\"url\":\"https:\\\/\\\/azimexprint.com\\\/hu\\\/papirzacskok-es-zsakok-2\\\/\",\"name\":\"PAP\u00cdRT\u00c1SK\u00c1K, TASAKOK, P\u00c9KTASAKOK% % -% AzimexPrint%\",\"isPartOf\":{\"@id\":\"https:\\\/\\\/azimexprint.com\\\/hu\\\/#website\"},\"primaryImageOfPage\":{\"@id\":\"https:\\\/\\\/azimexprint.com\\\/hu\\\/papirzacskok-es-zsakok-2\\\/#primaryimage\"},\"image\":{\"@id\":\"https:\\\/\\\/azimexprint.com\\\/hu\\\/papirzacskok-es-zsakok-2\\\/#primaryimage\"},\"thumbnailUrl\":\"https:\\\/\\\/azimexprint.com\\\/wp-content\\\/uploads\\\/2025\\\/05\\\/IMG_20250512_082958-370x350.jpg\",\"datePublished\":\"2024-04-10T14:02:45+00:00\",\"dateModified\":\"2025-08-14T12:34:26+00:00\",\"description\":\"Olyan csomagol\u00e1st keres, amely praktikus, j\u00f3l n\u00e9z ki \u00e9s k\u00edm\u00e9li a bolyg\u00f3t? Pap\u00edrtasakjainkmegfelelnek \u00d6nnek. Sz\u00e9les felhaszn\u00e1l\u00e1si ter\u00fclet\u00e9nek k\u00f6sz\u00f6nhet\u0151en%\",\"breadcrumb\":{\"@id\":\"https:\\\/\\\/azimexprint.com\\\/hu\\\/papirzacskok-es-zsakok-2\\\/#breadcrumb\"},\"inLanguage\":\"hu\",\"potentialAction\":[{\"@type\":\"ReadAction\",\"target\":[\"https:\\\/\\\/azimexprint.com\\\/hu\\\/papirzacskok-es-zsakok-2\\\/\"]}]},{\"@type\":\"ImageObject\",\"inLanguage\":\"hu\",\"@id\":\"https:\\\/\\\/azimexprint.com\\\/hu\\\/papirzacskok-es-zsakok-2\\\/#primaryimage\",\"url\":\"https:\\\/\\\/azimexprint.com\\\/wp-content\\\/uploads\\\/2025\\\/05\\\/IMG_20250512_082958-370x350.jpg\",\"contentUrl\":\"https:\\\/\\\/azimexprint.com\\\/wp-content\\\/uploads\\\/2025\\\/05\\\/IMG_20250512_082958-370x350.jpg\"},{\"@type\":\"BreadcrumbList\",\"@id\":\"https:\\\/\\\/azimexprint.com\\\/hu\\\/papirzacskok-es-zsakok-2\\\/#breadcrumb\",\"itemListElement\":[{\"@type\":\"ListItem\",\"position\":1,\"name\":\"\u00c1ltal\u00e1nos inform\u00e1ci\u00f3k\",\"item\":\"https:\\\/\\\/azimexprint.com\\\/hu\\\/\"},{\"@type\":\"ListItem\",\"position\":2,\"name\":\"PAP\u00cdRT\u00c1SK\u00c1K, TASAKOK, P\u00c9KTASAKOK\"}]},{\"@type\":\"WebSite\",\"@id\":\"https:\\\/\\\/azimexprint.com\\\/hu\\\/#website\",\"url\":\"https:\\\/\\\/azimexprint.com\\\/hu\\\/\",\"name\":\"Azimex Print\",\"description\":\"Print\",\"publisher\":{\"@id\":\"https:\\\/\\\/azimexprint.com\\\/hu\\\/#organization\"},\"alternateName\":\"Azimex\",\"potentialAction\":[{\"@type\":\"SearchAction\",\"target\":{\"@type\":\"EntryPoint\",\"urlTemplate\":\"https:\\\/\\\/azimexprint.com\\\/hu\\\/?s={search_term_string}\"},\"query-input\":{\"@type\":\"PropertyValueSpecification\",\"valueRequired\":true,\"valueName\":\"search_term_string\"}}],\"inLanguage\":\"hu\"},{\"@type\":\"Organization\",\"@id\":\"https:\\\/\\\/azimexprint.com\\\/hu\\\/#organization\",\"name\":\"Azimex Print\",\"alternateName\":\"Azimex\",\"url\":\"https:\\\/\\\/azimexprint.com\\\/hu\\\/\",\"logo\":{\"@type\":\"ImageObject\",\"inLanguage\":\"hu\",\"@id\":\"https:\\\/\\\/azimexprint.com\\\/hu\\\/#\\\/schema\\\/logo\\\/image\\\/\",\"url\":\"https:\\\/\\\/azimexprint.com\\\/wp-content\\\/uploads\\\/2022\\\/03\\\/Azimex-logo.png\",\"contentUrl\":\"https:\\\/\\\/azimexprint.com\\\/wp-content\\\/uploads\\\/2022\\\/03\\\/Azimex-logo.png\",\"width\":500,\"height\":142,\"caption\":\"Azimex Print\"},\"image\":{\"@id\":\"https:\\\/\\\/azimexprint.com\\\/hu\\\/#\\\/schema\\\/logo\\\/image\\\/\"}}]}<\/script>\n<!-- \/ Yoast SEO plugin. -->","yoast_head_json":{"title":"PAP\u00cdRT\u00c1SK\u00c1K, TASAKOK, P\u00c9KTASAKOK% % -% AzimexPrint%","description":"Olyan csomagol\u00e1st keres, amely praktikus, j\u00f3l n\u00e9z ki \u00e9s k\u00edm\u00e9li a bolyg\u00f3t? Pap\u00edrtasakjainkmegfelelnek \u00d6nnek. Sz\u00e9les felhaszn\u00e1l\u00e1si ter\u00fclet\u00e9nek k\u00f6sz\u00f6nhet\u0151en%","robots":{"index":"index","follow":"follow","max-snippet":"max-snippet:-1","max-image-preview":"max-image-preview:large","max-video-preview":"max-video-preview:-1"},"canonical":"https:\/\/azimexprint.com\/hu\/papirzacskok-es-zsakok-2\/","og_locale":"hu_HU","og_type":"article","og_title":"PAP\u00cdRT\u00c1SK\u00c1K, TASAKOK, P\u00c9KTASAKOK% % -% AzimexPrint%","og_description":"Olyan csomagol\u00e1st keres, amely praktikus, j\u00f3l n\u00e9z ki \u00e9s k\u00edm\u00e9li a bolyg\u00f3t? Pap\u00edrtasakjainkmegfelelnek \u00d6nnek. Sz\u00e9les felhaszn\u00e1l\u00e1si ter\u00fclet\u00e9nek k\u00f6sz\u00f6nhet\u0151en%","og_url":"https:\/\/azimexprint.com\/hu\/papirzacskok-es-zsakok-2\/","og_site_name":"AzimexPrint","article_modified_time":"2025-08-14T12:34:26+00:00","og_image":[{"url":"https:\/\/azimexprint.com\/wp-content\/uploads\/2025\/05\/IMG_20250512_082958-370x350.jpg","type":"","width":"","height":""}],"twitter_card":"summary_large_image","schema":{"@context":"https:\/\/schema.org","@graph":[{"@type":"WebPage","@id":"https:\/\/azimexprint.com\/hu\/papirzacskok-es-zsakok-2\/","url":"https:\/\/azimexprint.com\/hu\/papirzacskok-es-zsakok-2\/","name":"PAP\u00cdRT\u00c1SK\u00c1K, TASAKOK, P\u00c9KTASAKOK% % -% AzimexPrint%","isPartOf":{"@id":"https:\/\/azimexprint.com\/hu\/#website"},"primaryImageOfPage":{"@id":"https:\/\/azimexprint.com\/hu\/papirzacskok-es-zsakok-2\/#primaryimage"},"image":{"@id":"https:\/\/azimexprint.com\/hu\/papirzacskok-es-zsakok-2\/#primaryimage"},"thumbnailUrl":"https:\/\/azimexprint.com\/wp-content\/uploads\/2025\/05\/IMG_20250512_082958-370x350.jpg","datePublished":"2024-04-10T14:02:45+00:00","dateModified":"2025-08-14T12:34:26+00:00","description":"Olyan csomagol\u00e1st keres, amely praktikus, j\u00f3l n\u00e9z ki \u00e9s k\u00edm\u00e9li a bolyg\u00f3t? Pap\u00edrtasakjainkmegfelelnek \u00d6nnek. Sz\u00e9les felhaszn\u00e1l\u00e1si ter\u00fclet\u00e9nek k\u00f6sz\u00f6nhet\u0151en%","breadcrumb":{"@id":"https:\/\/azimexprint.com\/hu\/papirzacskok-es-zsakok-2\/#breadcrumb"},"inLanguage":"hu","potentialAction":[{"@type":"ReadAction","target":["https:\/\/azimexprint.com\/hu\/papirzacskok-es-zsakok-2\/"]}]},{"@type":"ImageObject","inLanguage":"hu","@id":"https:\/\/azimexprint.com\/hu\/papirzacskok-es-zsakok-2\/#primaryimage","url":"https:\/\/azimexprint.com\/wp-content\/uploads\/2025\/05\/IMG_20250512_082958-370x350.jpg","contentUrl":"https:\/\/azimexprint.com\/wp-content\/uploads\/2025\/05\/IMG_20250512_082958-370x350.jpg"},{"@type":"BreadcrumbList","@id":"https:\/\/azimexprint.com\/hu\/papirzacskok-es-zsakok-2\/#breadcrumb","itemListElement":[{"@type":"ListItem","position":1,"name":"\u00c1ltal\u00e1nos inform\u00e1ci\u00f3k","item":"https:\/\/azimexprint.com\/hu\/"},{"@type":"ListItem","position":2,"name":"PAP\u00cdRT\u00c1SK\u00c1K, TASAKOK, P\u00c9KTASAKOK"}]},{"@type":"WebSite","@id":"https:\/\/azimexprint.com\/hu\/#website","url":"https:\/\/azimexprint.com\/hu\/","name":"Azimex Print","description":"Print","publisher":{"@id":"https:\/\/azimexprint.com\/hu\/#organization"},"alternateName":"Azimex","potentialAction":[{"@type":"SearchAction","target":{"@type":"EntryPoint","urlTemplate":"https:\/\/azimexprint.com\/hu\/?s={search_term_string}"},"query-input":{"@type":"PropertyValueSpecification","valueRequired":true,"valueName":"search_term_string"}}],"inLanguage":"hu"},{"@type":"Organization","@id":"https:\/\/azimexprint.com\/hu\/#organization","name":"Azimex Print","alternateName":"Azimex","url":"https:\/\/azimexprint.com\/hu\/","logo":{"@type":"ImageObject","inLanguage":"hu","@id":"https:\/\/azimexprint.com\/hu\/#\/schema\/logo\/image\/","url":"https:\/\/azimexprint.com\/wp-content\/uploads\/2022\/03\/Azimex-logo.png","contentUrl":"https:\/\/azimexprint.com\/wp-content\/uploads\/2022\/03\/Azimex-logo.png","width":500,"height":142,"caption":"Azimex Print"},"image":{"@id":"https:\/\/azimexprint.com\/hu\/#\/schema\/logo\/image\/"}}]}},"_links":{"self":[{"href":"https:\/\/azimexprint.com\/hu\/wp-json\/wp\/v2\/pages\/5965","targetHints":{"allow":["GET"]}}],"collection":[{"href":"https:\/\/azimexprint.com\/hu\/wp-json\/wp\/v2\/pages"}],"about":[{"href":"https:\/\/azimexprint.com\/hu\/wp-json\/wp\/v2\/types\/page"}],"author":[{"embeddable":true,"href":"https:\/\/azimexprint.com\/hu\/wp-json\/wp\/v2\/users\/1"}],"replies":[{"embeddable":true,"href":"https:\/\/azimexprint.com\/hu\/wp-json\/wp\/v2\/comments?post=5965"}],"version-history":[{"count":17,"href":"https:\/\/azimexprint.com\/hu\/wp-json\/wp\/v2\/pages\/5965\/revisions"}],"predecessor-version":[{"id":14076,"href":"https:\/\/azimexprint.com\/hu\/wp-json\/wp\/v2\/pages\/5965\/revisions\/14076"}],"wp:attachment":[{"href":"https:\/\/azimexprint.com\/hu\/wp-json\/wp\/v2\/media?parent=5965"}],"curies":[{"name":"wp","href":"https:\/\/api.w.org\/{rel}","templated":true}]}}