{"id":5765,"date":"2024-04-10T11:47:47","date_gmt":"2024-04-10T11:47:47","guid":{"rendered":"https:\/\/azimexprint.com\/vallalati-jovokep-es-ertekek\/"},"modified":"2025-07-25T10:45:16","modified_gmt":"2025-07-25T10:45:16","slug":"vallalati-jovokep-es-ertekek","status":"publish","type":"page","link":"https:\/\/azimexprint.com\/hu\/vallalati-jovokep-es-ertekek\/","title":{"rendered":"V\u00c1LLALATI J\u00d6V\u0150K\u00c9P \u00c9S \u00c9RT\u00c9KEK"},"content":{"rendered":"\t\t<div data-elementor-type=\"wp-page\" data-elementor-id=\"5765\" class=\"elementor elementor-5765 elementor-3345\" data-elementor-post-type=\"page\">\n\t\t\t\t\t\t<div class=\"elementor-section elementor-top-section elementor-element elementor-element-37ff5396 elementor-section-boxed elementor-section-height-default elementor-section-height-default\" data-id=\"37ff5396\" data-element_type=\"section\" data-e-type=\"section\">\n\t\t\t\t\t\t<div class=\"elementor-container elementor-column-gap-default\">\n\t\t\t\t\t<div class=\"elementor-column elementor-col-100 elementor-top-column elementor-element elementor-element-387776d3\" data-id=\"387776d3\" data-element_type=\"column\" data-e-type=\"column\">\n\t\t\t<div class=\"elementor-widget-wrap elementor-element-populated\">\n\t\t\t\t\t\t<div class=\"elementor-element elementor-element-1f4d53b8 elementor-widget elementor-widget-text-editor\" data-id=\"1f4d53b8\" data-element_type=\"widget\" data-e-type=\"widget\" data-widget_type=\"text-editor.default\">\n\t\t\t\t<div class=\"elementor-widget-container\">\n\t\t\t\t\t\t\t\t\t<style>\n.vision-values {\n  font-family: Arial, sans-serif;\n  line-height: 1.6;\n  padding: 20px;\n  max-width: 900px;\n  margin: auto;\n}\n.vision-values h2 {\n  color: #2a2a2a;\n  margin-top: 30px;\n  font-size: 24px;\n  border-bottom: 2px solid #ccc;\n  padding-bottom: 5px;\n}\n.vision-values ul {\n  padding-left: 20px;\n  margin-top: 10px;\n}\n.vision-values ul li {\n  margin-bottom: 10px;\n}\n<\/style>\n\n<div class=\"vision-values\">\n  <h2>J\u00d6V\u0150K\u00c9P<\/h2>\n  <p>\n C\u00e9lunk, hogy k\u00f6zepes \u00e9s nagyv\u00e1llalatok v\u00e1lasztott nemzetk\u00f6zi partnereiv\u00e9 v\u00e1ljunk, teljes k\u00f6r\u0171 megold\u00e1sokat k\u00edn\u00e1lva a pap\u00edrterm\u00e9kek gy\u00e1rt\u00e1sa ter\u00e9n \u2013 a term\u00e9kfejleszt\u00e9st\u0151l kezdve a gy\u00e1rt\u00e1son \u00e1t eg\u00e9szen a sz\u00e1ll\u00edt\u00e1sig \u2013 mik\u00f6zben a fenntarthat\u00f3s\u00e1got k\u00f6vetkezetesen strat\u00e9giai priorit\u00e1sk\u00e9nt kezelj\u00fck.\n  <\/p>\n\n  <h2>Alap\u00e9rt\u00e9kek<\/h2>\n  <ul>\n    <li><strong>Fenntarthat\u00f3s\u00e1g<\/strong> - Elk\u00f6telezettek vagyunk a k\u00f6rnyezeti hat\u00e1sok cs\u00f6kkent\u00e9se ir\u00e1nt a felel\u0151s beszerz\u00e9s \u00e9s a k\u00f6rnyezetbar\u00e1t termel\u00e9si gyakorlatok r\u00e9v\u00e9n.<\/li>\n    <li><strong>Integrit\u00e1s<\/strong> - \u00dczleti egy\u00fcttm\u0171k\u00f6d\u00e9seink sor\u00e1n mindig \u0151szint\u00e9n, \u00e1tl\u00e1that\u00f3an \u00e9s elsz\u00e1moltathat\u00f3an j\u00e1runk el.<\/li>\n    <li><strong>Csapatmunka<\/strong> - \u00d6sszehangolt bels\u0151 m\u0171k\u00f6d\u00e9ssel \u00e9s \u00fcgyfeleink akt\u00edv bevon\u00e1s\u00e1val dolgozunk a k\u00f6z\u00f6s siker\u00e9rt.<\/li>\n    <li><strong>Tisztelet<\/strong> - Befogad\u00f3 \u00e9s tiszteletteljes k\u00f6rnyezetet biztos\u00edtunk munkat\u00e1rsaink, partnereink \u00e9s minden vel\u00fcnk kapcsolatba ker\u00fcl\u0151 szem\u00e9ly sz\u00e1m\u00e1ra.<\/li>\n  <\/ul>\n\n  <h2>Strat\u00e9gi\u00e1nk<\/h2>\n  <p>\n Strat\u00e9giai f\u00f3kuszunk a pap\u00edr alap\u00fa term\u00e9kek biztos\u00edt\u00e1s\u00e1ra \u00f6sszpontos\u00edt, amelyek fenntarthat\u00f3 alternat\u00edv\u00e1t ny\u00fajtanak a csomagol\u00e1s \u00e9s c\u00edmk\u00e9z\u00e9s ter\u00e9n felmer\u00fcl\u0151 ig\u00e9nyek kiel\u00e9g\u00edt\u00e9s\u00e9re. \n  <\/p>\n  <p>\n Elk\u00f6telezettek vagyunk a gyors, megb\u00edzhat\u00f3 \u00e9s magas sz\u00ednvonal\u00fa, \u00fcgyfeleinkre szabott szolg\u00e1ltat\u00e1sok ny\u00fajt\u00e1sa ir\u00e1nt - mindezt tisztess\u00e9ges \u00e9s versenyk\u00e9pes \u00e1rakon.\n  <\/p>\n<\/div>\t\t\t\t\t\t\t\t<\/div>\n\t\t\t\t<\/div>\n\t\t\t\t\t<\/div>\n\t\t<\/div>\n\t\t\t\t\t<\/div>\n\t\t<\/div>\n\t\t\t\t<\/div>\n\t\t","protected":false},"excerpt":{"rendered":"<p>J\u00d6V\u0150K\u00c9P C\u00e9lunk, hogy k\u00f6zepes \u00e9s nagyv\u00e1llalatok v\u00e1lasztott nemzetk\u00f6zi partnereiv\u00e9 v\u00e1ljunk, teljes k\u00f6r\u0171 megold\u00e1sokat k\u00edn\u00e1lva a pap\u00edrterm\u00e9kek gy\u00e1rt\u00e1sa ter\u00e9n \u2013 a term\u00e9kfejleszt\u00e9st\u0151l kezdve a gy\u00e1rt\u00e1son \u00e1t eg\u00e9szen a sz\u00e1ll\u00edt\u00e1sig \u2013 mik\u00f6zben a fenntarthat\u00f3s\u00e1got k\u00f6vetkezetesen strat\u00e9giai priorit\u00e1sk\u00e9nt kezelj\u00fck. Alap\u00e9rt\u00e9kek [&hellip;]<\/p>\n","protected":false},"author":1,"featured_media":0,"parent":0,"menu_order":0,"comment_status":"closed","ping_status":"closed","template":"","meta":{"footnotes":""},"class_list":["post-5765","page","type-page","status-publish","hentry"],"yoast_head":"<!-- This site is optimized with the Yoast SEO plugin v27.4 - https:\/\/yoast.com\/product\/yoast-seo-wordpress\/ -->\n<title>V\u00c1LLALATI J\u00d6V\u0150K\u00c9P \u00c9S \u00c9RT\u00c9KEK% % -% AzimexPrint%<\/title>\n<meta name=\"description\" content=\"J\u00d6V\u0150K\u00c9P C\u00e9lunk, hogy k\u00f6zepes \u00e9s nagyv\u00e1llalatok v\u00e1lasztott nemzetk\u00f6zi partnereiv\u00e9 v\u00e1ljunk, teljes k\u00f6r\u0171 megold\u00e1sokat k\u00edn\u00e1lva a pap\u00edrterm\u00e9kek gy\u00e1rt\u00e1sa ter\u00e9n%\" \/>\n<meta name=\"robots\" content=\"index, follow, max-snippet:-1, max-image-preview:large, max-video-preview:-1\" \/>\n<link rel=\"canonical\" href=\"https:\/\/azimexprint.com\/hu\/vallalati-jovokep-es-ertekek\/\" \/>\n<meta property=\"og:locale\" content=\"hu_HU\" \/>\n<meta property=\"og:type\" content=\"article\" \/>\n<meta property=\"og:title\" content=\"V\u00c1LLALATI J\u00d6V\u0150K\u00c9P \u00c9S \u00c9RT\u00c9KEK% % -% AzimexPrint%\" \/>\n<meta property=\"og:description\" content=\"J\u00d6V\u0150K\u00c9P C\u00e9lunk, hogy k\u00f6zepes \u00e9s nagyv\u00e1llalatok v\u00e1lasztott nemzetk\u00f6zi partnereiv\u00e9 v\u00e1ljunk, teljes k\u00f6r\u0171 megold\u00e1sokat k\u00edn\u00e1lva a pap\u00edrterm\u00e9kek gy\u00e1rt\u00e1sa ter\u00e9n%\" \/>\n<meta property=\"og:url\" content=\"https:\/\/azimexprint.com\/hu\/vallalati-jovokep-es-ertekek\/\" \/>\n<meta property=\"og:site_name\" content=\"AzimexPrint\" \/>\n<meta property=\"article:modified_time\" content=\"2025-07-25T10:45:16+00:00\" \/>\n<meta name=\"twitter:card\" content=\"summary_large_image\" \/>\n<meta name=\"twitter:label1\" content=\"Becs\u00fclt olvas\u00e1si id\u0151\" \/>\n\t<meta name=\"twitter:data1\" content=\"1 perc\" \/>\n<script type=\"application\/ld+json\" class=\"yoast-schema-graph\">{\"@context\":\"https:\\\/\\\/schema.org\",\"@graph\":[{\"@type\":\"WebPage\",\"@id\":\"https:\\\/\\\/azimexprint.com\\\/hu\\\/vallalati-jovokep-es-ertekek\\\/\",\"url\":\"https:\\\/\\\/azimexprint.com\\\/hu\\\/vallalati-jovokep-es-ertekek\\\/\",\"name\":\"V\u00c1LLALATI J\u00d6V\u0150K\u00c9P \u00c9S \u00c9RT\u00c9KEK% % -% AzimexPrint%\",\"isPartOf\":{\"@id\":\"https:\\\/\\\/azimexprint.com\\\/hu\\\/#website\"},\"datePublished\":\"2024-04-10T11:47:47+00:00\",\"dateModified\":\"2025-07-25T10:45:16+00:00\",\"description\":\"J\u00d6V\u0150K\u00c9P C\u00e9lunk, hogy k\u00f6zepes \u00e9s nagyv\u00e1llalatok v\u00e1lasztott nemzetk\u00f6zi partnereiv\u00e9 v\u00e1ljunk, teljes k\u00f6r\u0171 megold\u00e1sokat k\u00edn\u00e1lva a pap\u00edrterm\u00e9kek gy\u00e1rt\u00e1sa ter\u00e9n%\",\"breadcrumb\":{\"@id\":\"https:\\\/\\\/azimexprint.com\\\/hu\\\/vallalati-jovokep-es-ertekek\\\/#breadcrumb\"},\"inLanguage\":\"hu\",\"potentialAction\":[{\"@type\":\"ReadAction\",\"target\":[\"https:\\\/\\\/azimexprint.com\\\/hu\\\/vallalati-jovokep-es-ertekek\\\/\"]}]},{\"@type\":\"BreadcrumbList\",\"@id\":\"https:\\\/\\\/azimexprint.com\\\/hu\\\/vallalati-jovokep-es-ertekek\\\/#breadcrumb\",\"itemListElement\":[{\"@type\":\"ListItem\",\"position\":1,\"name\":\"\u00c1ltal\u00e1nos inform\u00e1ci\u00f3k\",\"item\":\"https:\\\/\\\/azimexprint.com\\\/hu\\\/\"},{\"@type\":\"ListItem\",\"position\":2,\"name\":\"V\u00c1LLALATI J\u00d6V\u0150K\u00c9P \u00c9S \u00c9RT\u00c9KEK\"}]},{\"@type\":\"WebSite\",\"@id\":\"https:\\\/\\\/azimexprint.com\\\/hu\\\/#website\",\"url\":\"https:\\\/\\\/azimexprint.com\\\/hu\\\/\",\"name\":\"Azimex Print\",\"description\":\"Print\",\"publisher\":{\"@id\":\"https:\\\/\\\/azimexprint.com\\\/hu\\\/#organization\"},\"alternateName\":\"Azimex\",\"potentialAction\":[{\"@type\":\"SearchAction\",\"target\":{\"@type\":\"EntryPoint\",\"urlTemplate\":\"https:\\\/\\\/azimexprint.com\\\/hu\\\/?s={search_term_string}\"},\"query-input\":{\"@type\":\"PropertyValueSpecification\",\"valueRequired\":true,\"valueName\":\"search_term_string\"}}],\"inLanguage\":\"hu\"},{\"@type\":\"Organization\",\"@id\":\"https:\\\/\\\/azimexprint.com\\\/hu\\\/#organization\",\"name\":\"Azimex Print\",\"alternateName\":\"Azimex\",\"url\":\"https:\\\/\\\/azimexprint.com\\\/hu\\\/\",\"logo\":{\"@type\":\"ImageObject\",\"inLanguage\":\"hu\",\"@id\":\"https:\\\/\\\/azimexprint.com\\\/hu\\\/#\\\/schema\\\/logo\\\/image\\\/\",\"url\":\"https:\\\/\\\/azimexprint.com\\\/wp-content\\\/uploads\\\/2022\\\/03\\\/Azimex-logo.png\",\"contentUrl\":\"https:\\\/\\\/azimexprint.com\\\/wp-content\\\/uploads\\\/2022\\\/03\\\/Azimex-logo.png\",\"width\":500,\"height\":142,\"caption\":\"Azimex Print\"},\"image\":{\"@id\":\"https:\\\/\\\/azimexprint.com\\\/hu\\\/#\\\/schema\\\/logo\\\/image\\\/\"}}]}<\/script>\n<!-- \/ Yoast SEO plugin. -->","yoast_head_json":{"title":"V\u00c1LLALATI J\u00d6V\u0150K\u00c9P \u00c9S \u00c9RT\u00c9KEK% % -% AzimexPrint%","description":"J\u00d6V\u0150K\u00c9P C\u00e9lunk, hogy k\u00f6zepes \u00e9s nagyv\u00e1llalatok v\u00e1lasztott nemzetk\u00f6zi partnereiv\u00e9 v\u00e1ljunk, teljes k\u00f6r\u0171 megold\u00e1sokat k\u00edn\u00e1lva a pap\u00edrterm\u00e9kek gy\u00e1rt\u00e1sa ter\u00e9n%","robots":{"index":"index","follow":"follow","max-snippet":"max-snippet:-1","max-image-preview":"max-image-preview:large","max-video-preview":"max-video-preview:-1"},"canonical":"https:\/\/azimexprint.com\/hu\/vallalati-jovokep-es-ertekek\/","og_locale":"hu_HU","og_type":"article","og_title":"V\u00c1LLALATI J\u00d6V\u0150K\u00c9P \u00c9S \u00c9RT\u00c9KEK% % -% AzimexPrint%","og_description":"J\u00d6V\u0150K\u00c9P C\u00e9lunk, hogy k\u00f6zepes \u00e9s nagyv\u00e1llalatok v\u00e1lasztott nemzetk\u00f6zi partnereiv\u00e9 v\u00e1ljunk, teljes k\u00f6r\u0171 megold\u00e1sokat k\u00edn\u00e1lva a pap\u00edrterm\u00e9kek gy\u00e1rt\u00e1sa ter\u00e9n%","og_url":"https:\/\/azimexprint.com\/hu\/vallalati-jovokep-es-ertekek\/","og_site_name":"AzimexPrint","article_modified_time":"2025-07-25T10:45:16+00:00","twitter_card":"summary_large_image","twitter_misc":{"Becs\u00fclt olvas\u00e1si id\u0151":"1 perc"},"schema":{"@context":"https:\/\/schema.org","@graph":[{"@type":"WebPage","@id":"https:\/\/azimexprint.com\/hu\/vallalati-jovokep-es-ertekek\/","url":"https:\/\/azimexprint.com\/hu\/vallalati-jovokep-es-ertekek\/","name":"V\u00c1LLALATI J\u00d6V\u0150K\u00c9P \u00c9S \u00c9RT\u00c9KEK% % -% AzimexPrint%","isPartOf":{"@id":"https:\/\/azimexprint.com\/hu\/#website"},"datePublished":"2024-04-10T11:47:47+00:00","dateModified":"2025-07-25T10:45:16+00:00","description":"J\u00d6V\u0150K\u00c9P C\u00e9lunk, hogy k\u00f6zepes \u00e9s nagyv\u00e1llalatok v\u00e1lasztott nemzetk\u00f6zi partnereiv\u00e9 v\u00e1ljunk, teljes k\u00f6r\u0171 megold\u00e1sokat k\u00edn\u00e1lva a pap\u00edrterm\u00e9kek gy\u00e1rt\u00e1sa ter\u00e9n%","breadcrumb":{"@id":"https:\/\/azimexprint.com\/hu\/vallalati-jovokep-es-ertekek\/#breadcrumb"},"inLanguage":"hu","potentialAction":[{"@type":"ReadAction","target":["https:\/\/azimexprint.com\/hu\/vallalati-jovokep-es-ertekek\/"]}]},{"@type":"BreadcrumbList","@id":"https:\/\/azimexprint.com\/hu\/vallalati-jovokep-es-ertekek\/#breadcrumb","itemListElement":[{"@type":"ListItem","position":1,"name":"\u00c1ltal\u00e1nos inform\u00e1ci\u00f3k","item":"https:\/\/azimexprint.com\/hu\/"},{"@type":"ListItem","position":2,"name":"V\u00c1LLALATI J\u00d6V\u0150K\u00c9P \u00c9S \u00c9RT\u00c9KEK"}]},{"@type":"WebSite","@id":"https:\/\/azimexprint.com\/hu\/#website","url":"https:\/\/azimexprint.com\/hu\/","name":"Azimex Print","description":"Print","publisher":{"@id":"https:\/\/azimexprint.com\/hu\/#organization"},"alternateName":"Azimex","potentialAction":[{"@type":"SearchAction","target":{"@type":"EntryPoint","urlTemplate":"https:\/\/azimexprint.com\/hu\/?s={search_term_string}"},"query-input":{"@type":"PropertyValueSpecification","valueRequired":true,"valueName":"search_term_string"}}],"inLanguage":"hu"},{"@type":"Organization","@id":"https:\/\/azimexprint.com\/hu\/#organization","name":"Azimex Print","alternateName":"Azimex","url":"https:\/\/azimexprint.com\/hu\/","logo":{"@type":"ImageObject","inLanguage":"hu","@id":"https:\/\/azimexprint.com\/hu\/#\/schema\/logo\/image\/","url":"https:\/\/azimexprint.com\/wp-content\/uploads\/2022\/03\/Azimex-logo.png","contentUrl":"https:\/\/azimexprint.com\/wp-content\/uploads\/2022\/03\/Azimex-logo.png","width":500,"height":142,"caption":"Azimex Print"},"image":{"@id":"https:\/\/azimexprint.com\/hu\/#\/schema\/logo\/image\/"}}]}},"_links":{"self":[{"href":"https:\/\/azimexprint.com\/hu\/wp-json\/wp\/v2\/pages\/5765","targetHints":{"allow":["GET"]}}],"collection":[{"href":"https:\/\/azimexprint.com\/hu\/wp-json\/wp\/v2\/pages"}],"about":[{"href":"https:\/\/azimexprint.com\/hu\/wp-json\/wp\/v2\/types\/page"}],"author":[{"embeddable":true,"href":"https:\/\/azimexprint.com\/hu\/wp-json\/wp\/v2\/users\/1"}],"replies":[{"embeddable":true,"href":"https:\/\/azimexprint.com\/hu\/wp-json\/wp\/v2\/comments?post=5765"}],"version-history":[{"count":13,"href":"https:\/\/azimexprint.com\/hu\/wp-json\/wp\/v2\/pages\/5765\/revisions"}],"predecessor-version":[{"id":13201,"href":"https:\/\/azimexprint.com\/hu\/wp-json\/wp\/v2\/pages\/5765\/revisions\/13201"}],"wp:attachment":[{"href":"https:\/\/azimexprint.com\/hu\/wp-json\/wp\/v2\/media?parent=5765"}],"curies":[{"name":"wp","href":"https:\/\/api.w.org\/{rel}","templated":true}]}}