{"id":12788,"date":"2025-05-06T07:54:12","date_gmt":"2025-05-06T07:54:12","guid":{"rendered":"https:\/\/azimexprint.com\/nyomtatott-formanyomtatvanyok\/"},"modified":"2025-08-05T09:25:37","modified_gmt":"2025-08-05T09:25:37","slug":"nyomtatott-formanyomtatvanyok","status":"publish","type":"page","link":"https:\/\/azimexprint.com\/hu\/nyomtatott-formanyomtatvanyok\/","title":{"rendered":"FORMANYOMTATV\u00c1NYOK"},"content":{"rendered":"\t\t<div data-elementor-type=\"wp-page\" data-elementor-id=\"12788\" class=\"elementor elementor-12788 elementor-11439\" data-elementor-post-type=\"page\">\n\t\t\t\t\t\t<div class=\"elementor-section elementor-top-section elementor-element elementor-element-29d2756 elementor-section-boxed elementor-section-height-default elementor-section-height-default\" data-id=\"29d2756\" data-element_type=\"section\" data-e-type=\"section\">\n\t\t\t\t\t\t<div class=\"elementor-container elementor-column-gap-default\">\n\t\t\t\t\t<div class=\"elementor-column elementor-col-100 elementor-top-column elementor-element elementor-element-03712bc\" data-id=\"03712bc\" data-element_type=\"column\" data-e-type=\"column\">\n\t\t\t<div class=\"elementor-widget-wrap elementor-element-populated\">\n\t\t\t\t\t\t<div class=\"elementor-element elementor-element-993c084 elementor-widget elementor-widget-text-editor\" data-id=\"993c084\" data-element_type=\"widget\" data-e-type=\"widget\" data-widget_type=\"text-editor.default\">\n\t\t\t\t<div class=\"elementor-widget-container\">\n\t\t\t\t\t\t\t\t\t<style>\n.forms-table {<br\/>  width: 100%;<br\/>  border-collapse: collapse;<br\/>  font-family: Arial, sans-serif;<br\/>  margin-top: 20px;<br\/>}<br\/>.forms-table th, .forms-table td {<br\/>  border: 1px solid #ddd;<br\/>  padding: 12px;<br\/>  text-align: left;<br\/>  vertical-align: top;<br\/>}<br\/>.forms-table th {<br\/>  background-color: #f2f2f2;<br\/>  color: #333;<br\/>  width: 25%;<br\/>}<br\/>@media (max-width: 768px) {<br\/>  .forms-table td, .forms-table th {<br\/>    display: block;<br\/>    width: 100%;<br\/>  }<br\/>  .forms-table tr {<br\/>    margin-bottom: 15px;<br\/>    display: block;<br\/>    border: 1px solid #ccc;<br\/>  }<br\/>}<br\/><\/style>\n<h2 style=\"font-family: Arial, sans-serif; color: #222;\">DocuForm nyomtatott \u0171rlapok<\/h2>\n<table class=\"forms-table\">\n<tbody>\n<tr>\n<th>F\u0151bb jellemz\u0151k<\/th>\n<td>\n<ul>\n<li><strong>Mikroperfor\u00e1ci\u00f3:<\/strong> K\u00f6nny\u0171 lev\u00e1laszt\u00e1s&nbsp;<\/li>\n<li><strong>R\u00f6gz\u00edt\u0151 lyukak:<\/strong> Maxim\u00e1lis pontoss\u00e1g<\/li>\n<li><strong>T\u00f6bb p\u00e9ld\u00e1nyos :<\/strong> Megrendel\u0151lapk\u00e9nt is funkcion\u00e1l<\/li>\n<li><strong>Biztons\u00e1gos k\u00f6t\u00e9s:<\/strong> Stabil, megb\u00edzhat\u00f3 az els\u0151t\u0151l az utols\u00f3 lapig - m\u00e9g nagy ig\u00e9nybev\u00e9tel eset\u00e9n is.<\/li>\n<li><strong>M\u00e1sol\u00f3 pap\u00edr:<\/strong> 10 \u00e9vig garant\u00e1lt n\u00e9met gy\u00e1rtm\u00e1ny\u00fa min\u0151s\u00e9g a tiszta \u00e9s tiszta m\u00e1solatok\u00e9rt.<\/li>\n<li><strong>Formakialak\u00edt\u00e1s:<\/strong> Az el\u0151\u00edrt \u00e9s jogszab\u00e1lynak megfelel\u0151 kivitel<\/li>\n<li><strong>Tervez\u00e9s \u00e9s csomagol\u00e1s:<\/strong> Egys\u00e9ges modern megjelen\u00e9s, praktikus csomagol\u00e1s, informat\u00edv \u00e9s k\u00f6nnyen t\u00e1rolhat\u00f3.<\/li>\n<li><strong>Min\u0151s\u00e9gbiztos\u00edt\u00e1s:<\/strong> A DocuForm \u0171rlapok garant\u00e1lj\u00e1k a legmagasabb szint\u0171 min\u0151s\u00e9get \u00e9s haszn\u00e1lhat\u00f3s\u00e1got , megfelel\u0151 haszn\u00e1lat \u00e9s t\u00e1rol\u00e1s eset\u00e9n gyakorlatilag panaszmentesen.<\/li>\n<\/ul>\n<\/td>\n<\/tr>\n<tr>\n<th>Standard formanyomtatv\u00e1nyok<\/th>\n<td>\n<ul>\n<li>P\u00e9nz\u00fcgy, sz\u00e1mvitel, eg\u00e9szs\u00e9g\u00fcgy, munkav\u00e9delem, k\u00f6nyvel\u00e9s, mez\u0151gazdas\u00e1g, stb.<\/li>\n<li>Sz\u00e1ll\u00edt\u00f3levelek, nyugt\u00e1k, szabads\u00e1genged\u00e9lyek, menetlevelek, \u00fatnyilv\u00e1ntart\u00e1sok, CMR, k\u00e9szp\u00e9nz\/kifizet\u00e9si utalv\u00e1nyok, jelenl\u00e9ti \u00edvek, t\u0171z- \u00e9s munkav\u00e9delmi napl\u00f3k.<\/li>\n<li><strong>Szigor\u00faan sz\u00e1mad\u00e1s\u00fa nyomtatv\u00e1nyok:<\/strong> Sz\u00e1mlak\u00f6nyvek (k\u00e9szp\u00e9nz\/\u00e1tutal\u00e1s), nyugt\u00e1k.<\/li>\n<\/ul>\n<\/td>\n<\/tr>\n<tr>\n<th>Egy\u00e9ni \u0171rlapok<\/th>\n<td>\n<ul>\n<li><strong>Szem\u00e9lyre szabott \u0171rlapok:<\/strong> \u00e1tutal\u00e1si megb\u00edz\u00e1sok, k\u00e9szp\u00e9nz\u00e1tutal\u00e1si megb\u00edz\u00e1sok, banki \u00e1tutal\u00e1si megb\u00edz\u00e1sok<\/li>\n<li><strong>Egyedi m\u00e9retek \u00e9s form\u00e1tumok:<\/strong> K\u00fcl\u00f6nb\u00f6z\u0151 gy\u00f3gyszerek betegt\u00e1j\u00e9koztat\u00f3i<\/li>\n<li><strong>C\u00e9gform\u00e1k:<\/strong> lev\u00e9lpap\u00edrok, bels\u0151 dokumentumok, bor\u00edt\u00e9kok, sz\u00f3r\u00f3lapok, felhaszn\u00e1l\u00f3i k\u00e9zik\u00f6nyvek.<\/li>\n<\/ul>\n<\/td>\n<\/tr>\n<tr>\n<th>Formanyomtatv\u00e1ny t\u00edpusok<\/th>\n<td>\n<ul>\n<li>Ragasztott t\u00f6mb\u00f6k<\/li>\n<li>T\u0171z\u00f6tt<\/li>\n<li>Leporello (folyamatos form\u00e1k)<\/li>\n<\/ul>\n<\/td>\n<\/tr>\n<tr>\n<th>K\u00fcl\u00f6nleges lehet\u0151s\u00e9gek<\/th>\n<td>\n<ul>\n<li>Sz\u00e1mozott<\/li>\n<li>M\u00e1sol\u00e1sv\u00e9delem<\/li>\n<li>Vonalk\u00f3ddal ell\u00e1tott<\/li>\n<li>\u00d6sszehajtogatott<\/li>\n<li>Mikroperfor\u00e1lt<\/li>\n<\/ul>\n<\/td>\n<\/tr>\n<tr>\n<th>Anyagok<\/th>\n<td>\n<ul>\n<li>Standard<\/li>\n<li>Vegyileg kezelt \u00f6ntapad\u00f3s (NCR)<\/li>\n<li>Feh\u00e9r vagy sz\u00ednes<\/li>\n<li>K\u00fcl\u00f6nb\u00f6z\u0151 s\u00falyok (pap\u00edrt\u00f6megek)<\/li>\n<\/ul>\n<\/td>\n<\/tr>\n<tr>\n<th>Csomagol\u00e1s<\/th>\n<td>\n<ul>\n<li>Szabv\u00e1nyos \u00e9s egyedi csomagol\u00e1s<\/li>\n<li>C\u00edmk\u00e9zve a k\u00f6nny\u0171 azonos\u00edt\u00e1s \u00e9rdek\u00e9ben<\/li>\n<\/ul>\n<\/td>\n<\/tr>\n<\/tbody>\n<\/table>\t\t\t\t\t\t\t\t<\/div>\n\t\t\t\t<\/div>\n\t\t\t\t<div class=\"elementor-element elementor-element-885dcba elementor-widget-divider--view-line elementor-widget elementor-widget-divider\" data-id=\"885dcba\" data-element_type=\"widget\" data-e-type=\"widget\" data-widget_type=\"divider.default\">\n\t\t\t\t<div class=\"elementor-widget-container\">\n\t\t\t\t\t\t\t<div class=\"elementor-divider\">\n\t\t\t<span class=\"elementor-divider-separator\">\n\t\t\t\t\t\t<\/span>\n\t\t<\/div>\n\t\t\t\t\t\t<\/div>\n\t\t\t\t<\/div>\n\t\t\t\t<div class=\"elementor-element elementor-element-c34e469 elementor-widget elementor-widget-gallery\" data-id=\"c34e469\" data-element_type=\"widget\" data-e-type=\"widget\" data-settings=\"{&quot;columns&quot;:2,&quot;lazyload&quot;:&quot;yes&quot;,&quot;gallery_layout&quot;:&quot;grid&quot;,&quot;columns_tablet&quot;:2,&quot;columns_mobile&quot;:1,&quot;gap&quot;:{&quot;unit&quot;:&quot;px&quot;,&quot;size&quot;:10,&quot;sizes&quot;:[]},&quot;gap_laptop&quot;:{&quot;unit&quot;:&quot;px&quot;,&quot;size&quot;:10,&quot;sizes&quot;:[]},&quot;gap_tablet&quot;:{&quot;unit&quot;:&quot;px&quot;,&quot;size&quot;:10,&quot;sizes&quot;:[]},&quot;gap_mobile_extra&quot;:{&quot;unit&quot;:&quot;px&quot;,&quot;size&quot;:10,&quot;sizes&quot;:[]},&quot;gap_mobile&quot;:{&quot;unit&quot;:&quot;px&quot;,&quot;size&quot;:10,&quot;sizes&quot;:[]},&quot;link_to&quot;:&quot;file&quot;,&quot;aspect_ratio&quot;:&quot;3:2&quot;,&quot;overlay_background&quot;:&quot;yes&quot;,&quot;content_hover_animation&quot;:&quot;fade-in&quot;}\" data-widget_type=\"gallery.default\">\n\t\t\t\t<div class=\"elementor-widget-container\">\n\t\t\t\t\t\t\t<div class=\"elementor-gallery__container\">\n\t\t\t\t\t\t\t<a class=\"e-gallery-item elementor-gallery-item elementor-animated-content\" href=\"https:\/\/azimexprint.com\/wp-content\/uploads\/2025\/05\/nyom1.jpg\" data-elementor-open-lightbox=\"yes\" data-elementor-lightbox-slideshow=\"c34e469\" data-elementor-lightbox-title=\"nyom1\" data-e-action-hash=\"#elementor-action%3Aaction%3Dlightbox%26settings%3DeyJpZCI6MTEzOTMsInVybCI6Imh0dHBzOlwvXC9hemltZXhwcmludC5jb21cL3dwLWNvbnRlbnRcL3VwbG9hZHNcLzIwMjVcLzA1XC9ueW9tMS5qcGciLCJzbGlkZXNob3ciOiJjMzRlNDY5In0%3D\">\n\t\t\t\t\t<div class=\"e-gallery-image elementor-gallery-item__image\" data-thumbnail=\"https:\/\/azimexprint.com\/wp-content\/uploads\/2025\/05\/nyom1.jpg\" data-width=\"300\" data-height=\"225\" aria-label=\"\" role=\"img\" ><\/div>\n\t\t\t\t\t\t\t\t\t\t\t<div class=\"elementor-gallery-item__overlay\"><\/div>\n\t\t\t\t\t\t\t\t\t\t\t\t\t\t<\/a>\n\t\t\t\t\t\t\t<a class=\"e-gallery-item elementor-gallery-item elementor-animated-content\" href=\"https:\/\/azimexprint.com\/wp-content\/uploads\/2025\/05\/nyom2.jpg\" data-elementor-open-lightbox=\"yes\" data-elementor-lightbox-slideshow=\"c34e469\" data-elementor-lightbox-title=\"nyom2\" data-e-action-hash=\"#elementor-action%3Aaction%3Dlightbox%26settings%3DeyJpZCI6MTEzOTAsInVybCI6Imh0dHBzOlwvXC9hemltZXhwcmludC5jb21cL3dwLWNvbnRlbnRcL3VwbG9hZHNcLzIwMjVcLzA1XC9ueW9tMi5qcGciLCJzbGlkZXNob3ciOiJjMzRlNDY5In0%3D\">\n\t\t\t\t\t<div class=\"e-gallery-image elementor-gallery-item__image\" data-thumbnail=\"https:\/\/azimexprint.com\/wp-content\/uploads\/2025\/05\/nyom2.jpg\" data-width=\"300\" data-height=\"225\" aria-label=\"\" role=\"img\" ><\/div>\n\t\t\t\t\t\t\t\t\t\t\t<div class=\"elementor-gallery-item__overlay\"><\/div>\n\t\t\t\t\t\t\t\t\t\t\t\t\t\t<\/a>\n\t\t\t\t\t\t\t<a class=\"e-gallery-item elementor-gallery-item elementor-animated-content\" href=\"https:\/\/azimexprint.com\/wp-content\/uploads\/2025\/05\/nyom4.jpg\" data-elementor-open-lightbox=\"yes\" data-elementor-lightbox-slideshow=\"c34e469\" data-elementor-lightbox-title=\"nyom4\" data-e-action-hash=\"#elementor-action%3Aaction%3Dlightbox%26settings%3DeyJpZCI6MTEzODcsInVybCI6Imh0dHBzOlwvXC9hemltZXhwcmludC5jb21cL3dwLWNvbnRlbnRcL3VwbG9hZHNcLzIwMjVcLzA1XC9ueW9tNC5qcGciLCJzbGlkZXNob3ciOiJjMzRlNDY5In0%3D\">\n\t\t\t\t\t<div class=\"e-gallery-image elementor-gallery-item__image\" data-thumbnail=\"https:\/\/azimexprint.com\/wp-content\/uploads\/2025\/05\/nyom4.jpg\" data-width=\"300\" data-height=\"400\" aria-label=\"\" role=\"img\" ><\/div>\n\t\t\t\t\t\t\t\t\t\t\t<div class=\"elementor-gallery-item__overlay\"><\/div>\n\t\t\t\t\t\t\t\t\t\t\t\t\t\t<\/a>\n\t\t\t\t\t\t\t<a class=\"e-gallery-item elementor-gallery-item elementor-animated-content\" href=\"https:\/\/azimexprint.com\/wp-content\/uploads\/2025\/05\/lepo2.jpg\" data-elementor-open-lightbox=\"yes\" data-elementor-lightbox-slideshow=\"c34e469\" data-elementor-lightbox-title=\"lepo2\" data-e-action-hash=\"#elementor-action%3Aaction%3Dlightbox%26settings%3DeyJpZCI6MTE0MDgsInVybCI6Imh0dHBzOlwvXC9hemltZXhwcmludC5jb21cL3dwLWNvbnRlbnRcL3VwbG9hZHNcLzIwMjVcLzA1XC9sZXBvMi5qcGciLCJzbGlkZXNob3ciOiJjMzRlNDY5In0%3D\">\n\t\t\t\t\t<div class=\"e-gallery-image elementor-gallery-item__image\" data-thumbnail=\"https:\/\/azimexprint.com\/wp-content\/uploads\/2025\/05\/lepo2.jpg\" data-width=\"300\" data-height=\"225\" aria-label=\"\" role=\"img\" ><\/div>\n\t\t\t\t\t\t\t\t\t\t\t<div class=\"elementor-gallery-item__overlay\"><\/div>\n\t\t\t\t\t\t\t\t\t\t\t\t\t\t<\/a>\n\t\t\t\t\t<\/div>\n\t\t\t\t\t<\/div>\n\t\t\t\t<\/div>\n\t\t\t\t\t<\/div>\n\t\t<\/div>\n\t\t\t\t\t<\/div>\n\t\t<\/div>\n\t\t\t\t<div class=\"elementor-section elementor-top-section elementor-element elementor-element-b1bf0cd elementor-section-boxed elementor-section-height-default elementor-section-height-default\" data-id=\"b1bf0cd\" data-element_type=\"section\" data-e-type=\"section\">\n\t\t\t\t\t\t<div class=\"elementor-container elementor-column-gap-default\">\n\t\t\t\t\t<div class=\"elementor-column elementor-col-100 elementor-top-column elementor-element elementor-element-1fed74e\" data-id=\"1fed74e\" data-element_type=\"column\" data-e-type=\"column\">\n\t\t\t<div class=\"elementor-widget-wrap elementor-element-populated\">\n\t\t\t\t\t\t<div class=\"elementor-element elementor-element-d96b6a5 elementor-widget elementor-widget-button\" data-id=\"d96b6a5\" data-element_type=\"widget\" data-e-type=\"widget\" data-widget_type=\"button.default\">\n\t\t\t\t<div class=\"elementor-widget-container\">\n\t\t\t\t\t\t\t\t\t<div class=\"elementor-button-wrapper\">\n\t\t\t\t\t<a class=\"elementor-button elementor-button-link elementor-size-sm\" href=\"https:\/\/azimexprint.com\/hu\/kapcsolat\/\">\n\t\t\t\t\t\t<span class=\"elementor-button-content-wrapper\">\n\t\t\t\t\t\t\t\t\t<span class=\"elementor-button-text\">Kapcsolatfelv\u00e9tel \u00e1raj\u00e1nlat\u00e9rt  <\/span>\n\t\t\t\t\t<\/span>\n\t\t\t\t\t<\/a>\n\t\t\t\t<\/div>\n\t\t\t\t\t\t\t\t<\/div>\n\t\t\t\t<\/div>\n\t\t\t\t\t<\/div>\n\t\t<\/div>\n\t\t\t\t\t<\/div>\n\t\t<\/div>\n\t\t\t\t<\/div>\n\t\t","protected":false},"excerpt":{"rendered":"<p>DocuForm nyomtatott \u0171rlapok F\u0151bb jellemz\u0151k Mikroperfor\u00e1ci\u00f3: K\u00f6nny\u0171 lev\u00e1laszt\u00e1s&nbsp; R\u00f6gz\u00edt\u0151 lyukak: Maxim\u00e1lis pontoss\u00e1g T\u00f6bb p\u00e9ld\u00e1nyos : Megrendel\u0151lapk\u00e9nt is funkcion\u00e1l Biztons\u00e1gos k\u00f6t\u00e9s: Stabil, megb\u00edzhat\u00f3 az els\u0151t\u0151l az utols\u00f3 lapig - m\u00e9g nagy ig\u00e9nybev\u00e9tel eset\u00e9n is. M\u00e1sol\u00f3 pap\u00edr: 10 \u00e9vig [&hellip;]<\/p>\n","protected":false},"author":1,"featured_media":0,"parent":0,"menu_order":0,"comment_status":"closed","ping_status":"closed","template":"","meta":{"footnotes":""},"class_list":["post-12788","page","type-page","status-publish","hentry"],"yoast_head":"<!-- This site is optimized with the Yoast SEO plugin v27.4 - https:\/\/yoast.com\/product\/yoast-seo-wordpress\/ -->\n<title>FORMANYOMTATV\u00c1NYOK% % -% AzimexPrint%<\/title>\n<meta name=\"description\" content=\"DocuForm nyomtatott \u0171rlapok F\u0151bb jellemz\u0151k Mikroperfor\u00e1ci\u00f3: K\u00f6nny\u0171 lev\u00e1laszt\u00e1s&nbsp; R\u00f6gz\u00edt\u0151 lyukak: Maxim\u00e1lis pontoss\u00e1g T\u00f6bb p\u00e9ld\u00e1nyos :%\" \/>\n<meta name=\"robots\" content=\"index, follow, max-snippet:-1, max-image-preview:large, max-video-preview:-1\" \/>\n<link rel=\"canonical\" href=\"https:\/\/azimexprint.com\/hu\/nyomtatott-formanyomtatvanyok\/\" \/>\n<meta property=\"og:locale\" content=\"hu_HU\" \/>\n<meta property=\"og:type\" content=\"article\" \/>\n<meta property=\"og:title\" content=\"FORMANYOMTATV\u00c1NYOK% % -% AzimexPrint%\" \/>\n<meta property=\"og:description\" content=\"DocuForm nyomtatott \u0171rlapok F\u0151bb jellemz\u0151k Mikroperfor\u00e1ci\u00f3: K\u00f6nny\u0171 lev\u00e1laszt\u00e1s&nbsp; R\u00f6gz\u00edt\u0151 lyukak: Maxim\u00e1lis pontoss\u00e1g T\u00f6bb p\u00e9ld\u00e1nyos :%\" \/>\n<meta property=\"og:url\" content=\"https:\/\/azimexprint.com\/hu\/nyomtatott-formanyomtatvanyok\/\" \/>\n<meta property=\"og:site_name\" content=\"AzimexPrint\" \/>\n<meta property=\"article:modified_time\" content=\"2025-08-05T09:25:37+00:00\" \/>\n<meta name=\"twitter:card\" content=\"summary_large_image\" \/>\n<meta name=\"twitter:label1\" content=\"Becs\u00fclt olvas\u00e1si id\u0151\" \/>\n\t<meta name=\"twitter:data1\" content=\"2 perc\" \/>\n<script type=\"application\/ld+json\" class=\"yoast-schema-graph\">{\"@context\":\"https:\\\/\\\/schema.org\",\"@graph\":[{\"@type\":\"WebPage\",\"@id\":\"https:\\\/\\\/azimexprint.com\\\/hu\\\/nyomtatott-formanyomtatvanyok\\\/\",\"url\":\"https:\\\/\\\/azimexprint.com\\\/hu\\\/nyomtatott-formanyomtatvanyok\\\/\",\"name\":\"FORMANYOMTATV\u00c1NYOK% % -% AzimexPrint%\",\"isPartOf\":{\"@id\":\"https:\\\/\\\/azimexprint.com\\\/hu\\\/#website\"},\"datePublished\":\"2025-05-06T07:54:12+00:00\",\"dateModified\":\"2025-08-05T09:25:37+00:00\",\"description\":\"DocuForm nyomtatott \u0171rlapok F\u0151bb jellemz\u0151k Mikroperfor\u00e1ci\u00f3: K\u00f6nny\u0171 lev\u00e1laszt\u00e1s&nbsp; R\u00f6gz\u00edt\u0151 lyukak: Maxim\u00e1lis pontoss\u00e1g T\u00f6bb p\u00e9ld\u00e1nyos :%\",\"breadcrumb\":{\"@id\":\"https:\\\/\\\/azimexprint.com\\\/hu\\\/nyomtatott-formanyomtatvanyok\\\/#breadcrumb\"},\"inLanguage\":\"hu\",\"potentialAction\":[{\"@type\":\"ReadAction\",\"target\":[\"https:\\\/\\\/azimexprint.com\\\/hu\\\/nyomtatott-formanyomtatvanyok\\\/\"]}]},{\"@type\":\"BreadcrumbList\",\"@id\":\"https:\\\/\\\/azimexprint.com\\\/hu\\\/nyomtatott-formanyomtatvanyok\\\/#breadcrumb\",\"itemListElement\":[{\"@type\":\"ListItem\",\"position\":1,\"name\":\"\u00c1ltal\u00e1nos inform\u00e1ci\u00f3k\",\"item\":\"https:\\\/\\\/azimexprint.com\\\/hu\\\/\"},{\"@type\":\"ListItem\",\"position\":2,\"name\":\"FORMANYOMTATV\u00c1NYOK\"}]},{\"@type\":\"WebSite\",\"@id\":\"https:\\\/\\\/azimexprint.com\\\/hu\\\/#website\",\"url\":\"https:\\\/\\\/azimexprint.com\\\/hu\\\/\",\"name\":\"Azimex Print\",\"description\":\"Print\",\"publisher\":{\"@id\":\"https:\\\/\\\/azimexprint.com\\\/hu\\\/#organization\"},\"alternateName\":\"Azimex\",\"potentialAction\":[{\"@type\":\"SearchAction\",\"target\":{\"@type\":\"EntryPoint\",\"urlTemplate\":\"https:\\\/\\\/azimexprint.com\\\/hu\\\/?s={search_term_string}\"},\"query-input\":{\"@type\":\"PropertyValueSpecification\",\"valueRequired\":true,\"valueName\":\"search_term_string\"}}],\"inLanguage\":\"hu\"},{\"@type\":\"Organization\",\"@id\":\"https:\\\/\\\/azimexprint.com\\\/hu\\\/#organization\",\"name\":\"Azimex Print\",\"alternateName\":\"Azimex\",\"url\":\"https:\\\/\\\/azimexprint.com\\\/hu\\\/\",\"logo\":{\"@type\":\"ImageObject\",\"inLanguage\":\"hu\",\"@id\":\"https:\\\/\\\/azimexprint.com\\\/hu\\\/#\\\/schema\\\/logo\\\/image\\\/\",\"url\":\"https:\\\/\\\/azimexprint.com\\\/wp-content\\\/uploads\\\/2022\\\/03\\\/Azimex-logo.png\",\"contentUrl\":\"https:\\\/\\\/azimexprint.com\\\/wp-content\\\/uploads\\\/2022\\\/03\\\/Azimex-logo.png\",\"width\":500,\"height\":142,\"caption\":\"Azimex Print\"},\"image\":{\"@id\":\"https:\\\/\\\/azimexprint.com\\\/hu\\\/#\\\/schema\\\/logo\\\/image\\\/\"}}]}<\/script>\n<!-- \/ Yoast SEO plugin. -->","yoast_head_json":{"title":"FORMANYOMTATV\u00c1NYOK% % -% AzimexPrint%","description":"DocuForm nyomtatott \u0171rlapok F\u0151bb jellemz\u0151k Mikroperfor\u00e1ci\u00f3: K\u00f6nny\u0171 lev\u00e1laszt\u00e1s&nbsp; R\u00f6gz\u00edt\u0151 lyukak: Maxim\u00e1lis pontoss\u00e1g T\u00f6bb p\u00e9ld\u00e1nyos :%","robots":{"index":"index","follow":"follow","max-snippet":"max-snippet:-1","max-image-preview":"max-image-preview:large","max-video-preview":"max-video-preview:-1"},"canonical":"https:\/\/azimexprint.com\/hu\/nyomtatott-formanyomtatvanyok\/","og_locale":"hu_HU","og_type":"article","og_title":"FORMANYOMTATV\u00c1NYOK% % -% AzimexPrint%","og_description":"DocuForm nyomtatott \u0171rlapok F\u0151bb jellemz\u0151k Mikroperfor\u00e1ci\u00f3: K\u00f6nny\u0171 lev\u00e1laszt\u00e1s&nbsp; R\u00f6gz\u00edt\u0151 lyukak: Maxim\u00e1lis pontoss\u00e1g T\u00f6bb p\u00e9ld\u00e1nyos :%","og_url":"https:\/\/azimexprint.com\/hu\/nyomtatott-formanyomtatvanyok\/","og_site_name":"AzimexPrint","article_modified_time":"2025-08-05T09:25:37+00:00","twitter_card":"summary_large_image","twitter_misc":{"Becs\u00fclt olvas\u00e1si id\u0151":"2 perc"},"schema":{"@context":"https:\/\/schema.org","@graph":[{"@type":"WebPage","@id":"https:\/\/azimexprint.com\/hu\/nyomtatott-formanyomtatvanyok\/","url":"https:\/\/azimexprint.com\/hu\/nyomtatott-formanyomtatvanyok\/","name":"FORMANYOMTATV\u00c1NYOK% % -% AzimexPrint%","isPartOf":{"@id":"https:\/\/azimexprint.com\/hu\/#website"},"datePublished":"2025-05-06T07:54:12+00:00","dateModified":"2025-08-05T09:25:37+00:00","description":"DocuForm nyomtatott \u0171rlapok F\u0151bb jellemz\u0151k Mikroperfor\u00e1ci\u00f3: K\u00f6nny\u0171 lev\u00e1laszt\u00e1s&nbsp; R\u00f6gz\u00edt\u0151 lyukak: Maxim\u00e1lis pontoss\u00e1g T\u00f6bb p\u00e9ld\u00e1nyos :%","breadcrumb":{"@id":"https:\/\/azimexprint.com\/hu\/nyomtatott-formanyomtatvanyok\/#breadcrumb"},"inLanguage":"hu","potentialAction":[{"@type":"ReadAction","target":["https:\/\/azimexprint.com\/hu\/nyomtatott-formanyomtatvanyok\/"]}]},{"@type":"BreadcrumbList","@id":"https:\/\/azimexprint.com\/hu\/nyomtatott-formanyomtatvanyok\/#breadcrumb","itemListElement":[{"@type":"ListItem","position":1,"name":"\u00c1ltal\u00e1nos inform\u00e1ci\u00f3k","item":"https:\/\/azimexprint.com\/hu\/"},{"@type":"ListItem","position":2,"name":"FORMANYOMTATV\u00c1NYOK"}]},{"@type":"WebSite","@id":"https:\/\/azimexprint.com\/hu\/#website","url":"https:\/\/azimexprint.com\/hu\/","name":"Azimex Print","description":"Print","publisher":{"@id":"https:\/\/azimexprint.com\/hu\/#organization"},"alternateName":"Azimex","potentialAction":[{"@type":"SearchAction","target":{"@type":"EntryPoint","urlTemplate":"https:\/\/azimexprint.com\/hu\/?s={search_term_string}"},"query-input":{"@type":"PropertyValueSpecification","valueRequired":true,"valueName":"search_term_string"}}],"inLanguage":"hu"},{"@type":"Organization","@id":"https:\/\/azimexprint.com\/hu\/#organization","name":"Azimex Print","alternateName":"Azimex","url":"https:\/\/azimexprint.com\/hu\/","logo":{"@type":"ImageObject","inLanguage":"hu","@id":"https:\/\/azimexprint.com\/hu\/#\/schema\/logo\/image\/","url":"https:\/\/azimexprint.com\/wp-content\/uploads\/2022\/03\/Azimex-logo.png","contentUrl":"https:\/\/azimexprint.com\/wp-content\/uploads\/2022\/03\/Azimex-logo.png","width":500,"height":142,"caption":"Azimex Print"},"image":{"@id":"https:\/\/azimexprint.com\/hu\/#\/schema\/logo\/image\/"}}]}},"_links":{"self":[{"href":"https:\/\/azimexprint.com\/hu\/wp-json\/wp\/v2\/pages\/12788","targetHints":{"allow":["GET"]}}],"collection":[{"href":"https:\/\/azimexprint.com\/hu\/wp-json\/wp\/v2\/pages"}],"about":[{"href":"https:\/\/azimexprint.com\/hu\/wp-json\/wp\/v2\/types\/page"}],"author":[{"embeddable":true,"href":"https:\/\/azimexprint.com\/hu\/wp-json\/wp\/v2\/users\/1"}],"replies":[{"embeddable":true,"href":"https:\/\/azimexprint.com\/hu\/wp-json\/wp\/v2\/comments?post=12788"}],"version-history":[{"count":4,"href":"https:\/\/azimexprint.com\/hu\/wp-json\/wp\/v2\/pages\/12788\/revisions"}],"predecessor-version":[{"id":13714,"href":"https:\/\/azimexprint.com\/hu\/wp-json\/wp\/v2\/pages\/12788\/revisions\/13714"}],"wp:attachment":[{"href":"https:\/\/azimexprint.com\/hu\/wp-json\/wp\/v2\/media?parent=12788"}],"curies":[{"name":"wp","href":"https:\/\/api.w.org\/{rel}","templated":true}]}}