{"id":12779,"date":"2025-05-06T07:49:24","date_gmt":"2025-05-06T07:49:24","guid":{"rendered":"https:\/\/azimexprint.com\/hajtogatott-papir-folyamatos-nyomtatvanyok\/"},"modified":"2025-08-05T09:16:47","modified_gmt":"2025-08-05T09:16:47","slug":"hajtogatott-papir-folyamatos-nyomtatvanyok","status":"publish","type":"page","link":"https:\/\/azimexprint.com\/hu\/hajtogatott-papir-folyamatos-nyomtatvanyok\/","title":{"rendered":"HAJTOGATOTT PAP\u00cdR (LEPORELLO)"},"content":{"rendered":"\t\t<div data-elementor-type=\"wp-page\" data-elementor-id=\"12779\" class=\"elementor elementor-12779 elementor-11427\" data-elementor-post-type=\"page\">\n\t\t\t\t\t\t<div class=\"elementor-section elementor-top-section elementor-element elementor-element-3777c9c elementor-section-boxed elementor-section-height-default elementor-section-height-default\" data-id=\"3777c9c\" data-element_type=\"section\" data-e-type=\"section\">\n\t\t\t\t\t\t<div class=\"elementor-container elementor-column-gap-default\">\n\t\t\t\t\t<div class=\"elementor-column elementor-col-100 elementor-top-column elementor-element elementor-element-1c41209\" data-id=\"1c41209\" data-element_type=\"column\" data-e-type=\"column\">\n\t\t\t<div class=\"elementor-widget-wrap elementor-element-populated\">\n\t\t\t\t\t\t<div class=\"elementor-element elementor-element-61d10f7 elementor-widget elementor-widget-text-editor\" data-id=\"61d10f7\" data-element_type=\"widget\" data-e-type=\"widget\" data-widget_type=\"text-editor.default\">\n\t\t\t\t<div class=\"elementor-widget-container\">\n\t\t\t\t\t\t\t\t\t<p><style>\n.leporello-table {<br \/>\n  width: 100%;<br \/>\n  border-collapse: collapse;<br \/>\n  font-family: Arial, sans-serif;<br \/>\n  margin-top: 20px;<br \/>\n}<br \/>\n.leporello-table th, .leporello-table td {<br \/>\n  border: 1px solid #ddd;<br \/>\n  padding: 12px;<br \/>\n  text-align: left;<br \/>\n  vertical-align: top;<br \/>\n}<br \/>\n.leporello-table th {<br \/>\n  background-color: #f2f2f2;<br \/>\n  color: #333;<br \/>\n  width: 25%;<br \/>\n}<br \/>\n@media (max-width: 768px) {<br \/>\n  .leporello-table td, .leporello-table th {<br \/>\n    display: block;<br \/>\n    width: 100%;<br \/>\n  }<br \/>\n  .leporello-table tr {<br \/>\n    margin-bottom: 15px;<br \/>\n    display: block;<br \/>\n    border: 1px solid #ccc;<br \/>\n  }<br \/>\n}<br \/>\n<\/style><\/p><table class=\"leporello-table\"><tbody><tr><th>Termel\u00e9s<\/th><td><ul><li>Kaphat\u00f3 \u00fcresen vagy egyedi mint\u00e1kkal el\u0151re nyomtatva<\/li><li>1-5 sz\u00edn\u0171 nyomtat\u00e1s<\/li><li>Ak\u00e1r 8 r\u00e9szb\u0151l \u00e1ll\u00f3 formanyomtatv\u00e1nyok<\/li><\/ul><\/td><\/tr><tr><th>Anyagok<\/th><td><ul><li>Standard pap\u00edr<\/li><li>Vegyileg kezelt \u00f6nm\u00e1sol\u00f3 pap\u00edr (NCR)<\/li><li>OCR-kompatibilis l\u00e9zernyomtat\u00f3khoz<\/li><li>Feh\u00e9r vagy sz\u00ednes pap\u00edr<\/li><li>K\u00fcl\u00f6nb\u00f6z\u0151 s\u00falyok (pap\u00edrt\u00f6megek)<\/li><\/ul><\/td><\/tr><tr><th>K\u00fcl\u00f6nleges jellemz\u0151k<\/th><td><ul><li>Perfor\u00e1lt vagy multiflex varr\u00e1s t\u00f6bbr\u00e9szes form\u00e1khoz<\/li><li>Standard vagy egyedi perfor\u00e1ci\u00f3 (ak\u00e1r 1 h\u00fcvelykenk\u00e9nt )<\/li><li>Iktat\u00f3 lyukaszt\u00e1s<\/li><li>Semleges\u00edt\u00e9s (megakad\u00e1lyozza a m\u00e1sol\u00e1st vagy lenyomatot)<\/li><li>Szekvenci\u00e1lis sz\u00e1moz\u00e1s<\/li><li>Vonalk\u00f3dol\u00e1s (duplik\u00e1lt, t\u00f6bb helyen t\u00f6rt\u00e9n\u0151 elhelyez\u00e9s)<\/li><li>Biztons\u00e1gi jellemz\u0151k<\/li><\/ul><\/td><\/tr><tr><th>Csomagol\u00e1s<\/th><td><ul><li>Szabv\u00e1nyos vagy egyedi csomagol\u00e1s, dobozol\u00e1s \u00e9s c\u00edmk\u00e9z\u00e9s<\/li><\/ul><\/td><\/tr><tr><th>Felhaszn\u00e1l\u00e1si aj\u00e1nl\u00e1s<\/th><td>Ide\u00e1lis pap\u00edrell\u00e1t\u00e1s nagy kapacit\u00e1s\u00fa \u00e9s nagy mennyis\u00e9g\u0171 nyomtat\u00f3khoz<br>(pl. k\u00f6nyvel\u00e9s, sz\u00e1ml\u00e1z\u00e1s, adatbevitel, archiv\u00e1l\u00e1s).<\/td><\/tr><tr><th>Tart\u00f3ss\u00e1g<\/th><td><ul><li><strong>M\u00e1sol\u00e1si k\u00e9pess\u00e9g:<\/strong> legfeljebb 5 \u00e9v<\/li><\/ul><\/td><\/tr><\/tbody><\/table>\t\t\t\t\t\t\t\t<\/div>\n\t\t\t\t<\/div>\n\t\t\t\t<div class=\"elementor-element elementor-element-d549b0c elementor-widget-divider--view-line elementor-widget elementor-widget-divider\" data-id=\"d549b0c\" data-element_type=\"widget\" data-e-type=\"widget\" data-widget_type=\"divider.default\">\n\t\t\t\t<div class=\"elementor-widget-container\">\n\t\t\t\t\t\t\t<div class=\"elementor-divider\">\n\t\t\t<span class=\"elementor-divider-separator\">\n\t\t\t\t\t\t<\/span>\n\t\t<\/div>\n\t\t\t\t\t\t<\/div>\n\t\t\t\t<\/div>\n\t\t\t\t<div class=\"elementor-element elementor-element-d31e156 elementor-widget elementor-widget-image-gallery\" data-id=\"d31e156\" data-element_type=\"widget\" data-e-type=\"widget\" data-widget_type=\"image-gallery.default\">\n\t\t\t\t<div class=\"elementor-widget-container\">\n\t\t\t\t\t\t\t<div class=\"elementor-image-gallery\">\n\t\t\t<div id='gallery-1' class='gallery galleryid-12779 gallery-columns-4 gallery-size-thumbnail'><dl class='gallery-item'>\n\t\t\t<dt class='gallery-icon landscape'>\n\t\t\t\t<a data-elementor-open-lightbox=\"yes\" data-elementor-lightbox-slideshow=\"d31e156\" data-elementor-lightbox-title=\"lepo2\" data-e-action-hash=\"#elementor-action%3Aaction%3Dlightbox%26settings%3DeyJpZCI6MTE0MDgsInVybCI6Imh0dHBzOlwvXC9hemltZXhwcmludC5jb21cL3dwLWNvbnRlbnRcL3VwbG9hZHNcLzIwMjVcLzA1XC9sZXBvMi5qcGciLCJzbGlkZXNob3ciOiJkMzFlMTU2In0%3D\" href='https:\/\/azimexprint.com\/wp-content\/uploads\/2025\/05\/lepo2.jpg'><img fetchpriority=\"high\" decoding=\"async\" width=\"300\" height=\"225\" src=\"https:\/\/azimexprint.com\/wp-content\/uploads\/2025\/05\/lepo2.jpg\" class=\"attachment-thumbnail size-thumbnail\" alt=\"\" \/><\/a>\n\t\t\t<\/dt><\/dl><dl class='gallery-item'>\n\t\t\t<dt class='gallery-icon portrait'>\n\t\t\t\t<a data-elementor-open-lightbox=\"yes\" data-elementor-lightbox-slideshow=\"d31e156\" data-elementor-lightbox-title=\"lepo1\" data-e-action-hash=\"#elementor-action%3Aaction%3Dlightbox%26settings%3DeyJpZCI6MTE0MTEsInVybCI6Imh0dHBzOlwvXC9hemltZXhwcmludC5jb21cL3dwLWNvbnRlbnRcL3VwbG9hZHNcLzIwMjVcLzA1XC9sZXBvMS5qcGciLCJzbGlkZXNob3ciOiJkMzFlMTU2In0%3D\" href='https:\/\/azimexprint.com\/wp-content\/uploads\/2025\/05\/lepo1.jpg'><img decoding=\"async\" width=\"225\" height=\"300\" src=\"https:\/\/azimexprint.com\/wp-content\/uploads\/2025\/05\/lepo1.jpg\" class=\"attachment-thumbnail size-thumbnail\" alt=\"\" \/><\/a>\n\t\t\t<\/dt><\/dl><dl class='gallery-item'>\n\t\t\t<dt class='gallery-icon landscape'>\n\t\t\t\t<a data-elementor-open-lightbox=\"yes\" data-elementor-lightbox-slideshow=\"d31e156\" data-elementor-lightbox-title=\"cimke3\" data-e-action-hash=\"#elementor-action%3Aaction%3Dlightbox%26settings%3DeyJpZCI6MTE0MTQsInVybCI6Imh0dHBzOlwvXC9hemltZXhwcmludC5jb21cL3dwLWNvbnRlbnRcL3VwbG9hZHNcLzIwMjVcLzA1XC9jaW1rZTMuanBnIiwic2xpZGVzaG93IjoiZDMxZTE1NiJ9\" href='https:\/\/azimexprint.com\/wp-content\/uploads\/2025\/05\/cimke3.jpg'><img decoding=\"async\" width=\"300\" height=\"225\" src=\"https:\/\/azimexprint.com\/wp-content\/uploads\/2025\/05\/cimke3.jpg\" class=\"attachment-thumbnail size-thumbnail\" alt=\"\" \/><\/a>\n\t\t\t<\/dt><\/dl>\n\t\t\t<br style='clear: both' \/>\n\t\t<\/div>\n\t\t<\/div>\n\t\t\t\t\t\t<\/div>\n\t\t\t\t<\/div>\n\t\t\t\t\t<\/div>\n\t\t<\/div>\n\t\t\t\t\t<\/div>\n\t\t<\/div>\n\t\t\t\t<div class=\"elementor-section elementor-top-section elementor-element elementor-element-db024d8 elementor-section-boxed elementor-section-height-default elementor-section-height-default\" data-id=\"db024d8\" data-element_type=\"section\" data-e-type=\"section\">\n\t\t\t\t\t\t<div class=\"elementor-container elementor-column-gap-default\">\n\t\t\t\t\t<div class=\"elementor-column elementor-col-100 elementor-top-column elementor-element elementor-element-39dce9b\" data-id=\"39dce9b\" data-element_type=\"column\" data-e-type=\"column\">\n\t\t\t<div class=\"elementor-widget-wrap elementor-element-populated\">\n\t\t\t\t\t\t<div class=\"elementor-element elementor-element-3083074 elementor-widget elementor-widget-button\" data-id=\"3083074\" data-element_type=\"widget\" data-e-type=\"widget\" data-widget_type=\"button.default\">\n\t\t\t\t<div class=\"elementor-widget-container\">\n\t\t\t\t\t\t\t\t\t<div class=\"elementor-button-wrapper\">\n\t\t\t\t\t<a class=\"elementor-button elementor-button-link elementor-size-sm\" href=\"https:\/\/azimexprint.com\/hu\/kapcsolat\/\">\n\t\t\t\t\t\t<span class=\"elementor-button-content-wrapper\">\n\t\t\t\t\t\t\t\t\t<span class=\"elementor-button-text\">Kapcsolatfelv\u00e9tel \u00e1raj\u00e1nlat\u00e9rt<\/span>\n\t\t\t\t\t<\/span>\n\t\t\t\t\t<\/a>\n\t\t\t\t<\/div>\n\t\t\t\t\t\t\t\t<\/div>\n\t\t\t\t<\/div>\n\t\t\t\t\t<\/div>\n\t\t<\/div>\n\t\t\t\t\t<\/div>\n\t\t<\/div>\n\t\t\t\t<\/div>\n\t\t","protected":false},"excerpt":{"rendered":"<p>Termel\u00e9s Kaphat\u00f3 \u00fcresen vagy egyedi mint\u00e1kkal el\u0151re nyomtatva 1-5 sz\u00edn\u0171 nyomtat\u00e1s Ak\u00e1r 8 r\u00e9szb\u0151l \u00e1ll\u00f3 formanyomtatv\u00e1nyok Anyagok Standard pap\u00edr Vegyileg kezelt \u00f6nm\u00e1sol\u00f3 pap\u00edr (NCR) OCR-kompatibilis l\u00e9zernyomtat\u00f3khoz Feh\u00e9r vagy sz\u00ednes pap\u00edr K\u00fcl\u00f6nb\u00f6z\u0151 s\u00falyok (pap\u00edrt\u00f6megek) K\u00fcl\u00f6nleges jellemz\u0151k Perfor\u00e1lt vagy [&hellip;]<\/p>\n","protected":false},"author":1,"featured_media":0,"parent":0,"menu_order":0,"comment_status":"closed","ping_status":"closed","template":"","meta":{"footnotes":""},"class_list":["post-12779","page","type-page","status-publish","hentry"],"yoast_head":"<!-- This site is optimized with the Yoast SEO plugin v27.4 - https:\/\/yoast.com\/product\/yoast-seo-wordpress\/ -->\n<title>HAJTOGATOTT PAP\u00cdR (LEPORELLO)% % -% AzimexPrint%<\/title>\n<meta name=\"description\" content=\"Termel\u00e9sKaphat\u00f3 \u00fcresen vagy egyedi mint\u00e1kkal el\u0151re nyomtatva1-5 sz\u00edn\u0171 nyomtat\u00e1sAk\u00e1r 8 r\u00e9szb\u0151l \u00e1ll\u00f3 formanyomtatv\u00e1nyokAnyagokStandard pap\u00edrVegyileg kezelt%\" \/>\n<meta name=\"robots\" content=\"index, follow, max-snippet:-1, max-image-preview:large, max-video-preview:-1\" \/>\n<link rel=\"canonical\" href=\"https:\/\/azimexprint.com\/hu\/hajtogatott-papir-folyamatos-nyomtatvanyok\/\" \/>\n<meta property=\"og:locale\" content=\"hu_HU\" \/>\n<meta property=\"og:type\" content=\"article\" \/>\n<meta property=\"og:title\" content=\"HAJTOGATOTT PAP\u00cdR (LEPORELLO)% % -% AzimexPrint%\" \/>\n<meta property=\"og:description\" content=\"Termel\u00e9sKaphat\u00f3 \u00fcresen vagy egyedi mint\u00e1kkal el\u0151re nyomtatva1-5 sz\u00edn\u0171 nyomtat\u00e1sAk\u00e1r 8 r\u00e9szb\u0151l \u00e1ll\u00f3 formanyomtatv\u00e1nyokAnyagokStandard pap\u00edrVegyileg kezelt%\" \/>\n<meta property=\"og:url\" content=\"https:\/\/azimexprint.com\/hu\/hajtogatott-papir-folyamatos-nyomtatvanyok\/\" \/>\n<meta property=\"og:site_name\" content=\"AzimexPrint\" \/>\n<meta property=\"article:modified_time\" content=\"2025-08-05T09:16:47+00:00\" \/>\n<meta property=\"og:image\" content=\"https:\/\/azimexprint.com\/wp-content\/uploads\/2025\/05\/lepo2.jpg\" \/>\n<meta name=\"twitter:card\" content=\"summary_large_image\" \/>\n<meta name=\"twitter:label1\" content=\"Becs\u00fclt olvas\u00e1si id\u0151\" \/>\n\t<meta name=\"twitter:data1\" content=\"1 perc\" \/>\n<script type=\"application\/ld+json\" class=\"yoast-schema-graph\">{\"@context\":\"https:\\\/\\\/schema.org\",\"@graph\":[{\"@type\":\"WebPage\",\"@id\":\"https:\\\/\\\/azimexprint.com\\\/hu\\\/hajtogatott-papir-folyamatos-nyomtatvanyok\\\/\",\"url\":\"https:\\\/\\\/azimexprint.com\\\/hu\\\/hajtogatott-papir-folyamatos-nyomtatvanyok\\\/\",\"name\":\"HAJTOGATOTT PAP\u00cdR (LEPORELLO)% % -% AzimexPrint%\",\"isPartOf\":{\"@id\":\"https:\\\/\\\/azimexprint.com\\\/hu\\\/#website\"},\"primaryImageOfPage\":{\"@id\":\"https:\\\/\\\/azimexprint.com\\\/hu\\\/hajtogatott-papir-folyamatos-nyomtatvanyok\\\/#primaryimage\"},\"image\":{\"@id\":\"https:\\\/\\\/azimexprint.com\\\/hu\\\/hajtogatott-papir-folyamatos-nyomtatvanyok\\\/#primaryimage\"},\"thumbnailUrl\":\"https:\\\/\\\/azimexprint.com\\\/wp-content\\\/uploads\\\/2025\\\/05\\\/lepo2.jpg\",\"datePublished\":\"2025-05-06T07:49:24+00:00\",\"dateModified\":\"2025-08-05T09:16:47+00:00\",\"description\":\"Termel\u00e9sKaphat\u00f3 \u00fcresen vagy egyedi mint\u00e1kkal el\u0151re nyomtatva1-5 sz\u00edn\u0171 nyomtat\u00e1sAk\u00e1r 8 r\u00e9szb\u0151l \u00e1ll\u00f3 formanyomtatv\u00e1nyokAnyagokStandard pap\u00edrVegyileg kezelt%\",\"breadcrumb\":{\"@id\":\"https:\\\/\\\/azimexprint.com\\\/hu\\\/hajtogatott-papir-folyamatos-nyomtatvanyok\\\/#breadcrumb\"},\"inLanguage\":\"hu\",\"potentialAction\":[{\"@type\":\"ReadAction\",\"target\":[\"https:\\\/\\\/azimexprint.com\\\/hu\\\/hajtogatott-papir-folyamatos-nyomtatvanyok\\\/\"]}]},{\"@type\":\"ImageObject\",\"inLanguage\":\"hu\",\"@id\":\"https:\\\/\\\/azimexprint.com\\\/hu\\\/hajtogatott-papir-folyamatos-nyomtatvanyok\\\/#primaryimage\",\"url\":\"https:\\\/\\\/azimexprint.com\\\/wp-content\\\/uploads\\\/2025\\\/05\\\/lepo2.jpg\",\"contentUrl\":\"https:\\\/\\\/azimexprint.com\\\/wp-content\\\/uploads\\\/2025\\\/05\\\/lepo2.jpg\"},{\"@type\":\"BreadcrumbList\",\"@id\":\"https:\\\/\\\/azimexprint.com\\\/hu\\\/hajtogatott-papir-folyamatos-nyomtatvanyok\\\/#breadcrumb\",\"itemListElement\":[{\"@type\":\"ListItem\",\"position\":1,\"name\":\"\u00c1ltal\u00e1nos inform\u00e1ci\u00f3k\",\"item\":\"https:\\\/\\\/azimexprint.com\\\/hu\\\/\"},{\"@type\":\"ListItem\",\"position\":2,\"name\":\"HAJTOGATOTT PAP\u00cdR (LEPORELLO)\"}]},{\"@type\":\"WebSite\",\"@id\":\"https:\\\/\\\/azimexprint.com\\\/hu\\\/#website\",\"url\":\"https:\\\/\\\/azimexprint.com\\\/hu\\\/\",\"name\":\"Azimex Print\",\"description\":\"Print\",\"publisher\":{\"@id\":\"https:\\\/\\\/azimexprint.com\\\/hu\\\/#organization\"},\"alternateName\":\"Azimex\",\"potentialAction\":[{\"@type\":\"SearchAction\",\"target\":{\"@type\":\"EntryPoint\",\"urlTemplate\":\"https:\\\/\\\/azimexprint.com\\\/hu\\\/?s={search_term_string}\"},\"query-input\":{\"@type\":\"PropertyValueSpecification\",\"valueRequired\":true,\"valueName\":\"search_term_string\"}}],\"inLanguage\":\"hu\"},{\"@type\":\"Organization\",\"@id\":\"https:\\\/\\\/azimexprint.com\\\/hu\\\/#organization\",\"name\":\"Azimex Print\",\"alternateName\":\"Azimex\",\"url\":\"https:\\\/\\\/azimexprint.com\\\/hu\\\/\",\"logo\":{\"@type\":\"ImageObject\",\"inLanguage\":\"hu\",\"@id\":\"https:\\\/\\\/azimexprint.com\\\/hu\\\/#\\\/schema\\\/logo\\\/image\\\/\",\"url\":\"https:\\\/\\\/azimexprint.com\\\/wp-content\\\/uploads\\\/2022\\\/03\\\/Azimex-logo.png\",\"contentUrl\":\"https:\\\/\\\/azimexprint.com\\\/wp-content\\\/uploads\\\/2022\\\/03\\\/Azimex-logo.png\",\"width\":500,\"height\":142,\"caption\":\"Azimex Print\"},\"image\":{\"@id\":\"https:\\\/\\\/azimexprint.com\\\/hu\\\/#\\\/schema\\\/logo\\\/image\\\/\"}}]}<\/script>\n<!-- \/ Yoast SEO plugin. -->","yoast_head_json":{"title":"HAJTOGATOTT PAP\u00cdR (LEPORELLO)% % -% AzimexPrint%","description":"Termel\u00e9sKaphat\u00f3 \u00fcresen vagy egyedi mint\u00e1kkal el\u0151re nyomtatva1-5 sz\u00edn\u0171 nyomtat\u00e1sAk\u00e1r 8 r\u00e9szb\u0151l \u00e1ll\u00f3 formanyomtatv\u00e1nyokAnyagokStandard pap\u00edrVegyileg kezelt%","robots":{"index":"index","follow":"follow","max-snippet":"max-snippet:-1","max-image-preview":"max-image-preview:large","max-video-preview":"max-video-preview:-1"},"canonical":"https:\/\/azimexprint.com\/hu\/hajtogatott-papir-folyamatos-nyomtatvanyok\/","og_locale":"hu_HU","og_type":"article","og_title":"HAJTOGATOTT PAP\u00cdR (LEPORELLO)% % -% AzimexPrint%","og_description":"Termel\u00e9sKaphat\u00f3 \u00fcresen vagy egyedi mint\u00e1kkal el\u0151re nyomtatva1-5 sz\u00edn\u0171 nyomtat\u00e1sAk\u00e1r 8 r\u00e9szb\u0151l \u00e1ll\u00f3 formanyomtatv\u00e1nyokAnyagokStandard pap\u00edrVegyileg kezelt%","og_url":"https:\/\/azimexprint.com\/hu\/hajtogatott-papir-folyamatos-nyomtatvanyok\/","og_site_name":"AzimexPrint","article_modified_time":"2025-08-05T09:16:47+00:00","og_image":[{"url":"https:\/\/azimexprint.com\/wp-content\/uploads\/2025\/05\/lepo2.jpg","type":"","width":"","height":""}],"twitter_card":"summary_large_image","twitter_misc":{"Becs\u00fclt olvas\u00e1si id\u0151":"1 perc"},"schema":{"@context":"https:\/\/schema.org","@graph":[{"@type":"WebPage","@id":"https:\/\/azimexprint.com\/hu\/hajtogatott-papir-folyamatos-nyomtatvanyok\/","url":"https:\/\/azimexprint.com\/hu\/hajtogatott-papir-folyamatos-nyomtatvanyok\/","name":"HAJTOGATOTT PAP\u00cdR (LEPORELLO)% % -% AzimexPrint%","isPartOf":{"@id":"https:\/\/azimexprint.com\/hu\/#website"},"primaryImageOfPage":{"@id":"https:\/\/azimexprint.com\/hu\/hajtogatott-papir-folyamatos-nyomtatvanyok\/#primaryimage"},"image":{"@id":"https:\/\/azimexprint.com\/hu\/hajtogatott-papir-folyamatos-nyomtatvanyok\/#primaryimage"},"thumbnailUrl":"https:\/\/azimexprint.com\/wp-content\/uploads\/2025\/05\/lepo2.jpg","datePublished":"2025-05-06T07:49:24+00:00","dateModified":"2025-08-05T09:16:47+00:00","description":"Termel\u00e9sKaphat\u00f3 \u00fcresen vagy egyedi mint\u00e1kkal el\u0151re nyomtatva1-5 sz\u00edn\u0171 nyomtat\u00e1sAk\u00e1r 8 r\u00e9szb\u0151l \u00e1ll\u00f3 formanyomtatv\u00e1nyokAnyagokStandard pap\u00edrVegyileg kezelt%","breadcrumb":{"@id":"https:\/\/azimexprint.com\/hu\/hajtogatott-papir-folyamatos-nyomtatvanyok\/#breadcrumb"},"inLanguage":"hu","potentialAction":[{"@type":"ReadAction","target":["https:\/\/azimexprint.com\/hu\/hajtogatott-papir-folyamatos-nyomtatvanyok\/"]}]},{"@type":"ImageObject","inLanguage":"hu","@id":"https:\/\/azimexprint.com\/hu\/hajtogatott-papir-folyamatos-nyomtatvanyok\/#primaryimage","url":"https:\/\/azimexprint.com\/wp-content\/uploads\/2025\/05\/lepo2.jpg","contentUrl":"https:\/\/azimexprint.com\/wp-content\/uploads\/2025\/05\/lepo2.jpg"},{"@type":"BreadcrumbList","@id":"https:\/\/azimexprint.com\/hu\/hajtogatott-papir-folyamatos-nyomtatvanyok\/#breadcrumb","itemListElement":[{"@type":"ListItem","position":1,"name":"\u00c1ltal\u00e1nos inform\u00e1ci\u00f3k","item":"https:\/\/azimexprint.com\/hu\/"},{"@type":"ListItem","position":2,"name":"HAJTOGATOTT PAP\u00cdR (LEPORELLO)"}]},{"@type":"WebSite","@id":"https:\/\/azimexprint.com\/hu\/#website","url":"https:\/\/azimexprint.com\/hu\/","name":"Azimex Print","description":"Print","publisher":{"@id":"https:\/\/azimexprint.com\/hu\/#organization"},"alternateName":"Azimex","potentialAction":[{"@type":"SearchAction","target":{"@type":"EntryPoint","urlTemplate":"https:\/\/azimexprint.com\/hu\/?s={search_term_string}"},"query-input":{"@type":"PropertyValueSpecification","valueRequired":true,"valueName":"search_term_string"}}],"inLanguage":"hu"},{"@type":"Organization","@id":"https:\/\/azimexprint.com\/hu\/#organization","name":"Azimex Print","alternateName":"Azimex","url":"https:\/\/azimexprint.com\/hu\/","logo":{"@type":"ImageObject","inLanguage":"hu","@id":"https:\/\/azimexprint.com\/hu\/#\/schema\/logo\/image\/","url":"https:\/\/azimexprint.com\/wp-content\/uploads\/2022\/03\/Azimex-logo.png","contentUrl":"https:\/\/azimexprint.com\/wp-content\/uploads\/2022\/03\/Azimex-logo.png","width":500,"height":142,"caption":"Azimex Print"},"image":{"@id":"https:\/\/azimexprint.com\/hu\/#\/schema\/logo\/image\/"}}]}},"_links":{"self":[{"href":"https:\/\/azimexprint.com\/hu\/wp-json\/wp\/v2\/pages\/12779","targetHints":{"allow":["GET"]}}],"collection":[{"href":"https:\/\/azimexprint.com\/hu\/wp-json\/wp\/v2\/pages"}],"about":[{"href":"https:\/\/azimexprint.com\/hu\/wp-json\/wp\/v2\/types\/page"}],"author":[{"embeddable":true,"href":"https:\/\/azimexprint.com\/hu\/wp-json\/wp\/v2\/users\/1"}],"replies":[{"embeddable":true,"href":"https:\/\/azimexprint.com\/hu\/wp-json\/wp\/v2\/comments?post=12779"}],"version-history":[{"count":8,"href":"https:\/\/azimexprint.com\/hu\/wp-json\/wp\/v2\/pages\/12779\/revisions"}],"predecessor-version":[{"id":13707,"href":"https:\/\/azimexprint.com\/hu\/wp-json\/wp\/v2\/pages\/12779\/revisions\/13707"}],"wp:attachment":[{"href":"https:\/\/azimexprint.com\/hu\/wp-json\/wp\/v2\/media?parent=12779"}],"curies":[{"name":"wp","href":"https:\/\/api.w.org\/{rel}","templated":true}]}}