{"id":12775,"date":"2025-05-06T07:51:53","date_gmt":"2025-05-06T07:51:53","guid":{"rendered":"https:\/\/azimexprint.com\/a-gyogyszerekre-vonatkozo-fogyasztoi-tajekoztato-cmi\/"},"modified":"2025-07-24T12:02:22","modified_gmt":"2025-07-24T12:02:22","slug":"a-gyogyszerekre-vonatkozo-fogyasztoi-tajekoztato-cmi","status":"publish","type":"page","link":"https:\/\/azimexprint.com\/hu\/a-gyogyszerekre-vonatkozo-fogyasztoi-tajekoztato-cmi\/","title":{"rendered":"BETEGT\u00c1J\u00c9KOZTAT\u00d3 (CMI)"},"content":{"rendered":"\t\t<div data-elementor-type=\"wp-page\" data-elementor-id=\"12775\" class=\"elementor elementor-12775 elementor-11433\" data-elementor-post-type=\"page\">\n\t\t\t\t\t\t<div class=\"elementor-section elementor-top-section elementor-element elementor-element-35ccdbd elementor-section-boxed elementor-section-height-default elementor-section-height-default\" data-id=\"35ccdbd\" data-element_type=\"section\" data-e-type=\"section\">\n\t\t\t\t\t\t<div class=\"elementor-container elementor-column-gap-default\">\n\t\t\t\t\t<div class=\"elementor-column elementor-col-100 elementor-top-column elementor-element elementor-element-2d4fc2b\" data-id=\"2d4fc2b\" data-element_type=\"column\" data-e-type=\"column\">\n\t\t\t<div class=\"elementor-widget-wrap elementor-element-populated\">\n\t\t\t\t\t\t<div class=\"elementor-element elementor-element-7f6854a elementor-widget elementor-widget-image\" data-id=\"7f6854a\" data-element_type=\"widget\" data-e-type=\"widget\" data-widget_type=\"image.default\">\n\t\t\t\t<div class=\"elementor-widget-container\">\n\t\t\t\t\t\t\t\t\t\t\t\t\t\t\t<img fetchpriority=\"high\" decoding=\"async\" width=\"1920\" height=\"2560\" src=\"https:\/\/azimexprint.com\/wp-content\/uploads\/2025\/07\/IMG_8746-scaled.jpeg\" class=\"attachment-large size-large wp-image-13040\" alt=\"\" srcset=\"https:\/\/azimexprint.com\/wp-content\/uploads\/2025\/07\/IMG_8746-scaled.jpeg 1920w, https:\/\/azimexprint.com\/wp-content\/uploads\/2025\/07\/IMG_8746-1152x1536.jpeg 1152w, https:\/\/azimexprint.com\/wp-content\/uploads\/2025\/07\/IMG_8746-1536x2048.jpeg 1536w\" sizes=\"(max-width: 1920px) 100vw, 1920px\" \/>\t\t\t\t\t\t\t\t\t\t\t\t\t\t\t<\/div>\n\t\t\t\t<\/div>\n\t\t\t\t<div class=\"elementor-element elementor-element-74a7a0c elementor-widget elementor-widget-text-editor\" data-id=\"74a7a0c\" data-element_type=\"widget\" data-e-type=\"widget\" data-widget_type=\"text-editor.default\">\n\t\t\t\t<div class=\"elementor-widget-container\">\n\t\t\t\t\t\t\t\t\t<p>Kiv\u00e1l\u00f3 min\u0151s\u00e9g\u0171 gy\u00f3gyszeripari betegt\u00e1j\u00e9koztat\u00f3k gy\u00e1rt\u00e1s\u00e1ra szakosodtunk, amelyek megfelelnek az ipar\u00e1g szigor\u00fa szab\u00e1lyoz\u00e1si \u00e9s form\u00e1z\u00e1si k\u00f6vetelm\u00e9nyeinek.<\/p>\t\t\t\t\t\t\t\t<\/div>\n\t\t\t\t<\/div>\n\t\t\t\t\t<\/div>\n\t\t<\/div>\n\t\t\t\t\t<\/div>\n\t\t<\/div>\n\t\t\t\t<div class=\"elementor-section elementor-top-section elementor-element elementor-element-0835de6 elementor-section-boxed elementor-section-height-default elementor-section-height-default\" data-id=\"0835de6\" data-element_type=\"section\" data-e-type=\"section\">\n\t\t\t\t\t\t<div class=\"elementor-container elementor-column-gap-default\">\n\t\t\t\t\t<div class=\"elementor-column elementor-col-100 elementor-top-column elementor-element elementor-element-a65dd72\" data-id=\"a65dd72\" data-element_type=\"column\" data-e-type=\"column\">\n\t\t\t<div class=\"elementor-widget-wrap elementor-element-populated\">\n\t\t\t\t\t\t<div class=\"elementor-element elementor-element-f54ec1d elementor-widget elementor-widget-button\" data-id=\"f54ec1d\" data-element_type=\"widget\" data-e-type=\"widget\" data-widget_type=\"button.default\">\n\t\t\t\t<div class=\"elementor-widget-container\">\n\t\t\t\t\t\t\t\t\t<div class=\"elementor-button-wrapper\">\n\t\t\t\t\t<a class=\"elementor-button elementor-button-link elementor-size-sm\" href=\"https:\/\/azimexprint.com\/hu\/kapcsolat\/\">\n\t\t\t\t\t\t<span class=\"elementor-button-content-wrapper\">\n\t\t\t\t\t\t\t\t\t<span class=\"elementor-button-text\">Kapcsolatfelv\u00e9tel \u00e1raj\u00e1nlat\u00e9rt  <\/span>\n\t\t\t\t\t<\/span>\n\t\t\t\t\t<\/a>\n\t\t\t\t<\/div>\n\t\t\t\t\t\t\t\t<\/div>\n\t\t\t\t<\/div>\n\t\t\t\t\t<\/div>\n\t\t<\/div>\n\t\t\t\t\t<\/div>\n\t\t<\/div>\n\t\t\t\t<\/div>\n\t\t","protected":false},"excerpt":{"rendered":"<p>Kiv\u00e1l\u00f3 min\u0151s\u00e9g\u0171 gy\u00f3gyszeripari betegt\u00e1j\u00e9koztat\u00f3k gy\u00e1rt\u00e1s\u00e1ra szakosodtunk, amelyek megfelelnek az ipar\u00e1g szigor\u00fa szab\u00e1lyoz\u00e1si \u00e9s form\u00e1z\u00e1si k\u00f6vetelm\u00e9nyeinek. Kapcsolatfelv\u00e9tel \u00e1raj\u00e1nlat\u00e9rt<\/p>\n","protected":false},"author":1,"featured_media":0,"parent":0,"menu_order":0,"comment_status":"closed","ping_status":"closed","template":"","meta":{"footnotes":""},"class_list":["post-12775","page","type-page","status-publish","hentry"],"yoast_head":"<!-- This site is optimized with the Yoast SEO plugin v27.4 - https:\/\/yoast.com\/product\/yoast-seo-wordpress\/ -->\n<title>BETEGT\u00c1J\u00c9KOZTAT\u00d3 (CMI)% % -% AzimexPrint%<\/title>\n<meta name=\"description\" content=\"Kiv\u00e1l\u00f3 min\u0151s\u00e9g\u0171 gy\u00f3gyszeripari betegt\u00e1j\u00e9koztat\u00f3k gy\u00e1rt\u00e1s\u00e1ra szakosodtunk, amelyek megfelelnek az ipar\u00e1g szigor\u00fa szab\u00e1lyoz\u00e1si \u00e9s form\u00e1z\u00e1si%\" \/>\n<meta name=\"robots\" content=\"index, follow, max-snippet:-1, max-image-preview:large, max-video-preview:-1\" \/>\n<link rel=\"canonical\" href=\"https:\/\/azimexprint.com\/hu\/a-gyogyszerekre-vonatkozo-fogyasztoi-tajekoztato-cmi\/\" \/>\n<meta property=\"og:locale\" content=\"hu_HU\" \/>\n<meta property=\"og:type\" content=\"article\" \/>\n<meta property=\"og:title\" content=\"BETEGT\u00c1J\u00c9KOZTAT\u00d3 (CMI)% % -% AzimexPrint%\" \/>\n<meta property=\"og:description\" content=\"Kiv\u00e1l\u00f3 min\u0151s\u00e9g\u0171 gy\u00f3gyszeripari betegt\u00e1j\u00e9koztat\u00f3k gy\u00e1rt\u00e1s\u00e1ra szakosodtunk, amelyek megfelelnek az ipar\u00e1g szigor\u00fa szab\u00e1lyoz\u00e1si \u00e9s form\u00e1z\u00e1si%\" \/>\n<meta property=\"og:url\" content=\"https:\/\/azimexprint.com\/hu\/a-gyogyszerekre-vonatkozo-fogyasztoi-tajekoztato-cmi\/\" \/>\n<meta property=\"og:site_name\" content=\"AzimexPrint\" \/>\n<meta property=\"article:modified_time\" content=\"2025-07-24T12:02:22+00:00\" \/>\n<meta property=\"og:image\" content=\"https:\/\/azimexprint.com\/wp-content\/uploads\/2025\/07\/IMG_8746-scaled.jpeg\" \/>\n<meta name=\"twitter:card\" content=\"summary_large_image\" \/>\n<script type=\"application\/ld+json\" class=\"yoast-schema-graph\">{\"@context\":\"https:\\\/\\\/schema.org\",\"@graph\":[{\"@type\":\"WebPage\",\"@id\":\"https:\\\/\\\/azimexprint.com\\\/hu\\\/a-gyogyszerekre-vonatkozo-fogyasztoi-tajekoztato-cmi\\\/\",\"url\":\"https:\\\/\\\/azimexprint.com\\\/hu\\\/a-gyogyszerekre-vonatkozo-fogyasztoi-tajekoztato-cmi\\\/\",\"name\":\"BETEGT\u00c1J\u00c9KOZTAT\u00d3 (CMI)% % -% AzimexPrint%\",\"isPartOf\":{\"@id\":\"https:\\\/\\\/azimexprint.com\\\/hu\\\/#website\"},\"primaryImageOfPage\":{\"@id\":\"https:\\\/\\\/azimexprint.com\\\/hu\\\/a-gyogyszerekre-vonatkozo-fogyasztoi-tajekoztato-cmi\\\/#primaryimage\"},\"image\":{\"@id\":\"https:\\\/\\\/azimexprint.com\\\/hu\\\/a-gyogyszerekre-vonatkozo-fogyasztoi-tajekoztato-cmi\\\/#primaryimage\"},\"thumbnailUrl\":\"https:\\\/\\\/azimexprint.com\\\/wp-content\\\/uploads\\\/2025\\\/07\\\/IMG_8746-scaled.jpeg\",\"datePublished\":\"2025-05-06T07:51:53+00:00\",\"dateModified\":\"2025-07-24T12:02:22+00:00\",\"description\":\"Kiv\u00e1l\u00f3 min\u0151s\u00e9g\u0171 gy\u00f3gyszeripari betegt\u00e1j\u00e9koztat\u00f3k gy\u00e1rt\u00e1s\u00e1ra szakosodtunk, amelyek megfelelnek az ipar\u00e1g szigor\u00fa szab\u00e1lyoz\u00e1si \u00e9s form\u00e1z\u00e1si%\",\"breadcrumb\":{\"@id\":\"https:\\\/\\\/azimexprint.com\\\/hu\\\/a-gyogyszerekre-vonatkozo-fogyasztoi-tajekoztato-cmi\\\/#breadcrumb\"},\"inLanguage\":\"hu\",\"potentialAction\":[{\"@type\":\"ReadAction\",\"target\":[\"https:\\\/\\\/azimexprint.com\\\/hu\\\/a-gyogyszerekre-vonatkozo-fogyasztoi-tajekoztato-cmi\\\/\"]}]},{\"@type\":\"ImageObject\",\"inLanguage\":\"hu\",\"@id\":\"https:\\\/\\\/azimexprint.com\\\/hu\\\/a-gyogyszerekre-vonatkozo-fogyasztoi-tajekoztato-cmi\\\/#primaryimage\",\"url\":\"https:\\\/\\\/azimexprint.com\\\/wp-content\\\/uploads\\\/2025\\\/07\\\/IMG_8746-scaled.jpeg\",\"contentUrl\":\"https:\\\/\\\/azimexprint.com\\\/wp-content\\\/uploads\\\/2025\\\/07\\\/IMG_8746-scaled.jpeg\"},{\"@type\":\"BreadcrumbList\",\"@id\":\"https:\\\/\\\/azimexprint.com\\\/hu\\\/a-gyogyszerekre-vonatkozo-fogyasztoi-tajekoztato-cmi\\\/#breadcrumb\",\"itemListElement\":[{\"@type\":\"ListItem\",\"position\":1,\"name\":\"\u00c1ltal\u00e1nos inform\u00e1ci\u00f3k\",\"item\":\"https:\\\/\\\/azimexprint.com\\\/hu\\\/\"},{\"@type\":\"ListItem\",\"position\":2,\"name\":\"BETEGT\u00c1J\u00c9KOZTAT\u00d3 (CMI)\"}]},{\"@type\":\"WebSite\",\"@id\":\"https:\\\/\\\/azimexprint.com\\\/hu\\\/#website\",\"url\":\"https:\\\/\\\/azimexprint.com\\\/hu\\\/\",\"name\":\"Azimex Print\",\"description\":\"Print\",\"publisher\":{\"@id\":\"https:\\\/\\\/azimexprint.com\\\/hu\\\/#organization\"},\"alternateName\":\"Azimex\",\"potentialAction\":[{\"@type\":\"SearchAction\",\"target\":{\"@type\":\"EntryPoint\",\"urlTemplate\":\"https:\\\/\\\/azimexprint.com\\\/hu\\\/?s={search_term_string}\"},\"query-input\":{\"@type\":\"PropertyValueSpecification\",\"valueRequired\":true,\"valueName\":\"search_term_string\"}}],\"inLanguage\":\"hu\"},{\"@type\":\"Organization\",\"@id\":\"https:\\\/\\\/azimexprint.com\\\/hu\\\/#organization\",\"name\":\"Azimex Print\",\"alternateName\":\"Azimex\",\"url\":\"https:\\\/\\\/azimexprint.com\\\/hu\\\/\",\"logo\":{\"@type\":\"ImageObject\",\"inLanguage\":\"hu\",\"@id\":\"https:\\\/\\\/azimexprint.com\\\/hu\\\/#\\\/schema\\\/logo\\\/image\\\/\",\"url\":\"https:\\\/\\\/azimexprint.com\\\/wp-content\\\/uploads\\\/2022\\\/03\\\/Azimex-logo.png\",\"contentUrl\":\"https:\\\/\\\/azimexprint.com\\\/wp-content\\\/uploads\\\/2022\\\/03\\\/Azimex-logo.png\",\"width\":500,\"height\":142,\"caption\":\"Azimex Print\"},\"image\":{\"@id\":\"https:\\\/\\\/azimexprint.com\\\/hu\\\/#\\\/schema\\\/logo\\\/image\\\/\"}}]}<\/script>\n<!-- \/ Yoast SEO plugin. -->","yoast_head_json":{"title":"BETEGT\u00c1J\u00c9KOZTAT\u00d3 (CMI)% % -% AzimexPrint%","description":"Kiv\u00e1l\u00f3 min\u0151s\u00e9g\u0171 gy\u00f3gyszeripari betegt\u00e1j\u00e9koztat\u00f3k gy\u00e1rt\u00e1s\u00e1ra szakosodtunk, amelyek megfelelnek az ipar\u00e1g szigor\u00fa szab\u00e1lyoz\u00e1si \u00e9s form\u00e1z\u00e1si%","robots":{"index":"index","follow":"follow","max-snippet":"max-snippet:-1","max-image-preview":"max-image-preview:large","max-video-preview":"max-video-preview:-1"},"canonical":"https:\/\/azimexprint.com\/hu\/a-gyogyszerekre-vonatkozo-fogyasztoi-tajekoztato-cmi\/","og_locale":"hu_HU","og_type":"article","og_title":"BETEGT\u00c1J\u00c9KOZTAT\u00d3 (CMI)% % -% AzimexPrint%","og_description":"Kiv\u00e1l\u00f3 min\u0151s\u00e9g\u0171 gy\u00f3gyszeripari betegt\u00e1j\u00e9koztat\u00f3k gy\u00e1rt\u00e1s\u00e1ra szakosodtunk, amelyek megfelelnek az ipar\u00e1g szigor\u00fa szab\u00e1lyoz\u00e1si \u00e9s form\u00e1z\u00e1si%","og_url":"https:\/\/azimexprint.com\/hu\/a-gyogyszerekre-vonatkozo-fogyasztoi-tajekoztato-cmi\/","og_site_name":"AzimexPrint","article_modified_time":"2025-07-24T12:02:22+00:00","og_image":[{"url":"https:\/\/azimexprint.com\/wp-content\/uploads\/2025\/07\/IMG_8746-scaled.jpeg","type":"","width":"","height":""}],"twitter_card":"summary_large_image","schema":{"@context":"https:\/\/schema.org","@graph":[{"@type":"WebPage","@id":"https:\/\/azimexprint.com\/hu\/a-gyogyszerekre-vonatkozo-fogyasztoi-tajekoztato-cmi\/","url":"https:\/\/azimexprint.com\/hu\/a-gyogyszerekre-vonatkozo-fogyasztoi-tajekoztato-cmi\/","name":"BETEGT\u00c1J\u00c9KOZTAT\u00d3 (CMI)% % -% AzimexPrint%","isPartOf":{"@id":"https:\/\/azimexprint.com\/hu\/#website"},"primaryImageOfPage":{"@id":"https:\/\/azimexprint.com\/hu\/a-gyogyszerekre-vonatkozo-fogyasztoi-tajekoztato-cmi\/#primaryimage"},"image":{"@id":"https:\/\/azimexprint.com\/hu\/a-gyogyszerekre-vonatkozo-fogyasztoi-tajekoztato-cmi\/#primaryimage"},"thumbnailUrl":"https:\/\/azimexprint.com\/wp-content\/uploads\/2025\/07\/IMG_8746-scaled.jpeg","datePublished":"2025-05-06T07:51:53+00:00","dateModified":"2025-07-24T12:02:22+00:00","description":"Kiv\u00e1l\u00f3 min\u0151s\u00e9g\u0171 gy\u00f3gyszeripari betegt\u00e1j\u00e9koztat\u00f3k gy\u00e1rt\u00e1s\u00e1ra szakosodtunk, amelyek megfelelnek az ipar\u00e1g szigor\u00fa szab\u00e1lyoz\u00e1si \u00e9s form\u00e1z\u00e1si%","breadcrumb":{"@id":"https:\/\/azimexprint.com\/hu\/a-gyogyszerekre-vonatkozo-fogyasztoi-tajekoztato-cmi\/#breadcrumb"},"inLanguage":"hu","potentialAction":[{"@type":"ReadAction","target":["https:\/\/azimexprint.com\/hu\/a-gyogyszerekre-vonatkozo-fogyasztoi-tajekoztato-cmi\/"]}]},{"@type":"ImageObject","inLanguage":"hu","@id":"https:\/\/azimexprint.com\/hu\/a-gyogyszerekre-vonatkozo-fogyasztoi-tajekoztato-cmi\/#primaryimage","url":"https:\/\/azimexprint.com\/wp-content\/uploads\/2025\/07\/IMG_8746-scaled.jpeg","contentUrl":"https:\/\/azimexprint.com\/wp-content\/uploads\/2025\/07\/IMG_8746-scaled.jpeg"},{"@type":"BreadcrumbList","@id":"https:\/\/azimexprint.com\/hu\/a-gyogyszerekre-vonatkozo-fogyasztoi-tajekoztato-cmi\/#breadcrumb","itemListElement":[{"@type":"ListItem","position":1,"name":"\u00c1ltal\u00e1nos inform\u00e1ci\u00f3k","item":"https:\/\/azimexprint.com\/hu\/"},{"@type":"ListItem","position":2,"name":"BETEGT\u00c1J\u00c9KOZTAT\u00d3 (CMI)"}]},{"@type":"WebSite","@id":"https:\/\/azimexprint.com\/hu\/#website","url":"https:\/\/azimexprint.com\/hu\/","name":"Azimex Print","description":"Print","publisher":{"@id":"https:\/\/azimexprint.com\/hu\/#organization"},"alternateName":"Azimex","potentialAction":[{"@type":"SearchAction","target":{"@type":"EntryPoint","urlTemplate":"https:\/\/azimexprint.com\/hu\/?s={search_term_string}"},"query-input":{"@type":"PropertyValueSpecification","valueRequired":true,"valueName":"search_term_string"}}],"inLanguage":"hu"},{"@type":"Organization","@id":"https:\/\/azimexprint.com\/hu\/#organization","name":"Azimex Print","alternateName":"Azimex","url":"https:\/\/azimexprint.com\/hu\/","logo":{"@type":"ImageObject","inLanguage":"hu","@id":"https:\/\/azimexprint.com\/hu\/#\/schema\/logo\/image\/","url":"https:\/\/azimexprint.com\/wp-content\/uploads\/2022\/03\/Azimex-logo.png","contentUrl":"https:\/\/azimexprint.com\/wp-content\/uploads\/2022\/03\/Azimex-logo.png","width":500,"height":142,"caption":"Azimex Print"},"image":{"@id":"https:\/\/azimexprint.com\/hu\/#\/schema\/logo\/image\/"}}]}},"_links":{"self":[{"href":"https:\/\/azimexprint.com\/hu\/wp-json\/wp\/v2\/pages\/12775","targetHints":{"allow":["GET"]}}],"collection":[{"href":"https:\/\/azimexprint.com\/hu\/wp-json\/wp\/v2\/pages"}],"about":[{"href":"https:\/\/azimexprint.com\/hu\/wp-json\/wp\/v2\/types\/page"}],"author":[{"embeddable":true,"href":"https:\/\/azimexprint.com\/hu\/wp-json\/wp\/v2\/users\/1"}],"replies":[{"embeddable":true,"href":"https:\/\/azimexprint.com\/hu\/wp-json\/wp\/v2\/comments?post=12775"}],"version-history":[{"count":5,"href":"https:\/\/azimexprint.com\/hu\/wp-json\/wp\/v2\/pages\/12775\/revisions"}],"predecessor-version":[{"id":13153,"href":"https:\/\/azimexprint.com\/hu\/wp-json\/wp\/v2\/pages\/12775\/revisions\/13153"}],"wp:attachment":[{"href":"https:\/\/azimexprint.com\/hu\/wp-json\/wp\/v2\/media?parent=12775"}],"curies":[{"name":"wp","href":"https:\/\/api.w.org\/{rel}","templated":true}]}}