{"id":12772,"date":"2025-05-06T07:53:05","date_gmt":"2025-05-06T07:53:05","guid":{"rendered":"https:\/\/azimexprint.com\/penztargep-tekercsek\/"},"modified":"2025-08-05T09:18:07","modified_gmt":"2025-08-05T09:18:07","slug":"penztargep-tekercsek","status":"publish","type":"page","link":"https:\/\/azimexprint.com\/hu\/penztargep-tekercsek\/","title":{"rendered":"P\u00c9NZT\u00c1RG\u00c9P SZALAGOK"},"content":{"rendered":"\t\t<div data-elementor-type=\"wp-page\" data-elementor-id=\"12772\" class=\"elementor elementor-12772 elementor-11437\" data-elementor-post-type=\"page\">\n\t\t\t\t\t\t<div class=\"elementor-section elementor-top-section elementor-element elementor-element-7d372ba elementor-section-boxed elementor-section-height-default elementor-section-height-default\" data-id=\"7d372ba\" data-element_type=\"section\" data-e-type=\"section\">\n\t\t\t\t\t\t<div class=\"elementor-container elementor-column-gap-default\">\n\t\t\t\t\t<div class=\"elementor-column elementor-col-100 elementor-top-column elementor-element elementor-element-2871a06\" data-id=\"2871a06\" data-element_type=\"column\" data-e-type=\"column\">\n\t\t\t<div class=\"elementor-widget-wrap elementor-element-populated\">\n\t\t\t\t\t\t<div class=\"elementor-element elementor-element-b0037f4 elementor-widget elementor-widget-text-editor\" data-id=\"b0037f4\" data-element_type=\"widget\" data-e-type=\"widget\" data-widget_type=\"text-editor.default\">\n\t\t\t\t<div class=\"elementor-widget-container\">\n\t\t\t\t\t\t\t\t\t<style>\n.roll-labels-table {\n  width: 100%;\n  border-collapse: collapse;\n  font-family: Arial, sans-serif;\n  margin-top: 20px;\n}\n.roll-labels-table th, .roll-labels-table td {\n  border: 1px solid #ddd;\n  padding: 12px;\n  text-align: left;\n  vertical-align: top;\n}\n.roll-labels-table th {\n  background-color: #f2f2f2;\n  color: #333;\n  width: 25%;\n}\n@media (max-width: 768px) {\n  .roll-labels-table td, .roll-labels-table th {\n    display: block;\n    width: 100%;\n  }\n  .roll-labels-table tr {\n    margin-bottom: 15px;\n    display: block;\n    border: 1px solid #ccc;\n  }\n}\n<\/style>\n\n<h2 style=\"font-family: Arial, sans-serif; color: #222; margin-top: 30px;\">P\u00e9nzt\u00e1rg\u00e9p tekercsek<\/h2>\n\n<table class=\"roll-labels-table\">\n  <tr>\n    <th>Opci\u00f3k<\/th>\n    <td>\n      <ul>\n        <li>Standard vagy egyedi m\u00e9ret<\/li>\n        <li>Egyszeri vagy dupla kiad\u00e1s<\/li>\n        <li>Nyomtatott vagy nyomtat\u00e1s n\u00e9lk\u00fcli<\/li>\n        <li>El\u00fcls\u0151 \u00e9s\/vagy h\u00e1toldali nyomtat\u00e1s, egy vagy t\u00f6bb sz\u00ednnel<\/li>\n        <li>Polcc\u00edmk\u00e9k<\/li>\n        <li>Carbon \u00e9s TTR szalagokat is forgalmazunk.<\/li>\n      <\/ul>\n    <\/td>\n  <\/tr>\n  <tr>\n    <th>Nyersanyagok<\/th>\n    <td>\n      <ul>\n        <li>Norm\u00e1l<\/li>\n        <li>Thermo<\/li>\n        <li>SC (f\u00e9lig bevont)<\/li>\n        <li>Emelt m\u00b2 s\u00faly (gramm)<\/li>\n        <li>F\u0171z\u00f6tt anyagok<\/li>\n      <\/ul>\n    <\/td>\n  <\/tr>\n  <tr>\n    <th>K\u00fcl\u00f6nleges jellemz\u0151k<\/th>\n    <td>\n      <ul>\n        <li>T\u00f6bb kiad\u00e1s\u00fa szalagok.<\/li>\n        <li>Sz\u00e1mozott (duplik\u00e1lt vagy t\u00f6bb helyen elhelyezett)<\/li>\n        <li>Biztons\u00e1gi elemekkel ell\u00e1tott szalagok<\/li>\n      <\/ul>\n    <\/td>\n  <\/tr>\n  <tr>\n    <th>Tipikus felhaszn\u00e1l\u00e1sok<\/th>\n    <td>\n      <ul>\n        <li>P\u00e9nzt\u00e1rg\u00e9pek<\/li>\n        <li>Parkol\u00f3\u00f3r\u00e1k<\/li>\n        <li>ATM-ek<\/li>\n        <li>Automat\u00e1k<\/li>\n      <\/ul>\n    <\/td>\n  <\/tr>\n<\/table>\t\t\t\t\t\t\t\t<\/div>\n\t\t\t\t<\/div>\n\t\t\t\t\t<\/div>\n\t\t<\/div>\n\t\t\t\t\t<\/div>\n\t\t<\/div>\n\t\t\t\t<div class=\"elementor-section elementor-top-section elementor-element elementor-element-937883b elementor-section-boxed elementor-section-height-default elementor-section-height-default\" data-id=\"937883b\" data-element_type=\"section\" data-e-type=\"section\">\n\t\t\t\t\t\t<div class=\"elementor-container elementor-column-gap-default\">\n\t\t\t\t\t<div class=\"elementor-column elementor-col-100 elementor-top-column elementor-element elementor-element-7582a38\" data-id=\"7582a38\" data-element_type=\"column\" data-e-type=\"column\">\n\t\t\t<div class=\"elementor-widget-wrap elementor-element-populated\">\n\t\t\t\t\t\t<div class=\"elementor-element elementor-element-17e95a6 elementor-widget__width-initial elementor-widget elementor-widget-image-gallery\" data-id=\"17e95a6\" data-element_type=\"widget\" data-e-type=\"widget\" data-widget_type=\"image-gallery.default\">\n\t\t\t\t<div class=\"elementor-widget-container\">\n\t\t\t\t\t\t\t<div class=\"elementor-image-gallery\">\n\t\t\t<div id='gallery-1' class='gallery galleryid-12772 gallery-columns-4 gallery-size-thumbnail'><dl class='gallery-item'>\n\t\t\t<dt class='gallery-icon landscape'>\n\t\t\t\t<a data-elementor-open-lightbox=\"yes\" data-elementor-lightbox-slideshow=\"17e95a6\" data-elementor-lightbox-title=\"penz1\" data-e-action-hash=\"#elementor-action%3Aaction%3Dlightbox%26settings%3DeyJpZCI6MTE0MDUsInVybCI6Imh0dHBzOlwvXC9hemltZXhwcmludC5jb21cL3dwLWNvbnRlbnRcL3VwbG9hZHNcLzIwMjVcLzA1XC9wZW56MS5qcGciLCJzbGlkZXNob3ciOiIxN2U5NWE2In0%3D\" href='https:\/\/azimexprint.com\/wp-content\/uploads\/2025\/05\/penz1.jpg'><img fetchpriority=\"high\" decoding=\"async\" width=\"300\" height=\"225\" src=\"https:\/\/azimexprint.com\/wp-content\/uploads\/2025\/05\/penz1.jpg\" class=\"attachment-thumbnail size-thumbnail\" alt=\"\" \/><\/a>\n\t\t\t<\/dt><\/dl><dl class='gallery-item'>\n\t\t\t<dt class='gallery-icon landscape'>\n\t\t\t\t<a data-elementor-open-lightbox=\"yes\" data-elementor-lightbox-slideshow=\"17e95a6\" data-elementor-lightbox-title=\"penz2\" data-e-action-hash=\"#elementor-action%3Aaction%3Dlightbox%26settings%3DeyJpZCI6MTE0MDIsInVybCI6Imh0dHBzOlwvXC9hemltZXhwcmludC5jb21cL3dwLWNvbnRlbnRcL3VwbG9hZHNcLzIwMjVcLzA1XC9wZW56Mi5qcGciLCJzbGlkZXNob3ciOiIxN2U5NWE2In0%3D\" href='https:\/\/azimexprint.com\/wp-content\/uploads\/2025\/05\/penz2.jpg'><img decoding=\"async\" width=\"300\" height=\"225\" src=\"https:\/\/azimexprint.com\/wp-content\/uploads\/2025\/05\/penz2.jpg\" class=\"attachment-thumbnail size-thumbnail\" alt=\"\" \/><\/a>\n\t\t\t<\/dt><\/dl>\n\t\t\t<br style='clear: both' \/>\n\t\t<\/div>\n\t\t<\/div>\n\t\t\t\t\t\t<\/div>\n\t\t\t\t<\/div>\n\t\t\t\t\t<\/div>\n\t\t<\/div>\n\t\t\t\t\t<\/div>\n\t\t<\/div>\n\t\t\t\t<div class=\"elementor-section elementor-top-section elementor-element elementor-element-28306e6 elementor-section-boxed elementor-section-height-default elementor-section-height-default\" data-id=\"28306e6\" data-element_type=\"section\" data-e-type=\"section\">\n\t\t\t\t\t\t<div class=\"elementor-container elementor-column-gap-default\">\n\t\t\t\t\t<div class=\"elementor-column elementor-col-100 elementor-top-column elementor-element elementor-element-105a0ad\" data-id=\"105a0ad\" data-element_type=\"column\" data-e-type=\"column\">\n\t\t\t<div class=\"elementor-widget-wrap elementor-element-populated\">\n\t\t\t\t\t\t<div class=\"elementor-element elementor-element-f5add40 elementor-widget elementor-widget-button\" data-id=\"f5add40\" data-element_type=\"widget\" data-e-type=\"widget\" data-widget_type=\"button.default\">\n\t\t\t\t<div class=\"elementor-widget-container\">\n\t\t\t\t\t\t\t\t\t<div class=\"elementor-button-wrapper\">\n\t\t\t\t\t<a class=\"elementor-button elementor-button-link elementor-size-sm\" href=\"https:\/\/azimexprint.com\/hu\/kapcsolat\/\">\n\t\t\t\t\t\t<span class=\"elementor-button-content-wrapper\">\n\t\t\t\t\t\t\t\t\t<span class=\"elementor-button-text\">Kapcsolatfelv\u00e9tel \u00e1raj\u00e1nlat\u00e9rt  <\/span>\n\t\t\t\t\t<\/span>\n\t\t\t\t\t<\/a>\n\t\t\t\t<\/div>\n\t\t\t\t\t\t\t\t<\/div>\n\t\t\t\t<\/div>\n\t\t\t\t\t<\/div>\n\t\t<\/div>\n\t\t\t\t\t<\/div>\n\t\t<\/div>\n\t\t\t\t<\/div>\n\t\t","protected":false},"excerpt":{"rendered":"<p>P\u00e9nzt\u00e1rg\u00e9p tekercsek Opci\u00f3k Standard vagy egyedi m\u00e9ret Egyszeri vagy dupla kiad\u00e1s Nyomtatott vagy nyomtat\u00e1s n\u00e9lk\u00fcli El\u00fcls\u0151 \u00e9s\/vagy h\u00e1toldali nyomtat\u00e1s, egy vagy t\u00f6bb sz\u00ednnel Polcc\u00edmk\u00e9k Carbon \u00e9s TTR szalagokat is forgalmazunk. Nyersanyagok Norm\u00e1l Thermo SC (f\u00e9lig bevont) Emelt [&hellip;]<\/p>\n","protected":false},"author":1,"featured_media":0,"parent":0,"menu_order":0,"comment_status":"closed","ping_status":"closed","template":"","meta":{"footnotes":""},"class_list":["post-12772","page","type-page","status-publish","hentry"],"yoast_head":"<!-- This site is optimized with the Yoast SEO plugin v27.4 - https:\/\/yoast.com\/product\/yoast-seo-wordpress\/ -->\n<title>P\u00c9NZT\u00c1RG\u00c9P SZALAGOK% % -% AzimexPrint%<\/title>\n<meta name=\"description\" content=\"P\u00e9nzt\u00e1rg\u00e9p tekercsek Opci\u00f3k Standard vagy egyedi m\u00e9ret Egyszeri vagy dupla kiad\u00e1s Nyomtatott vagy nyomtat\u00e1s n\u00e9lk\u00fcli El\u00fcls\u0151 \u00e9s\/vagy h\u00e1toldali nyomtat\u00e1s,%\" \/>\n<meta name=\"robots\" content=\"index, follow, max-snippet:-1, max-image-preview:large, max-video-preview:-1\" \/>\n<link rel=\"canonical\" href=\"https:\/\/azimexprint.com\/hu\/penztargep-tekercsek\/\" \/>\n<meta property=\"og:locale\" content=\"hu_HU\" \/>\n<meta property=\"og:type\" content=\"article\" \/>\n<meta property=\"og:title\" content=\"P\u00c9NZT\u00c1RG\u00c9P SZALAGOK% % -% AzimexPrint%\" \/>\n<meta property=\"og:description\" content=\"P\u00e9nzt\u00e1rg\u00e9p tekercsek Opci\u00f3k Standard vagy egyedi m\u00e9ret Egyszeri vagy dupla kiad\u00e1s Nyomtatott vagy nyomtat\u00e1s n\u00e9lk\u00fcli El\u00fcls\u0151 \u00e9s\/vagy h\u00e1toldali nyomtat\u00e1s,%\" \/>\n<meta property=\"og:url\" content=\"https:\/\/azimexprint.com\/hu\/penztargep-tekercsek\/\" \/>\n<meta property=\"og:site_name\" content=\"AzimexPrint\" \/>\n<meta property=\"article:modified_time\" content=\"2025-08-05T09:18:07+00:00\" \/>\n<meta property=\"og:image\" content=\"https:\/\/azimexprint.com\/wp-content\/uploads\/2025\/05\/penz1.jpg\" \/>\n<meta name=\"twitter:card\" content=\"summary_large_image\" \/>\n<meta name=\"twitter:label1\" content=\"Becs\u00fclt olvas\u00e1si id\u0151\" \/>\n\t<meta name=\"twitter:data1\" content=\"1 perc\" \/>\n<script type=\"application\/ld+json\" class=\"yoast-schema-graph\">{\"@context\":\"https:\\\/\\\/schema.org\",\"@graph\":[{\"@type\":\"WebPage\",\"@id\":\"https:\\\/\\\/azimexprint.com\\\/hu\\\/penztargep-tekercsek\\\/\",\"url\":\"https:\\\/\\\/azimexprint.com\\\/hu\\\/penztargep-tekercsek\\\/\",\"name\":\"P\u00c9NZT\u00c1RG\u00c9P SZALAGOK% % -% AzimexPrint%\",\"isPartOf\":{\"@id\":\"https:\\\/\\\/azimexprint.com\\\/hu\\\/#website\"},\"primaryImageOfPage\":{\"@id\":\"https:\\\/\\\/azimexprint.com\\\/hu\\\/penztargep-tekercsek\\\/#primaryimage\"},\"image\":{\"@id\":\"https:\\\/\\\/azimexprint.com\\\/hu\\\/penztargep-tekercsek\\\/#primaryimage\"},\"thumbnailUrl\":\"https:\\\/\\\/azimexprint.com\\\/wp-content\\\/uploads\\\/2025\\\/05\\\/penz1.jpg\",\"datePublished\":\"2025-05-06T07:53:05+00:00\",\"dateModified\":\"2025-08-05T09:18:07+00:00\",\"description\":\"P\u00e9nzt\u00e1rg\u00e9p tekercsek Opci\u00f3k Standard vagy egyedi m\u00e9ret Egyszeri vagy dupla kiad\u00e1s Nyomtatott vagy nyomtat\u00e1s n\u00e9lk\u00fcli El\u00fcls\u0151 \u00e9s\\\/vagy h\u00e1toldali nyomtat\u00e1s,%\",\"breadcrumb\":{\"@id\":\"https:\\\/\\\/azimexprint.com\\\/hu\\\/penztargep-tekercsek\\\/#breadcrumb\"},\"inLanguage\":\"hu\",\"potentialAction\":[{\"@type\":\"ReadAction\",\"target\":[\"https:\\\/\\\/azimexprint.com\\\/hu\\\/penztargep-tekercsek\\\/\"]}]},{\"@type\":\"ImageObject\",\"inLanguage\":\"hu\",\"@id\":\"https:\\\/\\\/azimexprint.com\\\/hu\\\/penztargep-tekercsek\\\/#primaryimage\",\"url\":\"https:\\\/\\\/azimexprint.com\\\/wp-content\\\/uploads\\\/2025\\\/05\\\/penz1.jpg\",\"contentUrl\":\"https:\\\/\\\/azimexprint.com\\\/wp-content\\\/uploads\\\/2025\\\/05\\\/penz1.jpg\"},{\"@type\":\"BreadcrumbList\",\"@id\":\"https:\\\/\\\/azimexprint.com\\\/hu\\\/penztargep-tekercsek\\\/#breadcrumb\",\"itemListElement\":[{\"@type\":\"ListItem\",\"position\":1,\"name\":\"\u00c1ltal\u00e1nos inform\u00e1ci\u00f3k\",\"item\":\"https:\\\/\\\/azimexprint.com\\\/hu\\\/\"},{\"@type\":\"ListItem\",\"position\":2,\"name\":\"P\u00c9NZT\u00c1RG\u00c9P SZALAGOK\"}]},{\"@type\":\"WebSite\",\"@id\":\"https:\\\/\\\/azimexprint.com\\\/hu\\\/#website\",\"url\":\"https:\\\/\\\/azimexprint.com\\\/hu\\\/\",\"name\":\"Azimex Print\",\"description\":\"Print\",\"publisher\":{\"@id\":\"https:\\\/\\\/azimexprint.com\\\/hu\\\/#organization\"},\"alternateName\":\"Azimex\",\"potentialAction\":[{\"@type\":\"SearchAction\",\"target\":{\"@type\":\"EntryPoint\",\"urlTemplate\":\"https:\\\/\\\/azimexprint.com\\\/hu\\\/?s={search_term_string}\"},\"query-input\":{\"@type\":\"PropertyValueSpecification\",\"valueRequired\":true,\"valueName\":\"search_term_string\"}}],\"inLanguage\":\"hu\"},{\"@type\":\"Organization\",\"@id\":\"https:\\\/\\\/azimexprint.com\\\/hu\\\/#organization\",\"name\":\"Azimex Print\",\"alternateName\":\"Azimex\",\"url\":\"https:\\\/\\\/azimexprint.com\\\/hu\\\/\",\"logo\":{\"@type\":\"ImageObject\",\"inLanguage\":\"hu\",\"@id\":\"https:\\\/\\\/azimexprint.com\\\/hu\\\/#\\\/schema\\\/logo\\\/image\\\/\",\"url\":\"https:\\\/\\\/azimexprint.com\\\/wp-content\\\/uploads\\\/2022\\\/03\\\/Azimex-logo.png\",\"contentUrl\":\"https:\\\/\\\/azimexprint.com\\\/wp-content\\\/uploads\\\/2022\\\/03\\\/Azimex-logo.png\",\"width\":500,\"height\":142,\"caption\":\"Azimex Print\"},\"image\":{\"@id\":\"https:\\\/\\\/azimexprint.com\\\/hu\\\/#\\\/schema\\\/logo\\\/image\\\/\"}}]}<\/script>\n<!-- \/ Yoast SEO plugin. -->","yoast_head_json":{"title":"P\u00c9NZT\u00c1RG\u00c9P SZALAGOK% % -% AzimexPrint%","description":"P\u00e9nzt\u00e1rg\u00e9p tekercsek Opci\u00f3k Standard vagy egyedi m\u00e9ret Egyszeri vagy dupla kiad\u00e1s Nyomtatott vagy nyomtat\u00e1s n\u00e9lk\u00fcli El\u00fcls\u0151 \u00e9s\/vagy h\u00e1toldali nyomtat\u00e1s,%","robots":{"index":"index","follow":"follow","max-snippet":"max-snippet:-1","max-image-preview":"max-image-preview:large","max-video-preview":"max-video-preview:-1"},"canonical":"https:\/\/azimexprint.com\/hu\/penztargep-tekercsek\/","og_locale":"hu_HU","og_type":"article","og_title":"P\u00c9NZT\u00c1RG\u00c9P SZALAGOK% % -% AzimexPrint%","og_description":"P\u00e9nzt\u00e1rg\u00e9p tekercsek Opci\u00f3k Standard vagy egyedi m\u00e9ret Egyszeri vagy dupla kiad\u00e1s Nyomtatott vagy nyomtat\u00e1s n\u00e9lk\u00fcli El\u00fcls\u0151 \u00e9s\/vagy h\u00e1toldali nyomtat\u00e1s,%","og_url":"https:\/\/azimexprint.com\/hu\/penztargep-tekercsek\/","og_site_name":"AzimexPrint","article_modified_time":"2025-08-05T09:18:07+00:00","og_image":[{"url":"https:\/\/azimexprint.com\/wp-content\/uploads\/2025\/05\/penz1.jpg","type":"","width":"","height":""}],"twitter_card":"summary_large_image","twitter_misc":{"Becs\u00fclt olvas\u00e1si id\u0151":"1 perc"},"schema":{"@context":"https:\/\/schema.org","@graph":[{"@type":"WebPage","@id":"https:\/\/azimexprint.com\/hu\/penztargep-tekercsek\/","url":"https:\/\/azimexprint.com\/hu\/penztargep-tekercsek\/","name":"P\u00c9NZT\u00c1RG\u00c9P SZALAGOK% % -% AzimexPrint%","isPartOf":{"@id":"https:\/\/azimexprint.com\/hu\/#website"},"primaryImageOfPage":{"@id":"https:\/\/azimexprint.com\/hu\/penztargep-tekercsek\/#primaryimage"},"image":{"@id":"https:\/\/azimexprint.com\/hu\/penztargep-tekercsek\/#primaryimage"},"thumbnailUrl":"https:\/\/azimexprint.com\/wp-content\/uploads\/2025\/05\/penz1.jpg","datePublished":"2025-05-06T07:53:05+00:00","dateModified":"2025-08-05T09:18:07+00:00","description":"P\u00e9nzt\u00e1rg\u00e9p tekercsek Opci\u00f3k Standard vagy egyedi m\u00e9ret Egyszeri vagy dupla kiad\u00e1s Nyomtatott vagy nyomtat\u00e1s n\u00e9lk\u00fcli El\u00fcls\u0151 \u00e9s\/vagy h\u00e1toldali nyomtat\u00e1s,%","breadcrumb":{"@id":"https:\/\/azimexprint.com\/hu\/penztargep-tekercsek\/#breadcrumb"},"inLanguage":"hu","potentialAction":[{"@type":"ReadAction","target":["https:\/\/azimexprint.com\/hu\/penztargep-tekercsek\/"]}]},{"@type":"ImageObject","inLanguage":"hu","@id":"https:\/\/azimexprint.com\/hu\/penztargep-tekercsek\/#primaryimage","url":"https:\/\/azimexprint.com\/wp-content\/uploads\/2025\/05\/penz1.jpg","contentUrl":"https:\/\/azimexprint.com\/wp-content\/uploads\/2025\/05\/penz1.jpg"},{"@type":"BreadcrumbList","@id":"https:\/\/azimexprint.com\/hu\/penztargep-tekercsek\/#breadcrumb","itemListElement":[{"@type":"ListItem","position":1,"name":"\u00c1ltal\u00e1nos inform\u00e1ci\u00f3k","item":"https:\/\/azimexprint.com\/hu\/"},{"@type":"ListItem","position":2,"name":"P\u00c9NZT\u00c1RG\u00c9P SZALAGOK"}]},{"@type":"WebSite","@id":"https:\/\/azimexprint.com\/hu\/#website","url":"https:\/\/azimexprint.com\/hu\/","name":"Azimex Print","description":"Print","publisher":{"@id":"https:\/\/azimexprint.com\/hu\/#organization"},"alternateName":"Azimex","potentialAction":[{"@type":"SearchAction","target":{"@type":"EntryPoint","urlTemplate":"https:\/\/azimexprint.com\/hu\/?s={search_term_string}"},"query-input":{"@type":"PropertyValueSpecification","valueRequired":true,"valueName":"search_term_string"}}],"inLanguage":"hu"},{"@type":"Organization","@id":"https:\/\/azimexprint.com\/hu\/#organization","name":"Azimex Print","alternateName":"Azimex","url":"https:\/\/azimexprint.com\/hu\/","logo":{"@type":"ImageObject","inLanguage":"hu","@id":"https:\/\/azimexprint.com\/hu\/#\/schema\/logo\/image\/","url":"https:\/\/azimexprint.com\/wp-content\/uploads\/2022\/03\/Azimex-logo.png","contentUrl":"https:\/\/azimexprint.com\/wp-content\/uploads\/2022\/03\/Azimex-logo.png","width":500,"height":142,"caption":"Azimex Print"},"image":{"@id":"https:\/\/azimexprint.com\/hu\/#\/schema\/logo\/image\/"}}]}},"_links":{"self":[{"href":"https:\/\/azimexprint.com\/hu\/wp-json\/wp\/v2\/pages\/12772","targetHints":{"allow":["GET"]}}],"collection":[{"href":"https:\/\/azimexprint.com\/hu\/wp-json\/wp\/v2\/pages"}],"about":[{"href":"https:\/\/azimexprint.com\/hu\/wp-json\/wp\/v2\/types\/page"}],"author":[{"embeddable":true,"href":"https:\/\/azimexprint.com\/hu\/wp-json\/wp\/v2\/users\/1"}],"replies":[{"embeddable":true,"href":"https:\/\/azimexprint.com\/hu\/wp-json\/wp\/v2\/comments?post=12772"}],"version-history":[{"count":4,"href":"https:\/\/azimexprint.com\/hu\/wp-json\/wp\/v2\/pages\/12772\/revisions"}],"predecessor-version":[{"id":13709,"href":"https:\/\/azimexprint.com\/hu\/wp-json\/wp\/v2\/pages\/12772\/revisions\/13709"}],"wp:attachment":[{"href":"https:\/\/azimexprint.com\/hu\/wp-json\/wp\/v2\/media?parent=12772"}],"curies":[{"name":"wp","href":"https:\/\/api.w.org\/{rel}","templated":true}]}}