{"id":12770,"date":"2025-05-06T07:52:26","date_gmt":"2025-05-06T07:52:26","guid":{"rendered":"https:\/\/azimexprint.com\/dobozgyartas\/"},"modified":"2025-09-04T17:04:09","modified_gmt":"2025-09-04T17:04:09","slug":"dobozgyartas","status":"publish","type":"page","link":"https:\/\/azimexprint.com\/hu\/dobozgyartas\/","title":{"rendered":"DOBOZGY\u00c1RT\u00c1S"},"content":{"rendered":"\t\t<div data-elementor-type=\"wp-page\" data-elementor-id=\"12770\" class=\"elementor elementor-12770 elementor-11435\" data-elementor-post-type=\"page\">\n\t\t\t\t\t\t<div class=\"elementor-section elementor-top-section elementor-element elementor-element-e2a5298 elementor-section-boxed elementor-section-height-default elementor-section-height-default\" data-id=\"e2a5298\" data-element_type=\"section\" data-e-type=\"section\">\n\t\t\t\t\t\t<div class=\"elementor-container elementor-column-gap-default\">\n\t\t\t\t\t<div class=\"elementor-column elementor-col-100 elementor-top-column elementor-element elementor-element-cb1c60b\" data-id=\"cb1c60b\" data-element_type=\"column\" data-e-type=\"column\">\n\t\t\t<div class=\"elementor-widget-wrap elementor-element-populated\">\n\t\t\t\t\t\t<div class=\"elementor-element elementor-element-59a223f elementor-widget elementor-widget-text-editor\" data-id=\"59a223f\" data-element_type=\"widget\" data-e-type=\"widget\" data-widget_type=\"text-editor.default\">\n\t\t\t\t<div class=\"elementor-widget-container\">\n\t\t\t\t\t\t\t\t\t<p><style><span data-mce-type=\"bookmark\" style=\"display: inline-block; width: 0px; overflow: hidden; line-height: 0;\" class=\"mce_SELRES_start\"\/><br\/>.boxes-table {<br\/>  width: 100%;<br\/>  border-collapse: collapse;<br\/>  font-family: Arial, sans-serif;<br\/>  margin-top: 20px;<br\/>}<br\/>.boxes-table th, .boxes-table td {<br\/>  border: 1px solid #ddd;<br\/>  padding: 12px;<br\/>  text-align: left;<br\/>  vertical-align: top;<br\/>}<br\/>.boxes-table th {<br\/>  background-color: #f2f2f2;<br\/>  color: #333;<br\/>  width: 25%;<br\/>}<br\/>@media (max-width: 768px) {<br\/>  .boxes-table td, .boxes-table th {<br\/>    display: block;<br\/>    width: 100%;<br\/>  }<br\/>  .boxes-table tr {<br\/>    margin-bottom: 15px;<br\/>    display: block;<br\/>    border: 1px solid #ccc;<br\/>  }<br\/>}<br\/><\/style><\/p><h2 style=\"font-family: Arial, sans-serif; color: #222;\">Karton doboz gy\u00e1rt\u00e1sa<\/h2><p><strong>A pap\u00edrdobozokkal val\u00f3 csomagol\u00e1s<\/strong> egyszer\u0171, praktikus \u00e9s biztons\u00e1gos - kiv\u00e1l\u00f3 v\u00e1laszt\u00e1s, ha egyszerre akarjuk v\u00e9deni \u00e9s vonz\u00f3an bemutatni term\u00e9keinket.<\/p><p>A k\u00f6lts\u00e9ghat\u00e9kony csomagol\u00e1s elengedhetetlen, \u00e9s marketingeszk\u00f6zk\u00e9nt is szolg\u00e1lhat, mivel a v\u00e1llalat log\u00f3ja \u00e9s \u00fczenete b\u00fcszk\u00e9n megjelenhet a dobozon.<\/p><p><strong>A doboz m\u00e9rete az egyik legfontosabb t\u00e9nyez\u0151.<\/strong>  A megrendel\u00e9s lead\u00e1sakor a m\u00e9reteket a k\u00f6vetkez\u0151 sorrendben kell felt\u00fcntetni:<\/p><ul><li><strong>-hossz\u00fas\u00e1g (a hosszabb r\u00e9sz nyit\u00e1sn\u00e1l)<\/strong><\/li><li><strong>-sz\u00e9less\u00e9g<\/strong> (a hosszra mer\u0151leges oldal)<\/li><li><strong>-magass\u00e1g (a doboz alj\u00e1t\u00f3l a doboz tetej\u00e9ig tart).<\/strong><\/li><\/ul><p>A karton doboz gy\u00e1rt\u00e1s ter\u00fclet\u00e9n szerzett tapasztalataink r\u00e9v\u00e9n minden ig\u00e9nyre megold\u00e1st<br>tudunk tal\u00e1lni.<\/p><p>A dobozok m\u00e9rete <strong>10 centim\u00e9tert\u0151l t\u00f6bb mint 2 m\u00e9terig<\/strong> terjed.<\/p>\t\t\t\t\t\t\t\t<\/div>\n\t\t\t\t<\/div>\n\t\t\t\t<div class=\"elementor-element elementor-element-ddc5c1c elementor-widget-divider--view-line elementor-widget elementor-widget-divider\" data-id=\"ddc5c1c\" data-element_type=\"widget\" data-e-type=\"widget\" data-widget_type=\"divider.default\">\n\t\t\t\t<div class=\"elementor-widget-container\">\n\t\t\t\t\t\t\t<div class=\"elementor-divider\">\n\t\t\t<span class=\"elementor-divider-separator\">\n\t\t\t\t\t\t<\/span>\n\t\t<\/div>\n\t\t\t\t\t\t<\/div>\n\t\t\t\t<\/div>\n\t\t\t\t\t<\/div>\n\t\t<\/div>\n\t\t\t\t\t<\/div>\n\t\t<\/div>\n\t\t\t\t<div class=\"elementor-section elementor-top-section elementor-element elementor-element-e00de26 elementor-section-boxed elementor-section-height-default elementor-section-height-default\" data-id=\"e00de26\" data-element_type=\"section\" data-e-type=\"section\">\n\t\t\t\t\t\t<div class=\"elementor-container elementor-column-gap-default\">\n\t\t\t\t\t<div class=\"elementor-column elementor-col-33 elementor-top-column elementor-element elementor-element-0f431ee\" data-id=\"0f431ee\" data-element_type=\"column\" data-e-type=\"column\">\n\t\t\t<div class=\"elementor-widget-wrap elementor-element-populated\">\n\t\t\t\t\t\t<div class=\"elementor-element elementor-element-f10f92a elementor-widget-laptop__width-initial elementor-widget elementor-widget-image\" data-id=\"f10f92a\" data-element_type=\"widget\" data-e-type=\"widget\" data-widget_type=\"image.default\">\n\t\t\t\t<div class=\"elementor-widget-container\">\n\t\t\t\t\t\t\t\t\t\t\t\t\t\t\t<img fetchpriority=\"high\" decoding=\"async\" width=\"1920\" height=\"2560\" src=\"https:\/\/azimexprint.com\/wp-content\/uploads\/2025\/07\/IMG_8733-scaled.jpeg\" class=\"attachment-large size-large wp-image-13073\" alt=\"\" srcset=\"https:\/\/azimexprint.com\/wp-content\/uploads\/2025\/07\/IMG_8733-scaled.jpeg 1920w, https:\/\/azimexprint.com\/wp-content\/uploads\/2025\/07\/IMG_8733-1152x1536.jpeg 1152w, https:\/\/azimexprint.com\/wp-content\/uploads\/2025\/07\/IMG_8733-1536x2048.jpeg 1536w\" sizes=\"(max-width: 1920px) 100vw, 1920px\" \/>\t\t\t\t\t\t\t\t\t\t\t\t\t\t\t<\/div>\n\t\t\t\t<\/div>\n\t\t\t\t\t<\/div>\n\t\t<\/div>\n\t\t\t\t<div class=\"elementor-column elementor-col-33 elementor-top-column elementor-element elementor-element-7aa3b5d\" data-id=\"7aa3b5d\" data-element_type=\"column\" data-e-type=\"column\">\n\t\t\t<div class=\"elementor-widget-wrap elementor-element-populated\">\n\t\t\t\t\t\t<div class=\"elementor-element elementor-element-c2c1b6c elementor-widget-laptop__width-initial elementor-widget elementor-widget-image\" data-id=\"c2c1b6c\" data-element_type=\"widget\" data-e-type=\"widget\" data-widget_type=\"image.default\">\n\t\t\t\t<div class=\"elementor-widget-container\">\n\t\t\t\t\t\t\t\t\t\t\t\t\t\t\t<img decoding=\"async\" width=\"1920\" height=\"2560\" src=\"https:\/\/azimexprint.com\/wp-content\/uploads\/2025\/07\/IMG_8773-scaled.jpeg\" class=\"attachment-large size-large wp-image-13268\" alt=\"\" srcset=\"https:\/\/azimexprint.com\/wp-content\/uploads\/2025\/07\/IMG_8773-scaled.jpeg 1920w, https:\/\/azimexprint.com\/wp-content\/uploads\/2025\/07\/IMG_8773-1152x1536.jpeg 1152w, https:\/\/azimexprint.com\/wp-content\/uploads\/2025\/07\/IMG_8773-1536x2048.jpeg 1536w\" sizes=\"(max-width: 1920px) 100vw, 1920px\" \/>\t\t\t\t\t\t\t\t\t\t\t\t\t\t\t<\/div>\n\t\t\t\t<\/div>\n\t\t\t\t\t<\/div>\n\t\t<\/div>\n\t\t\t\t<div class=\"elementor-column elementor-col-33 elementor-top-column elementor-element elementor-element-3e05d6b\" data-id=\"3e05d6b\" data-element_type=\"column\" data-e-type=\"column\">\n\t\t\t<div class=\"elementor-widget-wrap elementor-element-populated\">\n\t\t\t\t\t\t<div class=\"elementor-element elementor-element-1907ca1 elementor-widget elementor-widget-image\" data-id=\"1907ca1\" data-element_type=\"widget\" data-e-type=\"widget\" data-widget_type=\"image.default\">\n\t\t\t\t<div class=\"elementor-widget-container\">\n\t\t\t\t\t\t\t\t\t\t\t\t\t\t\t<img decoding=\"async\" width=\"1920\" height=\"2560\" src=\"https:\/\/azimexprint.com\/wp-content\/uploads\/2025\/07\/IMG_8766-scaled.jpeg\" class=\"attachment-large size-large wp-image-13280\" alt=\"\" srcset=\"https:\/\/azimexprint.com\/wp-content\/uploads\/2025\/07\/IMG_8766-scaled.jpeg 1920w, https:\/\/azimexprint.com\/wp-content\/uploads\/2025\/07\/IMG_8766-1152x1536.jpeg 1152w, https:\/\/azimexprint.com\/wp-content\/uploads\/2025\/07\/IMG_8766-1536x2048.jpeg 1536w\" sizes=\"(max-width: 1920px) 100vw, 1920px\" \/>\t\t\t\t\t\t\t\t\t\t\t\t\t\t\t<\/div>\n\t\t\t\t<\/div>\n\t\t\t\t\t<\/div>\n\t\t<\/div>\n\t\t\t\t\t<\/div>\n\t\t<\/div>\n\t\t\t\t<div class=\"elementor-section elementor-top-section elementor-element elementor-element-f6cd096 elementor-section-boxed elementor-section-height-default elementor-section-height-default\" data-id=\"f6cd096\" data-element_type=\"section\" data-e-type=\"section\">\n\t\t\t\t\t\t<div class=\"elementor-container elementor-column-gap-default\">\n\t\t\t\t\t<div class=\"elementor-column elementor-col-33 elementor-top-column elementor-element elementor-element-0114b7c\" data-id=\"0114b7c\" data-element_type=\"column\" data-e-type=\"column\">\n\t\t\t<div class=\"elementor-widget-wrap elementor-element-populated\">\n\t\t\t\t\t\t<div class=\"elementor-element elementor-element-3848477 elementor-widget-laptop__width-initial elementor-widget elementor-widget-image\" data-id=\"3848477\" data-element_type=\"widget\" data-e-type=\"widget\" data-widget_type=\"image.default\">\n\t\t\t\t<div class=\"elementor-widget-container\">\n\t\t\t\t\t\t\t\t\t\t\t\t\t\t\t<img loading=\"lazy\" decoding=\"async\" width=\"1920\" height=\"2560\" src=\"https:\/\/azimexprint.com\/wp-content\/uploads\/2025\/08\/IMG_9003-scaled.jpeg\" class=\"attachment-large size-large wp-image-13591\" alt=\"\" srcset=\"https:\/\/azimexprint.com\/wp-content\/uploads\/2025\/08\/IMG_9003-scaled.jpeg 1920w, https:\/\/azimexprint.com\/wp-content\/uploads\/2025\/08\/IMG_9003-1152x1536.jpeg 1152w, https:\/\/azimexprint.com\/wp-content\/uploads\/2025\/08\/IMG_9003-1536x2048.jpeg 1536w\" sizes=\"(max-width: 1920px) 100vw, 1920px\" \/>\t\t\t\t\t\t\t\t\t\t\t\t\t\t\t<\/div>\n\t\t\t\t<\/div>\n\t\t\t\t\t<\/div>\n\t\t<\/div>\n\t\t\t\t<div class=\"elementor-column elementor-col-33 elementor-top-column elementor-element elementor-element-f315fd9\" data-id=\"f315fd9\" data-element_type=\"column\" data-e-type=\"column\">\n\t\t\t<div class=\"elementor-widget-wrap elementor-element-populated\">\n\t\t\t\t\t\t<div class=\"elementor-element elementor-element-0a220f8 elementor-widget elementor-widget-image\" data-id=\"0a220f8\" data-element_type=\"widget\" data-e-type=\"widget\" data-widget_type=\"image.default\">\n\t\t\t\t<div class=\"elementor-widget-container\">\n\t\t\t\t\t\t\t\t\t\t\t\t\t\t\t<img loading=\"lazy\" decoding=\"async\" width=\"1920\" height=\"2560\" src=\"https:\/\/azimexprint.com\/wp-content\/uploads\/2025\/07\/IMG_8760-scaled.jpeg\" class=\"attachment-large size-large wp-image-13292\" alt=\"\" srcset=\"https:\/\/azimexprint.com\/wp-content\/uploads\/2025\/07\/IMG_8760-scaled.jpeg 1920w, https:\/\/azimexprint.com\/wp-content\/uploads\/2025\/07\/IMG_8760-1152x1536.jpeg 1152w, https:\/\/azimexprint.com\/wp-content\/uploads\/2025\/07\/IMG_8760-1536x2048.jpeg 1536w\" sizes=\"(max-width: 1920px) 100vw, 1920px\" \/>\t\t\t\t\t\t\t\t\t\t\t\t\t\t\t<\/div>\n\t\t\t\t<\/div>\n\t\t\t\t\t<\/div>\n\t\t<\/div>\n\t\t\t\t<div class=\"elementor-column elementor-col-33 elementor-top-column elementor-element elementor-element-1fd1edc\" data-id=\"1fd1edc\" data-element_type=\"column\" data-e-type=\"column\">\n\t\t\t<div class=\"elementor-widget-wrap\">\n\t\t\t\t\t\t\t<\/div>\n\t\t<\/div>\n\t\t\t\t\t<\/div>\n\t\t<\/div>\n\t\t\t\t<div class=\"elementor-section elementor-top-section elementor-element elementor-element-2202f40 elementor-section-boxed elementor-section-height-default elementor-section-height-default\" data-id=\"2202f40\" data-element_type=\"section\" data-e-type=\"section\">\n\t\t\t\t\t\t<div class=\"elementor-container elementor-column-gap-default\">\n\t\t\t\t\t<div class=\"elementor-column elementor-col-100 elementor-top-column elementor-element elementor-element-beaa2e0\" data-id=\"beaa2e0\" data-element_type=\"column\" data-e-type=\"column\">\n\t\t\t<div class=\"elementor-widget-wrap elementor-element-populated\">\n\t\t\t\t\t\t<div class=\"elementor-element elementor-element-787c414 elementor-widget elementor-widget-button\" data-id=\"787c414\" data-element_type=\"widget\" data-e-type=\"widget\" data-widget_type=\"button.default\">\n\t\t\t\t<div class=\"elementor-widget-container\">\n\t\t\t\t\t\t\t\t\t<div class=\"elementor-button-wrapper\">\n\t\t\t\t\t<a class=\"elementor-button elementor-button-link elementor-size-sm\" href=\"https:\/\/azimexprint.com\/hu\/kapcsolat\/\">\n\t\t\t\t\t\t<span class=\"elementor-button-content-wrapper\">\n\t\t\t\t\t\t\t\t\t<span class=\"elementor-button-text\">Kapcsolatfelv\u00e9tel \u00e1raj\u00e1nlat\u00e9rt<\/span>\n\t\t\t\t\t<\/span>\n\t\t\t\t\t<\/a>\n\t\t\t\t<\/div>\n\t\t\t\t\t\t\t\t<\/div>\n\t\t\t\t<\/div>\n\t\t\t\t\t<\/div>\n\t\t<\/div>\n\t\t\t\t\t<\/div>\n\t\t<\/div>\n\t\t\t\t<\/div>\n\t\t","protected":false},"excerpt":{"rendered":"<p>Karton doboz gy\u00e1rt\u00e1sa A pap\u00edrdobozokkal val\u00f3 csomagol\u00e1s egyszer\u0171, praktikus \u00e9s biztons\u00e1gos - kiv\u00e1l\u00f3 v\u00e1laszt\u00e1s, ha egyszerre akarjuk v\u00e9deni \u00e9s vonz\u00f3an bemutatni term\u00e9keinket. A k\u00f6lts\u00e9ghat\u00e9kony csomagol\u00e1s elengedhetetlen, \u00e9s marketingeszk\u00f6zk\u00e9nt is szolg\u00e1lhat, mivel a v\u00e1llalat log\u00f3ja \u00e9s \u00fczenete b\u00fcszk\u00e9n [&hellip;]<\/p>\n","protected":false},"author":1,"featured_media":0,"parent":0,"menu_order":0,"comment_status":"closed","ping_status":"closed","template":"","meta":{"footnotes":""},"class_list":["post-12770","page","type-page","status-publish","hentry"],"yoast_head":"<!-- This site is optimized with the Yoast SEO plugin v27.4 - https:\/\/yoast.com\/product\/yoast-seo-wordpress\/ -->\n<title>DOBOZGY\u00c1RT\u00c1S% % -% AzimexPrint%<\/title>\n<meta name=\"description\" content=\"Karton doboz gy\u00e1rt\u00e1saA pap\u00edrdobozokkal val\u00f3 csomagol\u00e1s egyszer\u0171, praktikus \u00e9s biztons\u00e1gos - kiv\u00e1l\u00f3 v\u00e1laszt\u00e1s, ha egyszerre akarjuk v\u00e9deni \u00e9s vonz\u00f3an%\" \/>\n<meta name=\"robots\" content=\"index, follow, max-snippet:-1, max-image-preview:large, max-video-preview:-1\" \/>\n<link rel=\"canonical\" href=\"https:\/\/azimexprint.com\/hu\/dobozgyartas\/\" \/>\n<meta property=\"og:locale\" content=\"hu_HU\" \/>\n<meta property=\"og:type\" content=\"article\" \/>\n<meta property=\"og:title\" content=\"DOBOZGY\u00c1RT\u00c1S% % -% AzimexPrint%\" \/>\n<meta property=\"og:description\" content=\"Karton doboz gy\u00e1rt\u00e1saA pap\u00edrdobozokkal val\u00f3 csomagol\u00e1s egyszer\u0171, praktikus \u00e9s biztons\u00e1gos - kiv\u00e1l\u00f3 v\u00e1laszt\u00e1s, ha egyszerre akarjuk v\u00e9deni \u00e9s vonz\u00f3an%\" \/>\n<meta property=\"og:url\" content=\"https:\/\/azimexprint.com\/hu\/dobozgyartas\/\" \/>\n<meta property=\"og:site_name\" content=\"AzimexPrint\" \/>\n<meta property=\"article:modified_time\" content=\"2025-09-04T17:04:09+00:00\" \/>\n<meta property=\"og:image\" content=\"https:\/\/azimexprint.com\/wp-content\/uploads\/2025\/07\/IMG_8733-scaled.jpeg\" \/>\n\t<meta property=\"og:image:width\" content=\"1920\" \/>\n\t<meta property=\"og:image:height\" content=\"2560\" \/>\n\t<meta property=\"og:image:type\" content=\"image\/jpeg\" \/>\n<meta name=\"twitter:card\" content=\"summary_large_image\" \/>\n<meta name=\"twitter:label1\" content=\"Becs\u00fclt olvas\u00e1si id\u0151\" \/>\n\t<meta name=\"twitter:data1\" content=\"1 perc\" \/>\n<script type=\"application\/ld+json\" class=\"yoast-schema-graph\">{\"@context\":\"https:\\\/\\\/schema.org\",\"@graph\":[{\"@type\":\"WebPage\",\"@id\":\"https:\\\/\\\/azimexprint.com\\\/hu\\\/dobozgyartas\\\/\",\"url\":\"https:\\\/\\\/azimexprint.com\\\/hu\\\/dobozgyartas\\\/\",\"name\":\"DOBOZGY\u00c1RT\u00c1S% % -% AzimexPrint%\",\"isPartOf\":{\"@id\":\"https:\\\/\\\/azimexprint.com\\\/hu\\\/#website\"},\"primaryImageOfPage\":{\"@id\":\"https:\\\/\\\/azimexprint.com\\\/hu\\\/dobozgyartas\\\/#primaryimage\"},\"image\":{\"@id\":\"https:\\\/\\\/azimexprint.com\\\/hu\\\/dobozgyartas\\\/#primaryimage\"},\"thumbnailUrl\":\"https:\\\/\\\/azimexprint.com\\\/wp-content\\\/uploads\\\/2025\\\/07\\\/IMG_8733-scaled.jpeg\",\"datePublished\":\"2025-05-06T07:52:26+00:00\",\"dateModified\":\"2025-09-04T17:04:09+00:00\",\"description\":\"Karton doboz gy\u00e1rt\u00e1saA pap\u00edrdobozokkal val\u00f3 csomagol\u00e1s egyszer\u0171, praktikus \u00e9s biztons\u00e1gos - kiv\u00e1l\u00f3 v\u00e1laszt\u00e1s, ha egyszerre akarjuk v\u00e9deni \u00e9s vonz\u00f3an%\",\"breadcrumb\":{\"@id\":\"https:\\\/\\\/azimexprint.com\\\/hu\\\/dobozgyartas\\\/#breadcrumb\"},\"inLanguage\":\"hu\",\"potentialAction\":[{\"@type\":\"ReadAction\",\"target\":[\"https:\\\/\\\/azimexprint.com\\\/hu\\\/dobozgyartas\\\/\"]}]},{\"@type\":\"ImageObject\",\"inLanguage\":\"hu\",\"@id\":\"https:\\\/\\\/azimexprint.com\\\/hu\\\/dobozgyartas\\\/#primaryimage\",\"url\":\"https:\\\/\\\/azimexprint.com\\\/wp-content\\\/uploads\\\/2025\\\/07\\\/IMG_8733-scaled.jpeg\",\"contentUrl\":\"https:\\\/\\\/azimexprint.com\\\/wp-content\\\/uploads\\\/2025\\\/07\\\/IMG_8733-scaled.jpeg\"},{\"@type\":\"BreadcrumbList\",\"@id\":\"https:\\\/\\\/azimexprint.com\\\/hu\\\/dobozgyartas\\\/#breadcrumb\",\"itemListElement\":[{\"@type\":\"ListItem\",\"position\":1,\"name\":\"\u00c1ltal\u00e1nos inform\u00e1ci\u00f3k\",\"item\":\"https:\\\/\\\/azimexprint.com\\\/hu\\\/\"},{\"@type\":\"ListItem\",\"position\":2,\"name\":\"DOBOZGY\u00c1RT\u00c1S\"}]},{\"@type\":\"WebSite\",\"@id\":\"https:\\\/\\\/azimexprint.com\\\/hu\\\/#website\",\"url\":\"https:\\\/\\\/azimexprint.com\\\/hu\\\/\",\"name\":\"Azimex Print\",\"description\":\"Print\",\"publisher\":{\"@id\":\"https:\\\/\\\/azimexprint.com\\\/hu\\\/#organization\"},\"alternateName\":\"Azimex\",\"potentialAction\":[{\"@type\":\"SearchAction\",\"target\":{\"@type\":\"EntryPoint\",\"urlTemplate\":\"https:\\\/\\\/azimexprint.com\\\/hu\\\/?s={search_term_string}\"},\"query-input\":{\"@type\":\"PropertyValueSpecification\",\"valueRequired\":true,\"valueName\":\"search_term_string\"}}],\"inLanguage\":\"hu\"},{\"@type\":\"Organization\",\"@id\":\"https:\\\/\\\/azimexprint.com\\\/hu\\\/#organization\",\"name\":\"Azimex Print\",\"alternateName\":\"Azimex\",\"url\":\"https:\\\/\\\/azimexprint.com\\\/hu\\\/\",\"logo\":{\"@type\":\"ImageObject\",\"inLanguage\":\"hu\",\"@id\":\"https:\\\/\\\/azimexprint.com\\\/hu\\\/#\\\/schema\\\/logo\\\/image\\\/\",\"url\":\"https:\\\/\\\/azimexprint.com\\\/wp-content\\\/uploads\\\/2022\\\/03\\\/Azimex-logo.png\",\"contentUrl\":\"https:\\\/\\\/azimexprint.com\\\/wp-content\\\/uploads\\\/2022\\\/03\\\/Azimex-logo.png\",\"width\":500,\"height\":142,\"caption\":\"Azimex Print\"},\"image\":{\"@id\":\"https:\\\/\\\/azimexprint.com\\\/hu\\\/#\\\/schema\\\/logo\\\/image\\\/\"}}]}<\/script>\n<!-- \/ Yoast SEO plugin. -->","yoast_head_json":{"title":"DOBOZGY\u00c1RT\u00c1S% % -% AzimexPrint%","description":"Karton doboz gy\u00e1rt\u00e1saA pap\u00edrdobozokkal val\u00f3 csomagol\u00e1s egyszer\u0171, praktikus \u00e9s biztons\u00e1gos - kiv\u00e1l\u00f3 v\u00e1laszt\u00e1s, ha egyszerre akarjuk v\u00e9deni \u00e9s vonz\u00f3an%","robots":{"index":"index","follow":"follow","max-snippet":"max-snippet:-1","max-image-preview":"max-image-preview:large","max-video-preview":"max-video-preview:-1"},"canonical":"https:\/\/azimexprint.com\/hu\/dobozgyartas\/","og_locale":"hu_HU","og_type":"article","og_title":"DOBOZGY\u00c1RT\u00c1S% % -% AzimexPrint%","og_description":"Karton doboz gy\u00e1rt\u00e1saA pap\u00edrdobozokkal val\u00f3 csomagol\u00e1s egyszer\u0171, praktikus \u00e9s biztons\u00e1gos - kiv\u00e1l\u00f3 v\u00e1laszt\u00e1s, ha egyszerre akarjuk v\u00e9deni \u00e9s vonz\u00f3an%","og_url":"https:\/\/azimexprint.com\/hu\/dobozgyartas\/","og_site_name":"AzimexPrint","article_modified_time":"2025-09-04T17:04:09+00:00","og_image":[{"width":1920,"height":2560,"url":"https:\/\/azimexprint.com\/wp-content\/uploads\/2025\/07\/IMG_8733-scaled.jpeg","type":"image\/jpeg"}],"twitter_card":"summary_large_image","twitter_misc":{"Becs\u00fclt olvas\u00e1si id\u0151":"1 perc"},"schema":{"@context":"https:\/\/schema.org","@graph":[{"@type":"WebPage","@id":"https:\/\/azimexprint.com\/hu\/dobozgyartas\/","url":"https:\/\/azimexprint.com\/hu\/dobozgyartas\/","name":"DOBOZGY\u00c1RT\u00c1S% % -% AzimexPrint%","isPartOf":{"@id":"https:\/\/azimexprint.com\/hu\/#website"},"primaryImageOfPage":{"@id":"https:\/\/azimexprint.com\/hu\/dobozgyartas\/#primaryimage"},"image":{"@id":"https:\/\/azimexprint.com\/hu\/dobozgyartas\/#primaryimage"},"thumbnailUrl":"https:\/\/azimexprint.com\/wp-content\/uploads\/2025\/07\/IMG_8733-scaled.jpeg","datePublished":"2025-05-06T07:52:26+00:00","dateModified":"2025-09-04T17:04:09+00:00","description":"Karton doboz gy\u00e1rt\u00e1saA pap\u00edrdobozokkal val\u00f3 csomagol\u00e1s egyszer\u0171, praktikus \u00e9s biztons\u00e1gos - kiv\u00e1l\u00f3 v\u00e1laszt\u00e1s, ha egyszerre akarjuk v\u00e9deni \u00e9s vonz\u00f3an%","breadcrumb":{"@id":"https:\/\/azimexprint.com\/hu\/dobozgyartas\/#breadcrumb"},"inLanguage":"hu","potentialAction":[{"@type":"ReadAction","target":["https:\/\/azimexprint.com\/hu\/dobozgyartas\/"]}]},{"@type":"ImageObject","inLanguage":"hu","@id":"https:\/\/azimexprint.com\/hu\/dobozgyartas\/#primaryimage","url":"https:\/\/azimexprint.com\/wp-content\/uploads\/2025\/07\/IMG_8733-scaled.jpeg","contentUrl":"https:\/\/azimexprint.com\/wp-content\/uploads\/2025\/07\/IMG_8733-scaled.jpeg"},{"@type":"BreadcrumbList","@id":"https:\/\/azimexprint.com\/hu\/dobozgyartas\/#breadcrumb","itemListElement":[{"@type":"ListItem","position":1,"name":"\u00c1ltal\u00e1nos inform\u00e1ci\u00f3k","item":"https:\/\/azimexprint.com\/hu\/"},{"@type":"ListItem","position":2,"name":"DOBOZGY\u00c1RT\u00c1S"}]},{"@type":"WebSite","@id":"https:\/\/azimexprint.com\/hu\/#website","url":"https:\/\/azimexprint.com\/hu\/","name":"Azimex Print","description":"Print","publisher":{"@id":"https:\/\/azimexprint.com\/hu\/#organization"},"alternateName":"Azimex","potentialAction":[{"@type":"SearchAction","target":{"@type":"EntryPoint","urlTemplate":"https:\/\/azimexprint.com\/hu\/?s={search_term_string}"},"query-input":{"@type":"PropertyValueSpecification","valueRequired":true,"valueName":"search_term_string"}}],"inLanguage":"hu"},{"@type":"Organization","@id":"https:\/\/azimexprint.com\/hu\/#organization","name":"Azimex Print","alternateName":"Azimex","url":"https:\/\/azimexprint.com\/hu\/","logo":{"@type":"ImageObject","inLanguage":"hu","@id":"https:\/\/azimexprint.com\/hu\/#\/schema\/logo\/image\/","url":"https:\/\/azimexprint.com\/wp-content\/uploads\/2022\/03\/Azimex-logo.png","contentUrl":"https:\/\/azimexprint.com\/wp-content\/uploads\/2022\/03\/Azimex-logo.png","width":500,"height":142,"caption":"Azimex Print"},"image":{"@id":"https:\/\/azimexprint.com\/hu\/#\/schema\/logo\/image\/"}}]}},"_links":{"self":[{"href":"https:\/\/azimexprint.com\/hu\/wp-json\/wp\/v2\/pages\/12770","targetHints":{"allow":["GET"]}}],"collection":[{"href":"https:\/\/azimexprint.com\/hu\/wp-json\/wp\/v2\/pages"}],"about":[{"href":"https:\/\/azimexprint.com\/hu\/wp-json\/wp\/v2\/types\/page"}],"author":[{"embeddable":true,"href":"https:\/\/azimexprint.com\/hu\/wp-json\/wp\/v2\/users\/1"}],"replies":[{"embeddable":true,"href":"https:\/\/azimexprint.com\/hu\/wp-json\/wp\/v2\/comments?post=12770"}],"version-history":[{"count":13,"href":"https:\/\/azimexprint.com\/hu\/wp-json\/wp\/v2\/pages\/12770\/revisions"}],"predecessor-version":[{"id":17176,"href":"https:\/\/azimexprint.com\/hu\/wp-json\/wp\/v2\/pages\/12770\/revisions\/17176"}],"wp:attachment":[{"href":"https:\/\/azimexprint.com\/hu\/wp-json\/wp\/v2\/media?parent=12770"}],"curies":[{"name":"wp","href":"https:\/\/api.w.org\/{rel}","templated":true}]}}